{"id":4756,"date":"2025-03-17T10:27:14","date_gmt":"2025-03-17T09:27:14","guid":{"rendered":"https:\/\/espectroglobal.es\/publico\/?page_id=4756"},"modified":"2025-12-19T09:33:15","modified_gmt":"2025-12-19T08:33:15","slug":"alcohol-y-esquizofrenia","status":"publish","type":"page","link":"https:\/\/espectroglobal.es\/publico\/alcohol-y-esquizofrenia\/","title":{"rendered":"Alcohol y esquizofrenia"},"content":{"rendered":"\n<div class=\"wp-block-rea-inpage-nav-rea-inpage-nav-block rea-inpage-nav-block front has-margin\"><div class=\"rea-inpage-nav-block__image\" style=\"background-image: url(https:\/\/espectroglobal.es\/publico\/wp-content\/uploads\/2019\/03\/wooden.png)\"><img decoding=\"async\" class=\"inpage-nav-background\" alt=\"\" src=\"https:\/\/espectroglobal.es\/publico\/wp-content\/uploads\/2019\/03\/wooden.png\"><\/div><div class=\"rea-inpage-nav-block__content\"><div class=\"rea-inpage-nav-block__content--wrapper\"><div class=\"text-wrapper\"><h2 class=\"inpage-nav-title\">Alcohol y esquizofrenia<\/h2><ul class=\"inpage-nav-list\"><li><\/ul><\/div><div class=\"section-nav\"><h4 class=\"section-nav--title\">En esta secci\u00f3n<\/h4><div class=\"section-nav--nav-items js-inpage-nav-items\"><\/div><\/div><\/div><\/div><\/div>\n\n\n\n<div class=\"wp-block-rea-illustration-rea-illustration-block rea-illustration-block front\"><img class=\"illustration-bg\" alt=\"\"><div class=\"rea-illustration-block__content\"><div class=\"rea-illustration-block__image image-wrapper\"><a href=\"https:\/\/espectroglobal.es\/publico\/wp-content\/uploads\/2025\/03\/SchizophreniaLife_Public_Article_2_Alcohol_immagine.webp\" rel=\"noopener noreferrer\" target=\"_blank\" class=\"\"><img decoding=\"async\" class=\"illustration left\" alt=\"\" src=\"https:\/\/espectroglobal.es\/publico\/wp-content\/uploads\/2025\/03\/SchizophreniaLife_Public_Article_2_Alcohol_immagine.webp\" style=\"max-width: 72%\"><img decoding=\"async\" class=\"rea-mobile illustration-mobile\" alt=\"\" src=\"https:\/\/espectroglobal.es\/publico\/wp-content\/uploads\/2025\/03\/SchizophreniaLife_Public_Article_2_Alcohol_immagine.webp\"><\/a><\/div><p class=\"rea-site__caption caption-text align-left\"><\/p><\/div><\/div>\n\n\n\n<div class=\"wp-block-rea-title-rea-title-block rea-title-block front\"><div class=\"rea-title-block__content\"><h3 id=\"cunto-alcohol-es-demasiado\" class=\"content-title \">\u00bfCu\u00e1nto alcohol es demasiado?<\/h3><h4 class=\"content-subtitle rea-hidden\"><\/h4><\/div><\/div>\n\n\n\n<div class=\"wp-block-rea-paragraph-rea-paragraph-block rea-paragraph-block front\"><div class=\"rea-paragraph-block__content\"><p class=\"content-text\">En general, se acepta que beber no m\u00e1s de 14 unidades de alcohol por semana, distribuidas en varios d\u00edas, se asocia con el menor riesgo para la salud.<sup>2,3<\/sup> No existe un l\u00edmite de alcohol completamente seguro,<sup>4<\/sup> sin embargo, y aunque las personas que beben m\u00e1s que esto de manera regular no necesariamente tienen un problema con el alcohol, se est\u00e1n poniendo en mayor riesgo de desarrollar problemas de salud cr\u00f3nicos.<sup>5<\/sup><br><br><strong>\u00bfQu\u00e9 es una unidad de alcohol?<\/strong><\/p><\/div><\/div>\n\n\n\n<div class=\"wp-block-rea-list-rea-list-block rea-list-block front\"><div class=\"rea-list-block__wrapper\"><div class=\"list-unordered list\"><p>Una unidad de alcohol equivale a 10 ml u 8 g de alcohol puro.\u00b2<\/p><p>Es la cantidad que una persona promedio puede procesar en una hora.\u00b2<\/p><p>La cantidad de unidades en una bebida depende de su graduaci\u00f3n alcoh\u00f3lica (alcohol por volumen o ABV), as\u00ed como de su tama\u00f1o (p. ej., un vaso o una pinta).\u00b2<\/p><p>Las se\u00f1ales de que alguien puede estar bebiendo demasiado y haber desarrollado un trastorno por consumo de alcohol incluyen:\u00b3<sup>,\u00a06<\/sup><\/p><p>Pensar en el alcohol constantemente y planificar el d\u00eda en torno a una copa.<\/p><p>Sentir la necesidad de beber y tener dificultades para parar una vez que empieza.<\/p><p>Sentir la necesidad de beber al despertarse o poco despu\u00e9s.<\/p><p>Presentar s\u00edntomas de abstinencia, como temblores, sudoraci\u00f3n o n\u00e1useas, que desaparecen despu\u00e9s de consumir una bebida alcoh\u00f3lica.<\/p><\/div><\/div><\/div>\n\n\n\n<div class=\"wp-block-rea-separator-rea-separator-block rea-separator-block front\"><div class=\"rea-separator-block__content\"><hr class=\"rea-separator-block__separator\"><\/div><\/div>\n\n\n\n<div class=\"wp-block-rea-title-rea-title-block rea-title-block front\"><div class=\"rea-title-block__content\"><h3 id=\"trastorno-por-consumo-de-alcohol-y-esquizofrenia\" class=\"content-title \">Trastorno por consumo de alcohol y esquizofrenia<\/h3><h4 class=\"content-subtitle rea-hidden\"><\/h4><\/div><\/div>\n\n\n\n<div class=\"wp-block-rea-paragraph-rea-paragraph-block rea-paragraph-block front\"><div class=\"rea-paragraph-block__content\"><p class=\"content-text\">El trastorno por consumo de alcohol es una afecci\u00f3n en la que el consumo de alcohol causa angustia o da\u00f1o indebidos al individuo o a otras personas.<sup>6.7<\/sup> Puede describirse como leve, moderado o grave, seg\u00fan la importancia del alcohol para el individuo<sup>.6,7<\/sup><br><br>Es una afecci\u00f3n que puede afectar hasta a una cuarta parte de las personas con esquizofrenia en alg\u00fan momento de su enfermedad. Estudios demuestran que las personas diagnosticadas con trastorno psic\u00f3tico tienen tres veces m\u00e1s probabilidades de ser bebedoras empedernidas que la poblaci\u00f3n general.<sup>1<\/sup><br><br>Independientemente de cu\u00e1ntas personas con esquizofrenia puedan verse afectadas, lo importante es el efecto perjudicial que el trastorno por consumo de alcohol puede tener en el individuo.1 El alcohol no solo puede aumentar el riesgo de s\u00edntomas psic\u00f3ticos, depresi\u00f3n y suicidio, sino tambi\u00e9n el riesgo de problemas f\u00edsicos cr\u00f3nicos, hospitalizaci\u00f3n, agresi\u00f3n, violencia e incluso posible encarcelamiento si no se controla.<sup>1,8<\/sup><\/p><\/div><\/div>\n\n\n\n<div class=\"wp-block-rea-separator-rea-separator-block rea-separator-block front\"><div class=\"rea-separator-block__content\"><hr class=\"rea-separator-block__separator\"><\/div><\/div>\n\n\n\n<div class=\"wp-block-rea-title-rea-title-block rea-title-block front\"><div class=\"rea-title-block__content\"><h3 id=\"alcohol-y-antipsicticos-no-son-una-buena-combinacin\" class=\"content-title \">Alcohol y antipsic\u00f3ticos: no son una buena combinaci\u00f3n<\/h3><h4 class=\"content-subtitle rea-hidden\"><\/h4><\/div><\/div>\n\n\n\n<div class=\"wp-block-rea-paragraph-rea-paragraph-block rea-paragraph-block front\"><div class=\"rea-paragraph-block__content\"><p class=\"content-text\">El alcohol puede afectar la eficacia de estos medicamentos, aumentando la posibilidad de efectos secundarios como:<sup>9<\/sup><\/p><\/div><\/div>\n\n\n\n<div class=\"wp-block-rea-list-rea-list-block rea-list-block front\"><div class=\"rea-list-block__wrapper\"><div class=\"list-unordered list\"><p>Somnolencia<\/p><p>Mareos<\/p><p>Dificultad para concentrarse<\/p><p>Dificultad para pensar o juzgar.<\/p><\/div><\/div><\/div>\n\n\n\n<div class=\"wp-block-rea-separator-rea-separator-block rea-separator-block front\"><div class=\"rea-separator-block__content\"><hr class=\"rea-separator-block__separator\"><\/div><\/div>\n\n\n\n<div class=\"wp-block-rea-title-rea-title-block rea-title-block front\"><div class=\"rea-title-block__content\"><h3 id=\"por-qu-algunas-personas-con-esquizofrenia-beben-demasiado\" class=\"content-title \">\u00bfPor qu\u00e9 algunas personas con esquizofrenia beben demasiado?<\/h3><h4 class=\"content-subtitle rea-hidden\"><\/h4><\/div><\/div>\n\n\n\n<div class=\"wp-block-rea-paragraph-rea-paragraph-block rea-paragraph-block front\"><div class=\"rea-paragraph-block__content\"><p class=\"content-text\">Existen algunas teor\u00edas sobre por qu\u00e9 las personas con esquizofrenia pueden sentirse m\u00e1s obligadas a beber que otras.<sup>1,8<\/sup> Una idea popular es que las personas se automedican e intentan lidiar con sus s\u00edntomas psic\u00f3ticos mitig\u00e1ndolos,<sup>8<\/sup> aunque no hay suficiente evidencia que lo respalde.<sup>1<\/sup><br><br>Otra teor\u00eda es que las personas con esquizofrenia no pueden evitar beber, ya que se debe a su gen\u00e9tica.<sup>1<\/sup> Curiosamente, investigaciones recientes han demostrado que existe un factor gen\u00e9tico llamado factor neurotr\u00f3fico derivado del cerebro (BDNF) que podr\u00eda estar relacionado con la coexistencia del trastorno por consumo de alcohol en personas con esquizofrenia.<sup>1<\/sup><br><br>Sea cual sea el motivo, encontrar una manera de ayudar a las personas con esquizofrenia a moderar su consumo de alcohol es importante tanto para prevenir el desarrollo del trastorno por consumo de alcohol como para mejorar su salud general.<\/p><\/div><\/div>\n\n\n\n<div class=\"wp-block-rea-separator-rea-separator-block rea-separator-block front\"><div class=\"rea-separator-block__content\"><hr class=\"rea-separator-block__separator\"><\/div><\/div>\n\n\n\n<div class=\"wp-block-rea-title-rea-title-block rea-title-block front\"><div class=\"rea-title-block__content\"><h3 id=\"strongcmo-se-puede-gestionar-el-consumo-problemtico-de-alcoholstrong\" class=\"content-title \"><strong>\u00bfC\u00f3mo se puede gestionar el consumo problem\u00e1tico de alcohol?<\/strong><\/h3><h4 class=\"content-subtitle rea-hidden\"><\/h4><\/div><\/div>\n\n\n\n<div class=\"wp-block-rea-paragraph-rea-paragraph-block rea-paragraph-block front\"><div class=\"rea-paragraph-block__content\"><p class=\"content-text\">El primer paso para gestionar el consumo problem\u00e1tico de alcohol es quiz\u00e1s obvio: reconocer que se necesita ayuda.<sup>8<\/sup> Dependiendo de la gravedad del consumo, puede ser beneficioso hablar con un m\u00e9dico de familia, un equipo de salud mental comunitario o un psiquiatra.<sup>8<\/sup> Cabe destacar que, si bien existen grupos de apoyo espec\u00edficos para problemas relacionados con el alcohol, el enfoque puede ser bastante confrontativo, lo cual podr\u00eda no ser adecuado para personas con esquizofrenia.<sup>8<\/sup><br><br>Algunos enfoques para tratar a personas con trastorno por consumo de alcohol incluyen la desintoxicaci\u00f3n y la abstinencia, as\u00ed como el asesoramiento psicol\u00f3gico.<sup>10<\/sup> Tambi\u00e9n existen medicamentos orales e inyectables que pueden usarse para tratar y prevenir un mayor abuso de alcohol; estos funcionan eliminando el placer que se obtiene al beber alcohol o haciendo que la persona se sienta mal al consumirlo.<sup>8,10<\/sup><br><br>Puede ser necesaria una combinaci\u00f3n de enfoques para ayudar a una persona que convive con esquizofrenia y trastorno por consumo de alcohol,<sup>1<\/sup> junto con apoyo continuo.<sup>10<\/sup><\/p><\/div><\/div>\n\n\n\n<div class=\"wp-block-rea-separator-rea-separator-block rea-separator-block front\"><div class=\"rea-separator-block__content\"><hr class=\"rea-separator-block__separator\"><\/div><\/div>\n\n\n\n<div class=\"wp-block-rea-references-rea-references-block rea-references-block front\"><div class=\"rea-references-block__references\"><p class=\"references-title\">References<\/p><ol class=\"references-list\"><li>Archibald L, Brunette MF, Wallin DJ, Greena AI.\u00a0<a href=\"https:\/\/pmc.ncbi.nlm.nih.gov\/articles\/PMC6927747\/\" target=\"_blank\" rel=\"noreferrer noopener nofollow\">Alcohol use disorder and schizophrenia or schizoaffective disorder<\/a>.\u00a0<em>Alcohol Res<\/em>. 2019;40(1):arcr.v40.1.06.<\/li><li>NHS.\u00a0<a href=\"https:\/\/www.nhs.uk\/live-well\/alcohol-advice\/calculating-alcohol-units\/\" target=\"_blank\" rel=\"noreferrer noopener nofollow\">Alcohol units.<\/a>\u00a0Accessed December 2021.<\/li><li>Drink aware.\u00a0<a href=\"https:\/\/www.drinkaware.co.uk\/facts\/health-effects-of-alcohol\/mental-health\/alcohol-dependence\" target=\"_blank\" rel=\"noreferrer noopener nofollow\">Alcohol dependence and withdrawal<\/a>. Accessed December 2021.\u00a0<\/li><li>Frank.\u00a0<a href=\"https:\/\/www.talktofrank.com\/drug\/alcohol\" target=\"_blank\" rel=\"noreferrer noopener nofollow\">Alcohol<\/a>. Accessed December 2021.<\/li><li>World Health Organization.\u00a0<a href=\"https:\/\/www.who.int\/news-room\/fact-sheets\/detail\/alcohol\" target=\"_blank\" rel=\"noreferrer noopener nofollow\">Alcohol<\/a>. Accessed December 2021.<\/li><li>National Institute on Alcohol Abuse and Alcoholism.\u00a0<a href=\"https:\/\/www.niaaa.nih.gov\/publications\/brochures-and-fact-sheets\/understanding-alcohol-use-disorder\" target=\"_blank\" rel=\"noreferrer noopener nofollow\">Understanding alcohol use disorder<\/a>. April 2021.<\/li><li>MedinePlus.\u00a0<a href=\"https:\/\/medlineplus.gov\/alcoholusedisorderaud.html\" target=\"_blank\" rel=\"noreferrer noopener nofollow\">Alcohol use disorder (AUD)<\/a>. Accessed December 2021<\/li><li>Living with Schizophrenia.\u00a0<a href=\"https:\/\/livingwithschizophreniauk.org\/information-sheets\/schizophrenia-and-alcohol\/\" target=\"_blank\" rel=\"noreferrer noopener nofollow\">Schizophrenia and alcohol<\/a>. January 2016.\u00a0<\/li><li>Drugs.com.\u00a0<a href=\"https:\/\/schizophrenia.life\/public\/alcohol-and-schizophrenia\/\" rel=\"nofollow noopener\" target=\"_blank\">Antipsychotic medications and alcohol interactions<\/a>. November 2019.<\/li><li>Mayo Clinic.\u00a0<a href=\"https:\/\/www.mayoclinic.org\/diseases-conditions\/alcohol-use-disorder\/diagnosis-treatment\/drc-20369250\" target=\"_blank\" rel=\"noreferrer noopener nofollow\">Alcohol use disorder<\/a>. Accessed December 2021.<\/li><\/ol><\/div><\/div>\n\n\n\n\n","protected":false},"excerpt":{"rendered":"","protected":false},"author":14,"featured_media":4714,"parent":0,"menu_order":0,"comment_status":"closed","ping_status":"closed","template":"page-fullwidth.php","meta":{"_acf_changed":false,"rea_page_title_signed_in_meta_block_field":"Alcohol y esquizofrenia","rea_page_title_signed_out_meta_block_field":"Alcohol y esquizofrenia","rea_page_description_signed_in_meta_block_field":"En general, se acepta que beber no m\u00e1s de 14 unidades de alcohol por semana, distribuidas en varios d\u00edas, se asocia con el menor riesgo para la salud.2,3 No existe un l\u00edmite de alcohol completamente seguro,4 sin embargo, y aunque las personas que beben m\u00e1s que esto de manera regular no necesariamente tienen un problema con el alcohol, se est\u00e1n poniendo en mayor riesgo de desarrollar problemas de salud cr\u00f3nicos.5","rea_page_description_signed_out_meta_block_field":"En general, se acepta que beber no m\u00e1s de 14 unidades de alcohol por semana, distribuidas en varios d\u00edas, se asocia con el menor riesgo para la salud.2,3 No existe un l\u00edmite de alcohol completamente seguro,4 sin embargo, y aunque las personas que beben m\u00e1s que esto de manera regular no necesariamente tienen un problema con el alcohol, se est\u00e1n poniendo en mayor riesgo de desarrollar problemas de salud cr\u00f3nicos.5","rea_page_footer_id_meta_block_field":"","rea_page_footer_date_meta_block_field":"","footnotes":""},"class_list":["post-4756","page","type-page","status-publish","has-post-thumbnail","hentry"],"acf":[],"_links":{"self":[{"href":"https:\/\/espectroglobal.es\/publico\/wp-json\/wp\/v2\/pages\/4756","targetHints":{"allow":["GET"]}}],"collection":[{"href":"https:\/\/espectroglobal.es\/publico\/wp-json\/wp\/v2\/pages"}],"about":[{"href":"https:\/\/espectroglobal.es\/publico\/wp-json\/wp\/v2\/types\/page"}],"author":[{"embeddable":true,"href":"https:\/\/espectroglobal.es\/publico\/wp-json\/wp\/v2\/users\/14"}],"replies":[{"embeddable":true,"href":"https:\/\/espectroglobal.es\/publico\/wp-json\/wp\/v2\/comments?post=4756"}],"version-history":[{"count":6,"href":"https:\/\/espectroglobal.es\/publico\/wp-json\/wp\/v2\/pages\/4756\/revisions"}],"predecessor-version":[{"id":4892,"href":"https:\/\/espectroglobal.es\/publico\/wp-json\/wp\/v2\/pages\/4756\/revisions\/4892"}],"wp:featuredmedia":[{"embeddable":true,"href":"https:\/\/espectroglobal.es\/publico\/wp-json\/wp\/v2\/media\/4714"}],"wp:attachment":[{"href":"https:\/\/espectroglobal.es\/publico\/wp-json\/wp\/v2\/media?parent=4756"}],"curies":[{"name":"wp","href":"https:\/\/api.w.org\/{rel}","templated":true}]}}