{"id":4748,"date":"2025-03-17T10:22:44","date_gmt":"2025-03-17T09:22:44","guid":{"rendered":"https:\/\/espectroglobal.es\/publico\/?page_id=4748"},"modified":"2025-12-19T09:33:16","modified_gmt":"2025-12-19T08:33:16","slug":"consumo-de-drogas-ilicitas-y-esquizofrenia","status":"publish","type":"page","link":"https:\/\/espectroglobal.es\/publico\/consumo-de-drogas-ilicitas-y-esquizofrenia\/","title":{"rendered":"Consumo de drogas il\u00edcitas y esquizofrenia"},"content":{"rendered":"\n<div class=\"wp-block-rea-inpage-nav-rea-inpage-nav-block rea-inpage-nav-block front has-margin\"><div class=\"rea-inpage-nav-block__image\" style=\"background-image: url(https:\/\/espectroglobal.es\/publico\/wp-content\/uploads\/2019\/03\/wooden.png)\"><img decoding=\"async\" class=\"inpage-nav-background\" alt=\"\" src=\"https:\/\/espectroglobal.es\/publico\/wp-content\/uploads\/2019\/03\/wooden.png\"><\/div><div class=\"rea-inpage-nav-block__content\"><div class=\"rea-inpage-nav-block__content--wrapper\"><div class=\"text-wrapper\"><h2 class=\"inpage-nav-title\">Consumo de drogas il\u00edcitas y esquizofrenia<\/h2><ul class=\"inpage-nav-list\"><li><\/ul><\/div><div class=\"section-nav\"><h4 class=\"section-nav--title\">En esta secci\u00f3n<\/h4><div class=\"section-nav--nav-items js-inpage-nav-items\"><\/div><\/div><\/div><\/div><\/div>\n\n\n\n<div class=\"wp-block-rea-illustration-rea-illustration-block rea-illustration-block front\"><img class=\"illustration-bg\" alt=\"\"><div class=\"rea-illustration-block__content\"><div class=\"rea-illustration-block__image image-wrapper\"><a href=\"https:\/\/espectroglobal.es\/publico\/wp-content\/uploads\/2025\/03\/Drugs.webp\" rel=\"noopener noreferrer\" target=\"_blank\" class=\"\"><img decoding=\"async\" class=\"illustration left\" alt=\"\" src=\"https:\/\/espectroglobal.es\/publico\/wp-content\/uploads\/2025\/03\/Drugs.webp\" style=\"max-width: 72%\"><img decoding=\"async\" class=\"rea-mobile illustration-mobile\" alt=\"\" src=\"https:\/\/espectroglobal.es\/publico\/wp-content\/uploads\/2025\/03\/Drugs.webp\"><\/a><\/div><p class=\"rea-site__caption caption-text align-left\"><\/p><\/div><\/div>\n\n\n\n<div class=\"wp-block-rea-paragraph-rea-paragraph-block rea-paragraph-block front\"><div class=\"rea-paragraph-block__content\"><p class=\"content-text\">El uso de drogas no legalizadas o il\u00edcitas es com\u00fan entre personas con esquizofrenia y puede ser problem\u00e1tico ya que puede empeorar la evoluci\u00f3n de la enfermedad.1 En este art\u00edculo, se examina el v\u00ednculo entre la esquizofrenia y el uso de drogas il\u00edcitas y se destacar\u00e1 por qu\u00e9 las personas con esquizofrenia pueden ser m\u00e1s propensas al consumo de drogas que la poblaci\u00f3n general y c\u00f3mo ayudar a quienes pueden tener un problema.<\/p><\/div><\/div>\n\n\n\n<div class=\"wp-block-rea-separator-rea-separator-block rea-separator-block front\"><div class=\"rea-separator-block__content\"><hr class=\"rea-separator-block__separator\"><\/div><\/div>\n\n\n\n<div class=\"wp-block-rea-title-rea-title-block rea-title-block front\"><div class=\"rea-title-block__content\"><h3 id=\"qu-tan-comn-es-el-consumo-de-drogas-ilcitas-en-la-esquizofrenia\" class=\"content-title \">\u00bfQu\u00e9 tan com\u00fan es el consumo de drogas il\u00edcitas en la esquizofrenia?<\/h3><h4 class=\"content-subtitle rea-hidden\"><\/h4><\/div><\/div>\n\n\n\n<div class=\"wp-block-rea-paragraph-rea-paragraph-block rea-paragraph-block front\"><div class=\"rea-paragraph-block__content\"><p class=\"content-text\">Ya sea por drogas, <a href=\"https:\/\/espectroglobal.es\/publico\/alcohol-y-esquizofrenia\/\" data-type=\"page\" data-id=\"4756\">alcohol <\/a>o <a href=\"https:\/\/espectroglobal.es\/publico\/esquizofrenia-y-tabaquismo\/\" data-type=\"page\" data-id=\"4745\">tabaco<\/a>, se estima que una de cada cuatro personas con esquizofrenia tendr\u00e1 al menos un problema con el consumo de sustancias en alg\u00fan momento de su vida.\u00b9 Esto es al menos tres veces m\u00e1s alto que en la poblaci\u00f3n general.\u00b9,\u00b2<br>Cabe destacar que las tasas de consumo de drogas y otras sustancias son generalmente el doble en hombres que en mujeres con esquizofrenia,\u00b9 con tasas particularmente altas observadas en hombres j\u00f3venes alrededor del momento en que experimentan el primer episodio de psicosis.\u00b3,\u00b9<\/p><\/div><\/div>\n\n\n\n<div class=\"wp-block-rea-separator-rea-separator-block rea-separator-block front\"><div class=\"rea-separator-block__content\"><hr class=\"rea-separator-block__separator\"><\/div><\/div>\n\n\n\n<div class=\"wp-block-rea-title-rea-title-block rea-title-block front\"><div class=\"rea-title-block__content\"><h3 id=\"qu-tipos-de-drogas-ilcitas-son-las-ms-consumidas\" class=\"content-title \">\u00bfQu\u00e9 tipos de drogas il\u00edcitas son las m\u00e1s consumidas?<\/h3><h4 class=\"content-subtitle rea-hidden\"><\/h4><\/div><\/div>\n\n\n\n<div class=\"wp-block-rea-paragraph-rea-paragraph-block rea-paragraph-block front\"><div class=\"rea-paragraph-block__content\"><p class=\"content-text\">Las drogas m\u00e1s com\u00fanmente consumidas por las personas con esquizofrenia son el cannabis (que se encuentra en la marihuana y el hach\u00eds) y la coca\u00edna.1,2<\/p><\/div><\/div>\n\n\n\n<div class=\"wp-block-rea-list-rea-list-block rea-list-block front\"><div class=\"rea-list-block__wrapper\"><div class=\"list-unordered list\"><p>El n\u00famero de personas con esquizofrenia que tendr\u00e1n un problema con el consumo de cannabis oscila entre el 17 % y el 83 %.\u00b9<\/p><p>Las tasas de consumo problem\u00e1tico de coca\u00edna a lo largo de la vida son m\u00e1s bajas, comenzando en torno al 15 %, pero pueden alcanzar el 50 %.\u00b9<\/p><\/div><\/div><\/div>\n\n\n\n<div class=\"wp-block-rea-paragraph-rea-paragraph-block rea-paragraph-block front\"><div class=\"rea-paragraph-block__content\"><p class=\"content-text\">Es importante destacar que el consumo de drogas a menudo ocurre junto con otros trastornos por consumo de sustancias.<sup>1<\/sup> En un gran estudio epidemiol\u00f3gico, por ejemplo, se demostr\u00f3 que el 47% de las personas con esquizofrenia ten\u00edan un problema con las drogas y el alcohol, en comparaci\u00f3n con menos de una quinta parte de las personas que no ten\u00edan una enfermedad mental.<sup>1<\/sup><\/p><\/div><\/div>\n\n\n\n<div class=\"wp-block-rea-separator-rea-separator-block rea-separator-block front\"><div class=\"rea-separator-block__content\"><hr class=\"rea-separator-block__separator\"><\/div><\/div>\n\n\n\n<div class=\"wp-block-rea-title-rea-title-block rea-title-block front\"><div class=\"rea-title-block__content\"><h3 id=\"por-qu-es-importante-el-consumo-de-drogas-ilcitas\" class=\"content-title \">\u00bfPor qu\u00e9 es importante el consumo de drogas il\u00edcitas?<\/h3><h4 class=\"content-subtitle rea-hidden\"><\/h4><\/div><\/div>\n\n\n\n<div class=\"wp-block-rea-paragraph-rea-paragraph-block rea-paragraph-block front\"><div class=\"rea-paragraph-block__content\"><p class=\"content-text\">El consumo de drogas il\u00edcitas es importante, ya que puede afectar el <a href=\"https:\/\/espectroglobal.es\/publico\/como-afecta-la-esquizofrenia-a-la-funcionalidad\/\" data-type=\"page\" data-id=\"2241\">funcionamiento de la vida cotidiana<\/a> de una persona con esquizofrenia.<sup>1<\/sup> El consumo de drogas, especialmente si coexiste con otros trastornos por consumo de sustancias, se ha relacionado no solo con no tomar los medicamentos correctamente o no cumplir con los programas de tratamiento prescritos, sino tambi\u00e9n con peores resultados cl\u00ednicos, altas tasas de reca\u00edda y la necesidad de tratamiento hospitalario repetido.<sup>1<\/sup> La coexistencia de trastornos por consumo de sustancias tambi\u00e9n se ha relacionado con altas tasas de violencia (que pueden llevar a arrestos y encarcelamientos) y un mayor riesgo de suicidio.<sup>1<\/sup> Luego tambi\u00e9n hay que considerar el costo financiero del h\u00e1bito de las drogas, que puede tener un impacto significativo en una persona con esquizofrenia que ya puede tener dificultades para administrar el dinero y las deudas.<sup>5<\/sup><\/p><\/div><\/div>\n\n\n\n<div class=\"wp-block-rea-separator-rea-separator-block rea-separator-block front\"><div class=\"rea-separator-block__content\"><hr class=\"rea-separator-block__separator\"><\/div><\/div>\n\n\n\n<div class=\"wp-block-rea-title-rea-title-block rea-title-block front\"><div class=\"rea-title-block__content\"><h3 id=\"qu-viene-primero-el-consumo-de-drogas-o-la-esquizofrenia\" class=\"content-title \">\u00bfQu\u00e9 viene primero: el consumo de drogas o la esquizofrenia?<\/h3><h4 class=\"content-subtitle rea-hidden\"><\/h4><\/div><\/div>\n\n\n\n<div class=\"wp-block-rea-paragraph-rea-paragraph-block rea-paragraph-block front\"><div class=\"rea-paragraph-block__content\"><p class=\"content-text\">Entonces, \u00bfpueden las drogas causar esquizofrenia? Existe una variedad de sustancias que pueden inducir una psicosis similar a la esquizofrenia8, incluyendo el cannabis, que es la droga m\u00e1s com\u00fanmente consumida entre las personas con esquizofrenia.<sup>1<\/sup> Existe evidencia adicional de que el consumo de drogas puede preceder al desarrollo de la esquizofrenia en algunos casos.<sup>1<\/sup> Es posible que el consumo de drogas, especialmente si comienza a una edad temprana, cuando el cerebro a\u00fan se est\u00e1 desarrollando, pueda producir cambios en las estructuras cerebrales y su funcionamiento que podr\u00edan derivar en una enfermedad mental en personas susceptibles.<sup>6, 7<\/sup><br><br>Adem\u00e1s, los datos muestran que las personas que experimentan psicosis como resultado del consumo de drogas tienen mayor probabilidad de desarrollar esquizofrenia que quienes no las consumen.<sup>8<\/sup> En una amplia evaluaci\u00f3n de m\u00faltiples estudios, alrededor de un tercio de las personas que consumieron cannabis, una cuarta parte de las que consumieron drogas alucin\u00f3genas y una quinta parte de las que hab\u00edan consumido anfetaminas y tuvieron episodios psic\u00f3ticos fueron diagnosticadas posteriormente con esquizofrenia.<sup>8<\/sup><br><br>Por el contrario, tambi\u00e9n existe evidencia de que las personas con esquizofrenia pueden ser m\u00e1s vulnerables a desarrollar una adicci\u00f3n a las drogas que otros<sup>.9<\/sup> De hecho, los datos muestran que, en comparaci\u00f3n con ninguna enfermedad mental, la esquizofrenia se asocia con un riesgo tres veces y media mayor de tener un trastorno por consumo de sustancias en general, y m\u00e1s del doble de probabilidades de tener un trastorno por consumo de cannabis.9 Es importante destacar que el riesgo de desarrollar un trastorno por consumo de sustancias parece permanecer unos 10 a 15 a\u00f1os despu\u00e9s de haber sido diagnosticado con esquizofrenia.<sup>9<\/sup><\/p><\/div><\/div>\n\n\n\n<div class=\"wp-block-rea-separator-rea-separator-block rea-separator-block front\"><div class=\"rea-separator-block__content\"><hr class=\"rea-separator-block__separator\"><\/div><\/div>\n\n\n\n<div class=\"wp-block-rea-title-rea-title-block rea-title-block front\"><div class=\"rea-title-block__content\"><h3 id=\"seales-que-indican-que-alguien-podra-tener-problemas-con-el-consumo-de-drogas\" class=\"content-title \">Se\u00f1ales que indican que alguien podr\u00eda tener problemas con el consumo de drogas<\/h3><h4 class=\"content-subtitle rea-hidden\"><\/h4><\/div><\/div>\n\n\n\n<div class=\"wp-block-rea-paragraph-rea-paragraph-block rea-paragraph-block front\"><div class=\"rea-paragraph-block__content\"><p class=\"content-text\">\u00bfC\u00f3mo se puede saber si una persona con esquizofrenia podr\u00eda tener un problema de consumo de drogas? Puede ser dif\u00edcil de detectar, ya que algunos signos, como el aislamiento social, el abandono personal o los cambios en el comportamiento o la concentraci\u00f3n, podr\u00edan confundirse con los <a href=\"https:\/\/espectroglobal.es\/publico\/sintomas\/\" data-type=\"page\" data-id=\"2221\">s\u00edntomas de la esquizofrenia<\/a>.<sup> 7.11<\/sup><br><br>Algunos aspectos a tener en cuenta incluyen:<\/p><\/div><\/div>\n\n\n\n<div class=\"wp-block-rea-list-rea-list-block rea-list-block front\"><div class=\"rea-list-block__wrapper\"><div class=\"list-unordered list\"><p>Comportamiento inusual o cambios en el comportamiento normal, como falta de inter\u00e9s en sus actividades favoritas o cambios bruscos de humor.<\/p><p>Mostrarse reservado o reacio a hablar de cosas.<\/p><p>Alteraci\u00f3n en los patrones de sue\u00f1o o alimentaci\u00f3n, especialmente en horarios inusuales.<\/p><p>Faltar a citas y eventos importantes.<\/p><p>Problemas en la escuela o el trabajo.<\/p><p>Problemas econ\u00f3micos repentinos y solicitud de pr\u00e9stamos.<\/p><p>Problemas con familiares y amigos.<\/p><\/div><\/div><\/div>\n\n\n\n<div class=\"wp-block-rea-separator-rea-separator-block rea-separator-block front\"><div class=\"rea-separator-block__content\"><hr class=\"rea-separator-block__separator\"><\/div><\/div>\n\n\n\n<div class=\"wp-block-rea-title-rea-title-block rea-title-block front\"><div class=\"rea-title-block__content\"><h3 id=\"obtener-ayuda\" class=\"content-title \">Obtener ayuda<\/h3><h4 class=\"content-subtitle rea-hidden\"><\/h4><\/div><\/div>\n\n\n\n<div class=\"wp-block-rea-paragraph-rea-paragraph-block rea-paragraph-block front\"><div class=\"rea-paragraph-block__content\"><p class=\"content-text\">Si le preocupa su propio consumo de drogas o el de un ser querido, hable con un profesional de la salud sobre sus inquietudes. Si bien existen servicios an\u00f3nimos y confidenciales para ayudar a las personas con adicci\u00f3n a las drogas en general, las personas con esquizofrenia pueden requerir asesoramiento m\u00e1s especializado, que solo un profesional de la salud especializado en salud mental puede brindar.<sup>11<\/sup><br><br>Recuerde que los profesionales de la salud tienen la obligaci\u00f3n de tratar toda la informaci\u00f3n proporcionada con la m\u00e1xima confidencialidad y podr\u00e1n derivarle a los servicios adecuados para su situaci\u00f3n.<sup>11<\/sup><br><br>Algunos enfoques recomendados para abordar el consumo de drogas en personas con esquizofrenia incluyen:<sup>11<\/sup><\/p><\/div><\/div>\n\n\n\n<div class=\"wp-block-rea-list-rea-list-block rea-list-block front\"><div class=\"rea-list-block__wrapper\"><div class=\"list-unordered list\"><p>Animar a la persona a hablar sobre su consumo de drogas sin prejuicios.<\/p><p>Asegurarle que no habr\u00e1 repercusiones por revelar informaci\u00f3n sobre su consumo de drogas.<\/p><p>Asegurarse de que la esquizofrenia est\u00e9 recibiendo el <a href=\"https:\/\/espectroglobal.es\/publico\/tratamiento-y-remision\/\" data-type=\"page\" data-id=\"2255\">tratamiento adecuado<\/a> (p. ej., con antipsic\u00f3ticos).<\/p><p>Ofrecer terapia junto con la medicaci\u00f3n para la esquizofrenia.<\/p><p>Ayudar a la persona a abordar el consumo de otras sustancias, ayud\u00e1ndola a reducir o <a href=\"https:\/\/espectroglobal.es\/publico\/alcohol-y-esquizofrenia\/\" data-type=\"page\" data-id=\"4756\">suspender el consumo de alcohol<\/a> o a <a href=\"https:\/\/espectroglobal.es\/publico\/esquizofrenia-y-tabaquismo\/\" data-type=\"page\" data-id=\"4745\">dejar de fumar<\/a>.<\/p><\/div><\/div><\/div>\n\n\n\n<div class=\"wp-block-rea-references-rea-references-block rea-references-block front\"><div class=\"rea-references-block__references\"><p class=\"references-title\">References title<\/p><ol class=\"references-list\"><li>Hunt GE, Large MM, Cleary M,\u00a0<em>et al.<\/em>\u00a0<a href=\"https:\/\/www.sciencedirect.com\/science\/article\/abs\/pii\/S0376871618304587?via%3Dihub\" target=\"_blank\" rel=\"noreferrer noopener nofollow\">Prevalence of comorbid substance use in schizophrenia spectrum disorders in community and clinical settings, 1990-2017: Systematic review and meta-analysis<\/a>.\u00a0<em>Drug Alcohol Depend.<\/em>\u00a02018;<strong>191:<\/strong>234\u201358.<\/li><li>Khokhar, JY, Dweil L, Henricks A,\u00a0<em>et al.<\/em>\u00a0<a href=\"https:\/\/linkinghub.elsevier.com\/retrieve\/pii\/S0920996417302037\" target=\"_blank\" rel=\"noreferrer noopener nofollow\">The link between schizophrenia and substance use disorder: A unifying hypothesis<\/a>.\u00a0<em>Schizophr Res.<\/em>\u00a02018;194<strong>:<\/strong>78\u201385<em>.<\/em><\/li><li>Lubman DI, King JA, Castle DJ.\u00a0<a href=\"https:\/\/www.tandfonline.com\/doi\/full\/10.3109\/09540261003689958\" target=\"_blank\" rel=\"noreferrer noopener nofollow\">Treating comorbid substance use disorders in schizophrenia<\/a>.\u00a0<em>Int Rev Psychiatry.\u00a0<\/em>2010;22:191\u2013201.<\/li><li>Andersson HW, Lilleng SE, Rudd T, Ose SO<em>.\u00a0<\/em><a href=\"https:\/\/www.tandfonline.com\/doi\/full\/10.1080\/08039488.2020.1817553\" target=\"_blank\" rel=\"noreferrer noopener nofollow\">Substance use among patients in specialized mental health services in Norway: prevalence and patient characteristics based on a national census<\/a>. 2021;\u00a0<em>Nord J Psychiatry.<\/em>\u00a02021;75; 160\u20139.<\/li><li>Living with Schizophrenia.\u00a0<a href=\"https:\/\/livingwithschizophreniauk.org\/information-sheets\/schizophrenia-and-street-drugs\/\" target=\"_blank\" rel=\"noreferrer noopener nofollow\">Schizophrenia and street drugs<\/a>. Accessed February 2022.<\/li><li>National Institute on Drug Abuse.\u00a0<a href=\"https:\/\/nida.nih.gov\/research-topics\/co-occurring-disorders-health-conditions\" target=\"_blank\" rel=\"noreferrer noopener nofollow\">Common comorbidities with substance use disorders research report. Part 1: the connection between substance use disorders and mental illness<\/a>. Accessed February 2022.<\/li><li>Mayo Clinic.\u00a0<a href=\"https:\/\/www.mayoclinic.org\/diseases-conditions\/drug-addiction\/symptoms-causes\/syc-20365112\" target=\"_blank\" rel=\"noreferrer noopener nofollow\">Drug addiction (substance use disorder)<\/a>. Accessed February 2022.<\/li><li>Murrie B, Lappin J, Large M, Sara G.\u00a0<a href=\"https:\/\/academic.oup.com\/schizophreniabulletin\/article\/46\/3\/505\/5588638?login=false\" target=\"_blank\" rel=\"noreferrer noopener nofollow\">Substance-induced psychoses associated with cannabis, hallucinogens, and amphetamines have a substantial risk of transition to schizophrenia and should be a focus for assertive psychiatric intervention<\/a>.\u00a0\u00a0<em>Schizophr Bull<\/em>; 2020;46(3):505\u201316.<\/li><li>Petersen SM, Toftdahl NG, Nordentoft M, Hjorth\u00f8j C<em>.<\/em>\u00a0<a href=\"https:\/\/onlinelibrary.wiley.com\/doi\/10.1111\/add.14746\" target=\"_blank\" rel=\"noreferrer noopener nofollow\">Schizophrenia is associated with increased risk of subsequent substance abuse diagnosis: A nation-wide population-based register study<\/a>.\u00a0<em>Addiction<\/em>. 2019;114<strong>:<\/strong>2217\u201326.<\/li><li>MedlinePlus.\u00a0<a href=\"https:\/\/medlineplus.gov\/druguseandaddiction.html\" target=\"_blank\" rel=\"noreferrer noopener nofollow\">Drug use and addiction<\/a>. Accessed February 2022.<\/li><li>Crockford D, Addington D.\u00a0<a href=\"https:\/\/journals.sagepub.com\/doi\/10.1177\/0706743717720196\" target=\"_blank\" rel=\"noreferrer noopener nofollow\">Canadian Schizophrenia Guidelines: schizophrenia and other psychotic disorders with coexisting substance use disorders<\/a>.\u00a0<em>Can J Psychiatry<\/em>. 2017;62(9):624\u201334.<\/li><\/ol><\/div><\/div>\n\n\n\n\n","protected":false},"excerpt":{"rendered":"","protected":false},"author":14,"featured_media":4713,"parent":0,"menu_order":0,"comment_status":"closed","ping_status":"closed","template":"page-fullwidth.php","meta":{"_acf_changed":false,"rea_page_title_signed_in_meta_block_field":"Consumo de drogas il\u00edcitas y esquizofrenia","rea_page_title_signed_out_meta_block_field":"Consumo de drogas il\u00edcitas y esquizofrenia","rea_page_description_signed_in_meta_block_field":"El uso de drogas no legalizadas o il\u00edcitas es com\u00fan entre personas con esquizofrenia y puede ser problem\u00e1tico ya que puede empeorar la evoluci\u00f3n de la enfermedad.1 En este art\u00edculo, se examina el v\u00ednculo entre la esquizofrenia y el uso de drogas il\u00edcitas y se destacar\u00e1 por qu\u00e9 las personas con esquizofrenia pueden ser m\u00e1s propensas al consumo de drogas que la poblaci\u00f3n general y c\u00f3mo ayudar a quienes pueden tener un problema.","rea_page_description_signed_out_meta_block_field":"El uso de drogas no legalizadas o il\u00edcitas es com\u00fan entre personas con esquizofrenia y puede ser problem\u00e1tico ya que puede empeorar la evoluci\u00f3n de la enfermedad.1 En este art\u00edculo, se examina el v\u00ednculo entre la esquizofrenia y el uso de drogas il\u00edcitas y se destacar\u00e1 por qu\u00e9 las personas con esquizofrenia pueden ser m\u00e1s propensas al consumo de drogas que la poblaci\u00f3n general y c\u00f3mo ayudar a quienes pueden tener un problema.","rea_page_footer_id_meta_block_field":"","rea_page_footer_date_meta_block_field":"","footnotes":""},"class_list":["post-4748","page","type-page","status-publish","has-post-thumbnail","hentry"],"acf":[],"_links":{"self":[{"href":"https:\/\/espectroglobal.es\/publico\/wp-json\/wp\/v2\/pages\/4748","targetHints":{"allow":["GET"]}}],"collection":[{"href":"https:\/\/espectroglobal.es\/publico\/wp-json\/wp\/v2\/pages"}],"about":[{"href":"https:\/\/espectroglobal.es\/publico\/wp-json\/wp\/v2\/types\/page"}],"author":[{"embeddable":true,"href":"https:\/\/espectroglobal.es\/publico\/wp-json\/wp\/v2\/users\/14"}],"replies":[{"embeddable":true,"href":"https:\/\/espectroglobal.es\/publico\/wp-json\/wp\/v2\/comments?post=4748"}],"version-history":[{"count":6,"href":"https:\/\/espectroglobal.es\/publico\/wp-json\/wp\/v2\/pages\/4748\/revisions"}],"predecessor-version":[{"id":4893,"href":"https:\/\/espectroglobal.es\/publico\/wp-json\/wp\/v2\/pages\/4748\/revisions\/4893"}],"wp:featuredmedia":[{"embeddable":true,"href":"https:\/\/espectroglobal.es\/publico\/wp-json\/wp\/v2\/media\/4713"}],"wp:attachment":[{"href":"https:\/\/espectroglobal.es\/publico\/wp-json\/wp\/v2\/media?parent=4748"}],"curies":[{"name":"wp","href":"https:\/\/api.w.org\/{rel}","templated":true}]}}