{"id":4745,"date":"2025-03-17T09:52:44","date_gmt":"2025-03-17T08:52:44","guid":{"rendered":"https:\/\/espectroglobal.es\/publico\/?page_id=4745"},"modified":"2025-12-19T09:33:16","modified_gmt":"2025-12-19T08:33:16","slug":"esquizofrenia-y-tabaquismo","status":"publish","type":"page","link":"https:\/\/espectroglobal.es\/publico\/esquizofrenia-y-tabaquismo\/","title":{"rendered":"Esquizofrenia y tabaquismo: \u00bfceder o abandonar?"},"content":{"rendered":"\n<div class=\"wp-block-rea-inpage-nav-rea-inpage-nav-block rea-inpage-nav-block front has-margin\"><div class=\"rea-inpage-nav-block__image\" style=\"background-image: url(https:\/\/espectroglobal.es\/publico\/wp-content\/uploads\/2019\/03\/wooden.png)\"><img decoding=\"async\" class=\"inpage-nav-background\" alt=\"\" src=\"https:\/\/espectroglobal.es\/publico\/wp-content\/uploads\/2019\/03\/wooden.png\"><\/div><div class=\"rea-inpage-nav-block__content\"><div class=\"rea-inpage-nav-block__content--wrapper\"><div class=\"text-wrapper\"><h2 class=\"inpage-nav-title\">Esquizofrenia y tabaquismo: \u00bfceder o abandonar?<\/h2><ul class=\"inpage-nav-list\"><li><\/ul><\/div><div class=\"section-nav\"><h4 class=\"section-nav--title\">En esta secci\u00f3n<\/h4><div class=\"section-nav--nav-items js-inpage-nav-items\"><\/div><\/div><\/div><\/div><\/div>\n\n\n\n<div class=\"wp-block-rea-illustration-rea-illustration-block rea-illustration-block front\"><img class=\"illustration-bg\" alt=\"\"><div class=\"rea-illustration-block__content\"><div class=\"rea-illustration-block__image image-wrapper\"><a href=\"https:\/\/espectroglobal.es\/publico\/wp-content\/uploads\/2025\/03\/Smoking.jpg\" rel=\"noopener noreferrer\" target=\"_blank\" class=\"\"><img decoding=\"async\" class=\"illustration left\" alt=\"\" src=\"https:\/\/espectroglobal.es\/publico\/wp-content\/uploads\/2025\/03\/Smoking.jpg\" style=\"max-width: 72%\"><img decoding=\"async\" class=\"rea-mobile illustration-mobile\" alt=\"\" src=\"https:\/\/espectroglobal.es\/publico\/wp-content\/uploads\/2025\/03\/Smoking.jpg\"><\/a><\/div><p class=\"rea-site__caption caption-text align-left\"><\/p><\/div><\/div>\n\n\n\n<div class=\"wp-block-rea-separator-rea-separator-block rea-separator-block front\"><div class=\"rea-separator-block__content\"><hr class=\"rea-separator-block__separator\"><\/div><\/div>\n\n\n\n<div class=\"wp-block-rea-title-rea-title-block rea-title-block front\"><div class=\"rea-title-block__content\"><h3 id=\"esquizofrenia-y-tabaquismo-ceder-o-abandonar\" class=\"content-title \">Esquizofrenia y tabaquismo: \u00bfceder o abandonar?<\/h3><h4 class=\"content-subtitle rea-hidden\"><\/h4><\/div><\/div>\n\n\n\n<div class=\"wp-block-rea-separator-rea-separator-block rea-separator-block front\"><div class=\"rea-separator-block__content\"><hr class=\"rea-separator-block__separator\"><\/div><\/div>\n\n\n\n<div class=\"wp-block-rea-title-rea-title-block rea-title-block front\"><div class=\"rea-title-block__content\"><h3 id=\"altas-tasas-de-tabaquismo-en-la-esquizofrenia\" class=\"content-title \">Altas tasas de tabaquismo en la esquizofrenia<\/h3><h4 class=\"content-subtitle rea-hidden\"><\/h4><\/div><\/div>\n\n\n\n<div class=\"wp-block-rea-paragraph-rea-paragraph-block rea-paragraph-block front\"><div class=\"rea-paragraph-block__content\"><p class=\"content-text\">Se estima que al menos dos tercios de las personas que viven con esquizofrenia fuman.<sup>1<\/sup> La prevalencia exacta de fumadores en un momento dado oscila entre el 60 % y el 90 %.<sup>1<\/sup> Esta cifra es muy elevada si se considera que menos de una quinta parte de los adultos de la poblaci\u00f3n general son fumadores.<sup>1<\/sup> Curiosamente, las tasas de tabaquismo entre las personas con esquizofrenia parecen no haberse visto afectadas en gran medida por las campa\u00f1as de salud p\u00fablica ni por la prohibici\u00f3n de fumar en espacios p\u00fablicos en muchos pa\u00edses.<sup>2<\/sup><br><br>La relaci\u00f3n entre el tabaquismo y las enfermedades mentales cr\u00f3nicas se conoce desde hace muchos a\u00f1os, y las tasas parecen ser m\u00e1s altas entre las personas con esquizofrenia.<sup>1<\/sup> Adem\u00e1s, se ha descubierto que cuanto m\u00e1s grave es la enfermedad mental de una persona, mayor es la probabilidad de que fume.<sup>1,3<\/sup> De hecho, algunas de las tasas de tabaquismo m\u00e1s altas se han registrado en personas hospitalizadas por un trastorno psiqui\u00e1trico.<sup>3<\/sup><br><br>Las investigaciones sugieren que, en comparaci\u00f3n con el adulto promedio, las personas con esquizofrenia que fuman:<sup>1,3,4<\/sup><\/p><\/div><\/div>\n\n\n\n<div class=\"wp-block-rea-list-rea-list-block rea-list-block front\"><div class=\"rea-list-block__wrapper\"><div class=\"list-unordered list\"><p>Lo hacen con mayor intensidad (es decir, fuman m\u00e1s cigarrillos al d\u00eda).<\/p><p>Respiran m\u00e1s profundamente (inhalando m\u00e1s nicotina y otras sustancias t\u00f3xicas con cada inhalaci\u00f3n).<\/p><p>Dejan menos tiempo entre caladas.<\/p><p>Son m\u00e1s propensos a desarrollar dependencia a la nicotina.<\/p><p>Les resulta m\u00e1s dif\u00edcil dejar de fumar y tienen tasas bajas de abandono.<\/p><\/div><\/div><\/div>\n\n\n\n<div class=\"wp-block-rea-title-rea-title-block rea-title-block front\"><div class=\"rea-title-block__content\"><h3 id=\"por-qu-las-personas-con-esquizofrenia-fuman-ms-que-otras\" class=\"content-title \">\u00bfPor qu\u00e9 las personas con esquizofrenia fuman m\u00e1s que otras?<\/h3><h4 class=\"content-subtitle rea-hidden\"><\/h4><\/div><\/div>\n\n\n\n<div class=\"wp-block-rea-paragraph-rea-paragraph-block rea-paragraph-block front\"><div class=\"rea-paragraph-block__content\"><p class=\"content-text\">No est\u00e1 claro por qu\u00e9 las personas con esquizofrenia fuman m\u00e1s que otras y tienen menos probabilidades de dejar de fumar.<sup>1<\/sup> Este tema ha sido objeto de numerosas investigaciones a lo largo de los a\u00f1os y es probable que se deba a una combinaci\u00f3n de factores.<sup>1<\/sup> Por ejemplo, las tasas de tabaquismo podr\u00edan ser m\u00e1s altas que en la poblaci\u00f3n general porque los fumadores creen que fumar ayuda a aliviar los s\u00edntomas de la esquizofrenia o a mitigar los efectos secundarios de los medicamentos.<sup>1<\/sup> Podr\u00eda ser que las personas no est\u00e9n listas o dispuestas a dejar de fumar, o tal vez simplemente no se les est\u00e9 ofreciendo la ayuda adecuada para hacerlo.<sup>1<\/sup> Incluso podr\u00eda existir una predisposici\u00f3n gen\u00e9tica para que una persona con esquizofrenia desarrolle dependencia a la nicotina.<sup>4<\/sup><br><br>Cuando se inhala, la nicotina se absorbe r\u00e1pidamente en el torrente sangu\u00edneo y estimula la liberaci\u00f3n de sustancias qu\u00edmicas en el cerebro asociadas con sensaciones placenteras, lo que hace que los fumadores se sientan m\u00e1s relajados.<sup>3<\/sup> Sin embargo, estas sensaciones suelen ser ef\u00edmeras y, a medida que disminuyen los niveles de nicotina, surge el deseo de fumar otro cigarrillo.<sup>3<\/sup> Se cree que este ciclo de fumar y la obtenci\u00f3n de sensaciones placenteras que luego se desvanecen\u2026 Puede ser m\u00e1s pronunciado o incluso disfuncional en personas con esquizofrenia.<sup>3<\/sup><br><br>Otro factor que puede influir en las tasas de tabaquismo es el nivel socioecon\u00f3mico. Se sabe que las personas de menor nivel socioecon\u00f3mico (que mide el nivel educativo, los ingresos y la ocupaci\u00f3n) son mucho m\u00e1s propensas a fumar que las personas con mayor poder adquisitivo.<sup>7<\/sup> Un nivel socioecon\u00f3mico bajo tambi\u00e9n se relaciona con un mayor riesgo de desarrollar esquizofrenia.<sup>8<\/sup><\/p><\/div><\/div>\n\n\n\n<div class=\"wp-block-rea-separator-rea-separator-block rea-separator-block front\"><div class=\"rea-separator-block__content\"><hr class=\"rea-separator-block__separator\"><\/div><\/div>\n\n\n\n<div class=\"wp-block-rea-title-rea-title-block rea-title-block front\"><div class=\"rea-title-block__content\"><h3 id=\"efectos-del-tabaquismo-en-la-esquizofrenia\" class=\"content-title \">Efectos del tabaquismo en la esquizofrenia<\/h3><h4 class=\"content-subtitle rea-hidden\"><\/h4><\/div><\/div>\n\n\n\n<div class=\"wp-block-rea-paragraph-rea-paragraph-block rea-paragraph-block front\"><div class=\"rea-paragraph-block__content\"><p class=\"content-text\">Sea cual sea el motivo de las mayores tasas de tabaquismo en personas con esquizofrenia, fumar tiene muchos efectos perjudiciales y se debe animar a los fumadores a dejarlo.<sup>1,2<\/sup><br><br>Si bien existen algunos informes que indican que fumar tiene efectos beneficiosos sobre s\u00edntomas espec\u00edficos de la esquizofrenia, esto a\u00fan se debate.<sup>1,6<\/sup> Por ejemplo, se ha demostrado que la capacidad de pensar o comprender informaci\u00f3n (es decir, la cognici\u00f3n) mejora y se retrasa en personas con esquizofrenia que fuman.<sup>1,3,6<\/sup><br><br>Fumar puede da\u00f1ar el cerebro mediante un proceso conocido como estr\u00e9s oxidativo.<sup>9<\/sup> Este proceso implica la producci\u00f3n y acumulaci\u00f3n de sustancias llamadas especies reactivas de ox\u00edgeno que pueden interferir con la comunicaci\u00f3n celular.<sup>9<\/sup> El estr\u00e9s oxidativo se ha relacionado con el desarrollo de diversas enfermedades, como c\u00e1ncer, enfermedades card\u00edacas y enfermedades psiqui\u00e1tricas.<sup>9-11<\/sup><br><br>Tenga en cuenta que cualquier efecto negativo sobre la salud mental se suma a los riesgos bien conocidos del tabaquismo para la salud f\u00edsica. Las personas que fuman tienen m\u00e1s probabilidades de padecer enfermedades card\u00edacas, enfermedades pulmonares obstructivas cr\u00f3nicas y c\u00e1ncer de pulm\u00f3n, y de morir prematuramente a causa de ellas, que las personas que no fuman.<sup>2<\/sup><\/p><\/div><\/div>\n\n\n\n<div class=\"wp-block-rea-separator-rea-separator-block rea-separator-block front\"><div class=\"rea-separator-block__content\"><hr class=\"rea-separator-block__separator\"><\/div><\/div>\n\n\n\n<div class=\"wp-block-rea-title-rea-title-block rea-title-block front\"><div class=\"rea-title-block__content\"><h3 id=\"por-qu-es-importante-dejar-de-fumar-en-la-esquizofrenia\" class=\"content-title \">Por qu\u00e9 es importante dejar de fumar en la esquizofrenia<\/h3><h4 class=\"content-subtitle rea-hidden\"><\/h4><\/div><\/div>\n\n\n\n<div class=\"wp-block-rea-paragraph-rea-paragraph-block rea-paragraph-block front\"><div class=\"rea-paragraph-block__content\"><p class=\"content-text\">Las personas con esquizofrenia ya tienen una esperanza de vida m\u00e1s corta en comparaci\u00f3n con los adultos sin enfermedades mentales de la poblaci\u00f3n general.<sup>2<\/sup> Se cree que el tabaquismo es uno de los principales factores que contribuyen a este exceso de mortalidad.<sup>2<\/sup><br><br>Recuerde que la esquizofrenia tambi\u00e9n se asocia con una mayor tendencia al sobrepeso, al consumo excesivo de alcohol y, en general, a un estilo de vida poco saludable, por lo que a\u00f1adir el tabaquismo a esta combinaci\u00f3n es perjudicial para la salud general del individuo.<sup>12<\/sup><br><br>Fumar tambi\u00e9n puede afectar la eficacia de los tratamientos para la esquizofrenia.<sup>1,2<\/sup> La forma en que el cuerpo descompone algunos antipsic\u00f3ticos puede verse afectada y, por lo tanto, podr\u00edan necesitarse dosis m\u00e1s altas de estos medicamentos para obtener el mismo efecto en las personas que fuman en comparaci\u00f3n con las que no fuman.<sup>1,2<\/sup> Esto aumenta la probabilidad de que experimenten efectos secundarios.<sup>2<\/sup> Por el contrario, si se reducen las dosis de antipsic\u00f3ticos para contrarrestar los posibles efectos secundarios, la persona podr\u00eda tener un mayor riesgo de reca\u00edda y de sufrir nuevos episodios de psicosis.<sup>2<\/sup><\/p><\/div><\/div>\n\n\n\n<div class=\"wp-block-rea-separator-rea-separator-block rea-separator-block front\"><div class=\"rea-separator-block__content\"><hr class=\"rea-separator-block__separator\"><\/div><\/div>\n\n\n\n<div class=\"wp-block-rea-title-rea-title-block rea-title-block front\"><div class=\"rea-title-block__content\"><h3 id=\"efectos-del-tabaquismo-en-la-esquizofrenia\" class=\"content-title \">Efectos del tabaquismo en la esquizofrenia<\/h3><h4 class=\"content-subtitle rea-hidden\"><\/h4><\/div><\/div>\n\n\n\n<div class=\"wp-block-rea-paragraph-rea-paragraph-block rea-paragraph-block front\"><div class=\"rea-paragraph-block__content\"><p class=\"content-text\">Sea cual sea el motivo de las mayores tasas de tabaquismo en personas con esquizofrenia, fumar tiene muchos efectos perjudiciales y se debe animar a los fumadores a dejarlo.<sup>1,2<\/sup><br><br>Si bien existen algunos informes que indican que fumar tiene efectos beneficiosos sobre s\u00edntomas espec\u00edficos de la esquizofrenia, esto a\u00fan se debate.<sup>1,6<\/sup> Por ejemplo, se ha demostrado que la capacidad de pensar o comprender informaci\u00f3n (es decir, la cognici\u00f3n) mejora y se retrasa en personas con esquizofrenia que fuman.<sup>1,3,6<\/sup><br><br>Fumar puede da\u00f1ar el cerebro mediante un proceso conocido como estr\u00e9s oxidativo.<sup>9<\/sup> Este proceso implica la producci\u00f3n y acumulaci\u00f3n de sustancias llamadas especies reactivas de ox\u00edgeno que pueden interferir con la comunicaci\u00f3n celular.<sup>9<\/sup> El estr\u00e9s oxidativo se ha relacionado con el desarrollo de diversas enfermedades, como c\u00e1ncer, enfermedades card\u00edacas y enfermedades psiqui\u00e1tricas.<sup>9-11<\/sup><br><br>Tenga en cuenta que cualquier efecto negativo sobre la salud mental se suma a los riesgos bien conocidos del tabaquismo para la salud f\u00edsica. Las personas que fuman tienen m\u00e1s probabilidades de padecer enfermedades card\u00edacas, enfermedades pulmonares obstructivas cr\u00f3nicas y c\u00e1ncer de pulm\u00f3n, y de morir prematuramente a causa de ellas, que las personas que no fuman.<sup>2<\/sup><\/p><\/div><\/div>\n\n\n\n<div class=\"wp-block-rea-separator-rea-separator-block rea-separator-block front\"><div class=\"rea-separator-block__content\"><hr class=\"rea-separator-block__separator\"><\/div><\/div>\n\n\n\n<div class=\"wp-block-rea-title-rea-title-block rea-title-block front\"><div class=\"rea-title-block__content\"><h3 id=\"por-qu-es-importante-dejar-de-fumar-en-la-esquizofrenia\" class=\"content-title \">Por qu\u00e9 es importante dejar de fumar en la esquizofrenia<\/h3><h4 class=\"content-subtitle rea-hidden\"><\/h4><\/div><\/div>\n\n\n\n<div class=\"wp-block-rea-paragraph-rea-paragraph-block rea-paragraph-block front\"><div class=\"rea-paragraph-block__content\"><p class=\"content-text\">Las personas con esquizofrenia ya tienen una esperanza de vida m\u00e1s corta en comparaci\u00f3n con los adultos sin enfermedades mentales de la poblaci\u00f3n general.<sup>2<\/sup> Se cree que el tabaquismo es uno de los principales factores que contribuyen a este exceso de mortalidad.<sup>2<\/sup><br><br>Recuerde que la esquizofrenia tambi\u00e9n se asocia con una mayor tendencia al sobrepeso, al consumo excesivo de alcohol y, en general, a un estilo de vida poco saludable, por lo que a\u00f1adir el tabaquismo a esta combinaci\u00f3n es perjudicial para la salud general del individuo.<sup>12<\/sup><br><br>Fumar tambi\u00e9n puede afectar la eficacia de los tratamientos para la esquizofrenia.<sup>1,2<\/sup> La forma en que el cuerpo descompone algunos antipsic\u00f3ticos puede verse afectada y, por lo tanto, podr\u00edan necesitarse dosis m\u00e1s altas de estos medicamentos para obtener el mismo efecto en las personas que fuman en comparaci\u00f3n con las que no fuman.<sup>1,2<\/sup> Esto aumenta la probabilidad de que experimenten efectos secundarios.<sup>2<\/sup> Por el contrario, si se reducen las dosis de antipsic\u00f3ticos para contrarrestar los posibles efectos secundarios, la persona podr\u00eda tener un mayor riesgo de reca\u00edda y de sufrir nuevos episodios de psicosis.<sup>2<\/sup><\/p><\/div><\/div>\n\n\n\n<div class=\"wp-block-rea-separator-rea-separator-block rea-separator-block front\"><div class=\"rea-separator-block__content\"><hr class=\"rea-separator-block__separator\"><\/div><\/div>\n\n\n\n<div class=\"wp-block-rea-title-rea-title-block rea-title-block front\"><div class=\"rea-title-block__content\"><h3 id=\"ayuda-para-dejar-de-fumar\" class=\"content-title \">Ayuda para dejar de fumar<\/h3><h4 class=\"content-subtitle rea-hidden\"><\/h4><\/div><\/div>\n\n\n\n<div class=\"wp-block-rea-paragraph-rea-paragraph-block rea-paragraph-block front\"><div class=\"rea-paragraph-block__content\"><p class=\"content-text\">Encontrar\u00e1 muchos recursos en l\u00ednea que ofrecen ayuda para dejar de fumar. Si bien estos pueden ofrecer consejos valiosos, dejar de fumar no es f\u00e1cil. Puede ser m\u00e1s dif\u00edcil para una persona con esquizofrenia, por lo que podr\u00eda necesitar ayuda profesional.<br><br>Por lo tanto, un primer paso importante es consultar a un m\u00e9dico sobre las opciones disponibles para ayudar a dejar de fumar.<sup>13<\/sup> Estas opciones incluyen diversos tipos de terapias de reemplazo de nicotina y tabletas que ayudan a reducir las ansias de nicotina, as\u00ed como terapias conductuales.<sup>4,13<\/sup> Cabe destacar que la evidencia sugiere que estas opciones para dejar de fumar funcionan igual de bien en personas con esquizofrenia que en cualquier otra persona que est\u00e9 motivada a dejar de fumar.<sup>4<\/sup><\/p><\/div><\/div>\n\n\n\n<div class=\"wp-block-rea-separator-rea-separator-block rea-separator-block front\"><div class=\"rea-separator-block__content\"><hr class=\"rea-separator-block__separator\"><\/div><\/div>\n\n\n\n<div class=\"wp-block-rea-references-rea-references-block rea-references-block front\"><div class=\"rea-references-block__references\"><p class=\"references-title\">References title<\/p><ol class=\"references-list\"><li>Caponetto P, Polosa R, Robson D, Bauld L.\u00a0<a href=\"https:\/\/healthpsychologyresearch.openmedicalpublishing.org\/article\/22453\" target=\"_blank\" rel=\"noreferrer noopener nofollow\">Tobacco smoking, related harm and motivation to quit smoking in people with schizophrenia spectrum disorders<\/a>.\u00a0<em>Health Psychol Res<\/em>. 2020;6(1):9042.<\/li><li>Action on Smoking and Health.\u00a0<a href=\"https:\/\/ash.org.uk\/information-and-resources\/fact-sheets\/health\/smoking-and-mental-health\/\" target=\"_blank\" rel=\"noreferrer noopener nofollow\">Fact sheet No. 12: Smoking and Mental Health. 2019<\/a>. Accessed January 2022.<\/li><li>Castle D, Baker AL, Boneski B.\u00a0<a href=\"https:\/\/www.frontiersin.org\/journals\/psychiatry\/articles\/10.3389\/fpsyt.2019.00738\/full\" target=\"_blank\" rel=\"noreferrer noopener nofollow\">Editorial: smoking and schizophrenia<\/a>.\u00a0<em>Front Psychiatry<\/em>. 2019;10:738.<\/li><li>Cather C, Pachas GN, Cieslak KM,\u00a0<em>et al<\/em>,\u00a0<a href=\"https:\/\/schizophrenia.life\/public\/schizophrenia-and-smoking-give-in-or-give-up\/\" target=\"_blank\" rel=\"noreferrer noopener nofollow\">Achieving smoking cessation in individuals with schizophrenia: special considerations<\/a>.\u00a0<em>CNS Drugs.<\/em>\u00a031(6);2017:471\u201381.<\/li><li>Hu Y, Fang Z, Yang Y,\u00a0<em>et al<\/em>.\u00a0<a href=\"https:\/\/www.nature.com\/articles\/s41598-018-21297-x\" target=\"_blank\" rel=\"noreferrer noopener nofollow\">Analyzing the genes related to nicotine addiction or schizophrenia via a pathway and network-based approach<\/a>.\u00a0<em>Scientific Reports.\u00a0<\/em>2018<em>;<\/em>8(1):2894.<\/li><li>Lucatch AM, Lowe DJE, Clark RC,\u00a0<em>et al.\u00a0<\/em><a href=\"https:\/\/www.frontiersin.org\/journals\/psychiatry\/articles\/10.3389\/fpsyt.2018.00672\/full\" target=\"_blank\" rel=\"noreferrer noopener nofollow\">Neurobiological determinants of tobacco smoking in schizophrenia<\/a>.\u00a0<em>Front. Psychiatry.<\/em>\u00a02019;<strong>9:<\/strong>672.<\/li><li>Hisock R, Bauld L, Amos A, Platt S.\u00a0<a href=\"https:\/\/schizophrenia.life\/public\/schizophrenia-and-smoking-give-in-or-give-up\/\" target=\"_blank\" rel=\"noreferrer noopener nofollow\">Smoking and socioeconomic status in <\/a><a href=\"https:\/\/academic.oup.com\/jpubhealth\/article-abstract\/34\/3\/390\/1560637?redirectedFrom=fulltext&amp;login=false\" target=\"_blank\" rel=\"noreferrer noopener nofollow\">England<\/a><a href=\"https:\/\/schizophrenia.life\/public\/schizophrenia-and-smoking-give-in-or-give-up\/\" target=\"_blank\" rel=\"noreferrer noopener nofollow\">: the rise of the never smoker and the disadvantaged smoke<\/a>r.\u00a0<em>J Public Health.<\/em>\u00a02012:34(3):390\u201396.<\/li><li>Goldberg S, Fruchter E, Davidson M,\u00a0<em>et al.<\/em>\u00a0<a href=\"https:\/\/academic.oup.com\/schizophreniabulletin\/article-abstract\/37\/4\/664\/1897802?redirectedFrom=fulltext&amp;login=false\" target=\"_blank\" rel=\"noreferrer noopener nofollow\">The relationship between risk of hospitalization for schizophrenia, SES, and cognitive functioning<\/a>.\u00a0<em>Schizophr Bull.\u00a0<\/em>2011;37(4):664\u201370.<\/li><li>PIzzino G, Irrera N, Cucinotta M,\u00a0<em>\u00a0et al.\u00a0<\/em>Oxidative stress: harms and benefits for human health.\u00a0<em>Oxid Med Cell Longev<\/em>. 2017:8416763.<\/li><li>Ng F, Berk M, Dean O, Bush AI.\u00a0<a href=\"https:\/\/academic.oup.com\/ijnp\/article\/11\/6\/851\/671366?login=false\" target=\"_blank\" rel=\"noreferrer noopener nofollow\">Oxidative stress in psychiatric disorders: evidence base and therapeutic implications<\/a>.\u00a0<em>Int J Neuropsychopharmacology.<\/em>\u00a02008;11:851\u201376.<\/li><li>Trofor L, Cioroiu M, Crisan-Dabija R, Trofor A.\u00a0<a href=\"https:\/\/www.tobaccopreventioncessation.com\/,128415,0,2.html\" target=\"_blank\" rel=\"noreferrer noopener nofollow\">Smoking and oxidative stress among patients with mixed anxiety and depressive disorder<\/a>.\u00a0<em>Tob Prev Cessat.<\/em>\u00a02020;6(Supplement):A53.<\/li><li>Brown S, Birtwistle J, Roe L, Thompson C.\u00a0<a href=\"https:\/\/www.cambridge.org\/core\/journals\/psychological-medicine\/article\/abs\/unhealthy-lifestyle-of-people-with-schizophrenia\/4A872F349E04F75592569DB8E3A32CC1\" target=\"_blank\" rel=\"noreferrer noopener nofollow\">The unhealthy lifestyle of people with schizophrenia<\/a>.\u00a0<em>Psychol Med.<\/em>\u00a01999;29(3):697\u2013701.<\/li><li>NHS. Stop smoking treatments. Available at\u00a0<a href=\"https:\/\/www.nhs.uk\/conditions\/stop-smoking-treatments\/\" target=\"_blank\" rel=\"noreferrer noopener nofollow\">https:\/\/www.nhs.uk\/conditions\/stop-smoking-treatments\/<\/a>. Accessed January 2022.<\/li><\/ol><\/div><\/div>\n\n\n\n\n","protected":false},"excerpt":{"rendered":"","protected":false},"author":14,"featured_media":4711,"parent":0,"menu_order":0,"comment_status":"closed","ping_status":"closed","template":"page-fullwidth.php","meta":{"_acf_changed":false,"rea_page_title_signed_in_meta_block_field":"Esquizofrenia y tabaquismo","rea_page_title_signed_out_meta_block_field":"Esquizofrenia y tabaquismo","rea_page_description_signed_in_meta_block_field":"Las estimaciones sugieren que al menos dos tercios de las personas que viven con esquizofrenia fuman.1 La cantidad exacta de personas que fuman en un momento dado (la prevalencia) var\u00eda entre el 60% y el 90%.1","rea_page_description_signed_out_meta_block_field":"Las estimaciones sugieren que al menos dos tercios de las personas que viven con esquizofrenia fuman.1 La cantidad exacta de personas que fuman en un momento dado (la prevalencia) var\u00eda entre el 60% y el 90%.1","rea_page_footer_id_meta_block_field":"","rea_page_footer_date_meta_block_field":"","footnotes":""},"class_list":["post-4745","page","type-page","status-publish","has-post-thumbnail","hentry"],"acf":[],"_links":{"self":[{"href":"https:\/\/espectroglobal.es\/publico\/wp-json\/wp\/v2\/pages\/4745","targetHints":{"allow":["GET"]}}],"collection":[{"href":"https:\/\/espectroglobal.es\/publico\/wp-json\/wp\/v2\/pages"}],"about":[{"href":"https:\/\/espectroglobal.es\/publico\/wp-json\/wp\/v2\/types\/page"}],"author":[{"embeddable":true,"href":"https:\/\/espectroglobal.es\/publico\/wp-json\/wp\/v2\/users\/14"}],"replies":[{"embeddable":true,"href":"https:\/\/espectroglobal.es\/publico\/wp-json\/wp\/v2\/comments?post=4745"}],"version-history":[{"count":2,"href":"https:\/\/espectroglobal.es\/publico\/wp-json\/wp\/v2\/pages\/4745\/revisions"}],"predecessor-version":[{"id":4894,"href":"https:\/\/espectroglobal.es\/publico\/wp-json\/wp\/v2\/pages\/4745\/revisions\/4894"}],"wp:featuredmedia":[{"embeddable":true,"href":"https:\/\/espectroglobal.es\/publico\/wp-json\/wp\/v2\/media\/4711"}],"wp:attachment":[{"href":"https:\/\/espectroglobal.es\/publico\/wp-json\/wp\/v2\/media?parent=4745"}],"curies":[{"name":"wp","href":"https:\/\/api.w.org\/{rel}","templated":true}]}}