{"id":4699,"date":"2025-03-13T12:24:58","date_gmt":"2025-03-13T11:24:58","guid":{"rendered":"https:\/\/espectroglobal.es\/publico\/?page_id=4699"},"modified":"2025-12-19T09:33:16","modified_gmt":"2025-12-19T08:33:16","slug":"estadisticas-de-esquizofrenia-cuantas-personas-padecen-esquizofrenia","status":"publish","type":"page","link":"https:\/\/espectroglobal.es\/publico\/estadisticas-de-esquizofrenia-cuantas-personas-padecen-esquizofrenia\/","title":{"rendered":"Estad\u00edsticas de esquizofrenia: \u00bfCu\u00e1ntas personas padecen esquizofrenia?"},"content":{"rendered":"\n<div class=\"wp-block-rea-inpage-nav-rea-inpage-nav-block rea-inpage-nav-block front has-margin\"><div class=\"rea-inpage-nav-block__image\" style=\"background-image: url(https:\/\/espectroglobal.es\/publico\/wp-content\/uploads\/2019\/03\/wooden.png)\"><img decoding=\"async\" class=\"inpage-nav-background\" alt=\"\" src=\"https:\/\/espectroglobal.es\/publico\/wp-content\/uploads\/2019\/03\/wooden.png\"><\/div><div class=\"rea-inpage-nav-block__content\"><div class=\"rea-inpage-nav-block__content--wrapper\"><div class=\"text-wrapper\"><h2 class=\"inpage-nav-title\">Estad\u00edsticas de esquizofrenia: \u00bfCu\u00e1ntas personas padecen esquizofrenia?<\/h2><ul class=\"inpage-nav-list\"><li><\/ul><\/div><div class=\"section-nav\"><h4 class=\"section-nav--title\">En esta secci\u00f3n<\/h4><div class=\"section-nav--nav-items js-inpage-nav-items\"><\/div><\/div><\/div><\/div><\/div>\n\n\n\n<div class=\"wp-block-rea-illustration-rea-illustration-block rea-illustration-block front\"><img class=\"illustration-bg\" alt=\"\"><div class=\"rea-illustration-block__content\"><div class=\"rea-illustration-block__image image-wrapper\"><a href=\"https:\/\/espectroglobal.es\/publico\/wp-content\/uploads\/2025\/03\/Schizophrenia.life_Public_Article_Epidemiology-immagine-scaled-1.webp\" rel=\"noopener noreferrer\" target=\"_blank\" class=\"\"><img decoding=\"async\" class=\"illustration left\" alt=\"\" src=\"https:\/\/espectroglobal.es\/publico\/wp-content\/uploads\/2025\/03\/Schizophrenia.life_Public_Article_Epidemiology-immagine-scaled-1.webp\" style=\"max-width: 72%\"><img decoding=\"async\" class=\"rea-mobile illustration-mobile\" alt=\"\" src=\"https:\/\/espectroglobal.es\/publico\/wp-content\/uploads\/2025\/03\/Schizophrenia.life_Public_Article_Epidemiology-immagine-scaled-1.webp\"><\/a><\/div><p class=\"rea-site__caption caption-text align-left\"><\/p><\/div><\/div>\n\n\n\n<div class=\"wp-block-rea-paragraph-rea-paragraph-block rea-paragraph-block front\"><div class=\"rea-paragraph-block__content\"><p class=\"content-text\">Seg\u00fan la Organizaci\u00f3n Mundial de la Salud (OMS), hay al menos 20 millones de personas que viven con esquizofrenia en todo el mundo.1 Eso significa que 20 millones de personas pueden necesitar <a href=\"https:\/\/espectroglobal.es\/publico\/como-puedo-ayudar\/\" data-type=\"page\" data-id=\"2370\">ayuda y apoyo<\/a> adicionales para vivir sus vidas normales, ya sea poder levantarse e ir a la escuela o al trabajo todos los d\u00edas, o simplemente poder pasar tiempo de calidad con sus familiares y amigos o interactuar con otras personas.<br><br>Este art\u00edculo aborda la epidemiolog\u00eda de la esquizofrenia y presenta estad\u00edsticas sobre su incidencia y prevalencia. Tambi\u00e9n analiza el importante impacto que tiene en todos los aspectos de la vida de las personas.<br><a href=\"https:\/\/espectroglobal.es\/publico\/como-puedo-ayudar\/\" data-type=\"page\" data-id=\"2370\">Leer art\u00edculo<\/a><\/p><\/div><\/div>\n\n\n\n<div class=\"wp-block-rea-separator-rea-separator-block rea-separator-block front\"><div class=\"rea-separator-block__content\"><hr class=\"rea-separator-block__separator\"><\/div><\/div>\n\n\n\n<div class=\"wp-block-rea-title-rea-title-block rea-title-block front\"><div class=\"rea-title-block__content\"><h3 id=\"qu-tan-comn-es-la-esquizofrenia\" class=\"content-title \">\u00bfQu\u00e9 tan com\u00fan es la esquizofrenia?<\/h3><h4 class=\"content-subtitle rea-hidden\"><\/h4><\/div><\/div>\n\n\n\n<div class=\"wp-block-rea-paragraph-rea-paragraph-block rea-paragraph-block front\"><div class=\"rea-paragraph-block__content\"><p class=\"content-text\"><br>Al intentar determinar con exactitud cu\u00e1ntas personas padecen esquizofrenia, no hay una respuesta sencilla. Depende del estudio que se analice y de c\u00f3mo se dise\u00f1\u00f3 y ejecut\u00f3.<sup>2<\/sup> Tambi\u00e9n depende de c\u00f3mo se defini\u00f3 el diagn\u00f3stico de esquizofrenia, sobre todo porque sus <a href=\"https:\/\/espectroglobal.es\/publico\/sintomas\/\" data-type=\"page\" data-id=\"2221\">s\u00edntomas<\/a> a veces pueden solaparse con los de otras afecciones de salud mental.<sup>2<\/sup><br><br>El n\u00famero de personas afectadas por esquizofrenia puede expresarse en t\u00e9rminos de prevalencia o incidencia y presentarse como porcentaje o n\u00famero de la poblaci\u00f3n afectada.<\/p><\/div><\/div>\n\n\n\n<div class=\"wp-block-rea-list-rea-list-block rea-list-block front\"><div class=\"rea-list-block__wrapper\"><div class=\"list-ordered list\"><p><strong>Prevalencia de la esquizofrenia<\/strong><br>Se refiere al n\u00famero total de personas con esquizofrenia en una poblaci\u00f3n.<\/p><p><strong>Incidencia de la esquizofrenia<\/strong><br>Se refiere al n\u00famero de personas que reciben un nuevo diagn\u00f3stico de esquizofrenia.<\/p><\/div><\/div><\/div>\n\n\n\n<div class=\"wp-block-rea-paragraph-rea-paragraph-block rea-paragraph-block front\"><div class=\"rea-paragraph-block__content\"><p class=\"content-text\">Considerando la prevalencia de la esquizofrenia en primer lugar, se ha reportado que entre el 0,3 % y el 0,9 % de la poblaci\u00f3n mundial padece esquizofrenia o un trastorno psic\u00f3tico<sup>2,3<\/sup> y que la esquizofrenia afectar\u00e1 a alrededor del 1 % de la poblaci\u00f3n mundial en alg\u00fan momento de su vida.<sup>3<\/sup><br><br>En cuanto a la incidencia de la esquizofrenia, se estima que el promedio es de alrededor de 15 personas por cada 100\u00a0000 habitantes.<sup>4<\/sup> Esto seg\u00fan una revisi\u00f3n sistem\u00e1tica de m\u00faltiples estudios, pero dentro de esta, la incidencia de la esquizofrenia se estim\u00f3 en un rango de aproximadamente 7 a 43 personas por cada 100\u00a0000.<sup>5<\/sup><\/p><\/div><\/div>\n\n\n\n<div class=\"wp-block-rea-separator-rea-separator-block rea-separator-block front\"><div class=\"rea-separator-block__content\"><hr class=\"rea-separator-block__separator\"><\/div><\/div>\n\n\n\n<div class=\"wp-block-rea-title-rea-title-block rea-title-block front\"><div class=\"rea-title-block__content\"><h3 id=\"cul-es-el-impacto-de-la-esquizofrenia\" class=\"content-title \">\u00bfCu\u00e1l es el impacto de la esquizofrenia?<\/h3><h4 class=\"content-subtitle rea-hidden\"><\/h4><\/div><\/div>\n\n\n\n<div class=\"wp-block-rea-paragraph-rea-paragraph-block rea-paragraph-block front\"><div class=\"rea-paragraph-block__content\"><p class=\"content-text\">La prevalencia e incidencia de la esquizofrenia es menor que la de otras enfermedades, incluyendo otros trastornos mentales importantes como la ansiedad y la depresi\u00f3n.<sup>6<\/sup> Sin embargo, la esquizofrenia es un trastorno mental cr\u00f3nico y grave<sup>1<\/sup> que puede causar una discapacidad considerable incluso con un tratamiento adecuado, por lo que no es menos importante.<sup>6<\/sup> De hecho, la esquizofrenia puede afectar la capacidad de las personas para cuidar de s\u00ed mismas, socializar, completar su educaci\u00f3n y obtener y conservar un empleo.<br><br>M\u00e1s importante a\u00fan, se ha reportado que padecer esquizofrenia acorta la esperanza de vida entre 15 y 20 a\u00f1os<sup>7,8<\/sup> y que las personas con esquizofrenia tienen entre dos y tres veces m\u00e1s probabilidades de morir a una edad m\u00e1s temprana que la poblaci\u00f3n general.<sup>1<\/sup><br><br>Las razones de esta menor esperanza de vida podr\u00edan deberse a una mayor tasa de suicidio en comparaci\u00f3n con la poblaci\u00f3n general, especialmente en las primeras etapas de la enfermedad.<sup>2,7<\/sup> Conductas poco saludables, como el tabaquismo o el consumo de sustancias, y afecciones coexistentes, como enfermedades card\u00edacas, hep\u00e1ticas o diabetes, tambi\u00e9n podr\u00edan contribuir.<sup>4<\/sup> Esto hace que sea a\u00fan m\u00e1s importante no solo controlar la esquizofrenia en las primeras etapas de la enfermedad, sino tambi\u00e9n abordar cualquier comportamiento u otra afecci\u00f3n que pueda reducir el riesgo de muerte prematura.<\/p><\/div><\/div>\n\n\n\n<div class=\"wp-block-rea-separator-rea-separator-block rea-separator-block front\"><div class=\"rea-separator-block__content\"><hr class=\"rea-separator-block__separator\"><\/div><\/div>\n\n\n\n<div class=\"wp-block-rea-title-rea-title-block rea-title-block front\"><div class=\"rea-title-block__content\"><h3 id=\"medicin-del-impacto-global-de-la-esquizofrenia\" class=\"content-title \">Medici\u00f3n del impacto global de la esquizofrenia<\/h3><h4 class=\"content-subtitle rea-hidden\"><\/h4><\/div><\/div>\n\n\n\n<div class=\"wp-block-rea-paragraph-rea-paragraph-block rea-paragraph-block front\"><div class=\"rea-paragraph-block__content\"><p class=\"content-text\">Una de las maneras en que el impacto de una enfermedad en las personas y la sociedad en general se refleja en la medici\u00f3n de la llamada \u00abcarga de enfermedad\u00bb mediante una medida llamada \u00aba\u00f1os de vida ajustados por discapacidad\u00bb o AVAD. En esencia, un AVAD representa un a\u00f1o de vida sana perdido debido a una enfermedad; esto puede deberse a muerte prematura, enfermedad o discapacidad causada por la enfermedad.<sup>9<\/sup><br><br>Durante los \u00faltimos 30 a\u00f1os, el <a href=\"https:\/\/www.healthdata.org\/research-analysis\/gbd\" target=\"_blank\" rel=\"noreferrer noopener nofollow\">Proyecto de Carga Mundial de Enfermedad<\/a> ha recopilado estad\u00edsticas sobre la carga de diversas enfermedades. En uno de los informes recientes de este estudio sobre trastornos de salud mental, se observa que, si bien la esquizofrenia afecta a una proporci\u00f3n menor de la poblaci\u00f3n mundial, la discapacidad debida a la psicosis aguda fue la m\u00e1s alta de todo el estudio.<sup>6<\/sup><br><br>Adem\u00e1s, la esquizofrenia ocup\u00f3 el tercer lugar en la lista de las 10 afecciones de salud mental que contribuyen al mayor porcentaje de AVAD, superada solo por la depresi\u00f3n y la ansiedad.<sup>6<\/sup><\/p><\/div><\/div>\n\n\n\n<div class=\"wp-block-rea-separator-rea-separator-block rea-separator-block front\"><div class=\"rea-separator-block__content\"><hr class=\"rea-separator-block__separator\"><\/div><\/div>\n\n\n\n<div class=\"wp-block-rea-title-rea-title-block rea-title-block front\"><div class=\"rea-title-block__content\"><h3 id=\"reducir-el-impacto-de-la-esquizofrenia\" class=\"content-title \">Reducir el impacto de la esquizofrenia<\/h3><h4 class=\"content-subtitle rea-hidden\"><\/h4><\/div><\/div>\n\n\n\n<div class=\"wp-block-rea-paragraph-rea-paragraph-block rea-paragraph-block front\"><div class=\"rea-paragraph-block__content\"><p class=\"content-text\">Dado el importante impacto de la esquizofrenia en la vida de las personas, el diagn\u00f3stico y el tratamiento tempranos son fundamentales para ayudarlas a recuperarse y retomar un ritmo de vida normal. Puede obtener m\u00e1s informaci\u00f3n sobre el <a href=\"https:\/\/espectroglobal.es\/publico\/diagnostico\/\" data-type=\"page\" data-id=\"2249\">diagn\u00f3stico de la esquizofrenia<\/a> y las intervenciones para mejorar el funcionamiento de las personas <a href=\"https:\/\/espectroglobal.es\/publico\/como-afecta-la-esquizofrenia-a-la-funcionalidad\/\" data-type=\"page\" data-id=\"2241\">aqu\u00ed<\/a>.<br><a href=\"https:\/\/espectroglobal.es\/publico\/diagnostico\/\" data-type=\"page\" data-id=\"2249\">Leer el art\u00edculo<\/a><\/p><\/div><\/div>\n\n\n\n<div class=\"wp-block-rea-separator-rea-separator-block rea-separator-block front\"><div class=\"rea-separator-block__content\"><hr class=\"rea-separator-block__separator\"><\/div><\/div>\n\n\n\n<div class=\"wp-block-rea-references-rea-references-block rea-references-block front\"><div class=\"rea-references-block__references\"><p class=\"references-title\">References title<\/p><ol class=\"references-list\"><li>World Health Organization (WHO).\u00a0<a href=\"https:\/\/www.who.int\/news-room\/fact-sheets\/detail\/schizophrenia\" target=\"_blank\" rel=\"noreferrer noopener nofollow\">Schizophrenia<\/a>. Geneva: WHO, October 2019.<\/li><li>National Institute of Mental Health (NIH),\u00a0<a href=\"https:\/\/www.who.int\/news-room\/fact-sheets\/detail\/schizophrenia\" target=\"_blank\" rel=\"noreferrer noopener nofollow\">Schizophrenia<\/a>. Bethesda: NIH. Accessed November 2021.\u00a0<\/li><li>Stilo SA, Murray RM.\u00a0<a href=\"https:\/\/www.tandfonline.com\/doi\/full\/10.31887\/DCNS.2010.12.3\/sstilo\" target=\"_blank\" rel=\"noreferrer noopener nofollow\">The epidemiology of schizophrenia: replacing dogma with knowledge<\/a>.\u00a0<em>Dialogues Clin Neurosci.<\/em>2010;12(3):305\u201315.<\/li><li>McGrath J, Saha S, Chant D, Welham J.\u00a0<a href=\"https:\/\/academic.oup.com\/epirev\/article-lookup\/doi\/10.1093\/epirev\/mxn001\" target=\"_blank\" rel=\"noreferrer noopener nofollow\">Schizophrenia: A concise overview of incidence, prevalence, and mortality<\/a>.\u00a0<em>Epidemiol Rev.\u00a0<\/em>2008;30:67\u201376.<\/li><li>Patel KR, Cherian J, Gohil K, Atkinson D<em>.<\/em>\u00a0<a href=\"https:\/\/pmc.ncbi.nlm.nih.gov\/articles\/PMC4159061\/\" target=\"_blank\" rel=\"noreferrer noopener nofollow\">Schizophrenia: Overview and treatment options<\/a>.\u00a0<em>P T<\/em>. 2014;39(9):638\u201345.<\/li><li>GBD 2019 Mental Disorders Collaborators.\u00a0<a href=\"https:\/\/www.healthdata.org\/research-analysis\/library\/global-regional-and-national-burden-12-mental-disorders-204-countries-and\" target=\"_blank\" rel=\"noreferrer noopener nofollow\">Global, regional, and national burden of 12 mental disorders in 204 countries and territories, 1990\u20132019: a systematic analysis from the Global Burden of Disease Study 2019<\/a>.\u00a0<em>Lancet Psychiatry.\u00a0<\/em>2021 (In Press).<\/li><li>Laursen TM, Nordentoft M, Mortensen PB.\u00a0<a href=\"https:\/\/www.annualreviews.org\/content\/journals\/10.1146\/annurev-clinpsy-032813-153657\" target=\"_blank\" rel=\"noreferrer noopener nofollow\">Excess early mortality in schizophrenia<\/a>.\u00a0<em>Annu Rev Clin Psychol.<\/em>\u00a02014;<strong>10<\/strong>, 425\u201348.<\/li><li>Laursen TM, Whalbeck K, H\u00e4llgren J,\u00a0<em>et al.<\/em>\u00a0<a href=\"https:\/\/journals.plos.org\/plosone\/article?id=10.1371\/journal.pone.0067133\" target=\"_blank\" rel=\"noreferrer noopener nofollow\">Life expectancy and death by diseases of the circulatory system in patients with bipolar disorder or schizophrenia in the Nordic countries<\/a>.\u00a0<em>PLoS ONE<\/em>. 2103;8(6):e67133.<\/li><li>Roser M, Richie H.\u00a0<a href=\"https:\/\/ourworldindata.org\/burden-of-disease#the-global-distribution-of-the-disease-burden\" target=\"_blank\" rel=\"noreferrer noopener nofollow\">Burden of Disease<\/a>. 2016. Published online at OurWorldInData.org.<\/li><\/ol><\/div><\/div>\n\n\n\n\n","protected":false},"excerpt":{"rendered":"","protected":false},"author":14,"featured_media":4685,"parent":0,"menu_order":0,"comment_status":"closed","ping_status":"closed","template":"page-fullwidth.php","meta":{"_acf_changed":false,"rea_page_title_signed_in_meta_block_field":"Estad\u00edsticas de esquizofrenia: \u00bfCu\u00e1ntas personas padecen esquizofrenia?","rea_page_title_signed_out_meta_block_field":"Estad\u00edsticas de esquizofrenia: \u00bfCu\u00e1ntas personas padecen esquizofrenia?","rea_page_description_signed_in_meta_block_field":"Seg\u00fan la Organizaci\u00f3n Mundial de la Salud (OMS), hay al menos 20 millones de personas que viven con esquizofrenia en todo el mundo.1 Eso significa que 20 millones de personas pueden necesitar ayuda y apoyo adicionales para vivir sus vidas normales, ya sea poder levantarse e ir a la escuela o al trabajo todos los d\u00edas, o simplemente poder pasar tiempo de calidad con sus familiares y amigos o interactuar con otras personas.","rea_page_description_signed_out_meta_block_field":"Seg\u00fan la Organizaci\u00f3n Mundial de la Salud (OMS), hay al menos 20 millones de personas que viven con esquizofrenia en todo el mundo.1 Eso significa que 20 millones de personas pueden necesitar ayuda y apoyo adicionales para vivir sus vidas normales, ya sea poder levantarse e ir a la escuela o al trabajo todos los d\u00edas, o simplemente poder pasar tiempo de calidad con sus familiares y amigos o interactuar con otras personas.","rea_page_footer_id_meta_block_field":"","rea_page_footer_date_meta_block_field":"","footnotes":""},"class_list":["post-4699","page","type-page","status-publish","has-post-thumbnail","hentry"],"acf":[],"_links":{"self":[{"href":"https:\/\/espectroglobal.es\/publico\/wp-json\/wp\/v2\/pages\/4699","targetHints":{"allow":["GET"]}}],"collection":[{"href":"https:\/\/espectroglobal.es\/publico\/wp-json\/wp\/v2\/pages"}],"about":[{"href":"https:\/\/espectroglobal.es\/publico\/wp-json\/wp\/v2\/types\/page"}],"author":[{"embeddable":true,"href":"https:\/\/espectroglobal.es\/publico\/wp-json\/wp\/v2\/users\/14"}],"replies":[{"embeddable":true,"href":"https:\/\/espectroglobal.es\/publico\/wp-json\/wp\/v2\/comments?post=4699"}],"version-history":[{"count":5,"href":"https:\/\/espectroglobal.es\/publico\/wp-json\/wp\/v2\/pages\/4699\/revisions"}],"predecessor-version":[{"id":4899,"href":"https:\/\/espectroglobal.es\/publico\/wp-json\/wp\/v2\/pages\/4699\/revisions\/4899"}],"wp:featuredmedia":[{"embeddable":true,"href":"https:\/\/espectroglobal.es\/publico\/wp-json\/wp\/v2\/media\/4685"}],"wp:attachment":[{"href":"https:\/\/espectroglobal.es\/publico\/wp-json\/wp\/v2\/media?parent=4699"}],"curies":[{"name":"wp","href":"https:\/\/api.w.org\/{rel}","templated":true}]}}