{"id":3559,"date":"2024-07-05T18:13:17","date_gmt":"2024-07-05T17:13:17","guid":{"rendered":"https:\/\/espectroglobal.es\/publico\/?page_id=3559"},"modified":"2025-12-19T09:33:16","modified_gmt":"2025-12-19T08:33:16","slug":"manejo-de-la-esquizofrenia-en-el-periodo-posterior-a-la-pandemia-de-covid-19","status":"publish","type":"page","link":"https:\/\/espectroglobal.es\/publico\/manejo-de-la-esquizofrenia-en-el-periodo-posterior-a-la-pandemia-de-covid-19\/","title":{"rendered":"Manejo de la esquizofrenia en el per\u00edodo posterior a la pandemia de COVID-19"},"content":{"rendered":"\n<div class=\"wp-block-rea-inpage-nav-rea-inpage-nav-block rea-inpage-nav-block front has-margin\"><div class=\"rea-inpage-nav-block__image\" style=\"background-image: url(https:\/\/espectroglobal.es\/publico\/wp-content\/uploads\/2019\/03\/wooden.png)\"><img decoding=\"async\" class=\"inpage-nav-background\" alt=\"\" src=\"https:\/\/espectroglobal.es\/publico\/wp-content\/uploads\/2019\/03\/wooden.png\"><\/div><div class=\"rea-inpage-nav-block__content\"><div class=\"rea-inpage-nav-block__content--wrapper\"><div class=\"text-wrapper\"><h2 class=\"inpage-nav-title\">Manejo de la esquizofrenia en el per\u00edodo posterior a la pandemia de COVID-19<br><br><br><\/h2><ul class=\"inpage-nav-list\"><li><\/ul><\/div><div class=\"section-nav\"><h4 class=\"section-nav--title\">En esta secci\u00f3n<\/h4><div class=\"section-nav--nav-items js-inpage-nav-items\"><\/div><\/div><\/div><\/div><\/div>\n\n\n\n<div class=\"wp-block-rea-title-rea-title-block rea-title-block front\"><div class=\"rea-title-block__content\"><h3 id=\"strongstronguna-breve-historia-de-la-pandemiastrongstrong\" class=\"content-title \"><strong><strong>Una breve historia de la pandemia<\/strong><\/strong><\/h3><h4 class=\"content-subtitle rea-hidden\"><\/h4><\/div><\/div>\n\n\n\n<div class=\"wp-block-rea-paragraph-rea-paragraph-block rea-paragraph-block front\"><div class=\"rea-paragraph-block__content\"><p class=\"content-text\">A finales de <strong>DICIEMBRE DE 2019<\/strong>, la Organizaci\u00f3n Mundial de la Salud fue alertada por las autoridades chinas sobre una cantidad considerable de casos de neumon\u00eda con causa indeterminada en la ciudad de Wuhan, en la provincia de Hubei, China. El <strong>5 DE ENERO DE 2020<\/strong>, se identific\u00f3 la causa de la enfermedad misteriosa como una nueva cepa de coronavirus. En las semanas siguientes, el virus se propag\u00f3 a un n\u00famero creciente de pa\u00edses en todo el mundo.<br>El <strong>11 DE FEBRERO DE 2020<\/strong>, el virus fue denominado \u201ccoronavirus del s\u00edndrome respiratorio agudo severo 2\u201d (SARS-CoV-2), mientras que la enfermedad que produc\u00eda fue etiquetada como \u201cenfermedad por coronavirus 2019\u201d (COVID-19).<br>El <strong>11 DE MARZO DE 2020<\/strong>, la Organizaci\u00f3n Mundial de la Salud proclam\u00f3 que el brote de COVID-19 era una pandemia global.<br>Los aspectos m\u00e1s significativos de la pandemia actual podr\u00edan quedar atr\u00e1s en t\u00e9rminos de afectar la salud de la poblaci\u00f3n y las restricciones sociales. El per\u00edodo de transici\u00f3n podr\u00eda ser un momento de grandes desaf\u00edos y dificultades para los pacientes con enfermedades cr\u00f3nicas preexistentes, incluidos aquellos que padecen enfermedades mentales.<br><\/p><\/div><\/div>\n\n\n\n<div class=\"wp-block-rea-separator-rea-separator-block rea-separator-block front\"><div class=\"rea-separator-block__content\"><hr class=\"rea-separator-block__separator\"><\/div><\/div>\n\n\n\n<div class=\"wp-block-rea-title-rea-title-block rea-title-block front\"><div class=\"rea-title-block__content\"><h3 id=\"strongstrongel-impacto-de-la-covid19strongstrong\" class=\"content-title \"><strong><strong>El impacto de la COVID-19<\/strong><\/strong><\/h3><h4 class=\"content-subtitle rea-hidden\"><\/h4><\/div><\/div>\n\n\n\n<div class=\"wp-block-rea-paragraph-rea-paragraph-block rea-paragraph-block front\"><div class=\"rea-paragraph-block__content\"><p class=\"content-text\">La pandemia ha IMPACTADO NEGATIVAMENTE LAS VIDAS DE CIENTOS DE MILLONES DE PERSONAS y ha tenido un efecto devastador en muchos aspectos de nuestras vidas, incluyendo la econom\u00eda, el empleo, la educaci\u00f3n, la movilidad y la tradici\u00f3n familiar. En la mayor\u00eda de los pa\u00edses, ha llevado los sistemas de salud al l\u00edmite y ha creado crisis sociales, econ\u00f3micas y pol\u00edticas duraderas. Tambi\u00e9n ha cambiado la forma en que trabajamos e interactuamos con otras personas. Pero, m\u00e1s importante a\u00fan, aspectos como la posibilidad de entrar en contacto y enfermarse de COVID-19, las regulaciones destinadas a reducir la propagaci\u00f3n del virus, como seguir las reglas de confinamiento, respetar el distanciamiento social y autoaislarse, han resultado en un aumento del estr\u00e9s social, afectando nuestra salud mental.<br>Durante el curso de la pandemia, hubo un aumento significativo en el n\u00famero de adultos que reportaron s\u00edntomas de ansiedad y depresi\u00f3n en los EE. UU., esta cifra saltando de 1 a 4 de cada 10 adultos en comparaci\u00f3n con el periodo anterior al brote. Adem\u00e1s, muchos adultos reportaron ciertos EFECTOS ADVERSOS QUE AFECTARON SU BIENESTAR MENTAL Y F\u00cdSICO,<br>incluyendo patrones de alimentaci\u00f3n y sue\u00f1o interrumpidos. Tambi\u00e9n informaron sobre el uso indebido de alcohol y drogas, junto con la experiencia de condiciones cr\u00f3nicas agravadas por el estr\u00e9s y las ansiedades inducidas por el coronavirus.<br>El coronavirus tambi\u00e9n tuvo un gran impacto en la din\u00e1mica familiar. Los confinamientos y el trabajo desde casa resultaron en m\u00e1s tensiones interpersonales en condiciones de vida abarrotadas. Conflictos previos o interacciones dif\u00edciles se intensificaron ya que hab\u00eda menos espacio para que los miembros individuales de la familia se retiraran.<br>\u00a0<\/p><\/div><\/div>\n\n\n\n<div class=\"wp-block-rea-separator-rea-separator-block rea-separator-block front\"><div class=\"rea-separator-block__content\"><hr class=\"rea-separator-block__separator\"><\/div><\/div>\n\n\n\n<div class=\"wp-block-rea-title-rea-title-block rea-title-block front\"><div class=\"rea-title-block__content\"><h3 id=\"strongcmo-ha-afectado-el-coronavirus-a-las-personas-con-esquizofreniastrong\" class=\"content-title \"><strong>\u00bfC\u00f3mo ha afectado el coronavirus a las personas con esquizofrenia?<\/strong><\/h3><h4 class=\"content-subtitle rea-hidden\"><\/h4><\/div><\/div>\n\n\n\n<div class=\"wp-block-rea-paragraph-rea-paragraph-block rea-paragraph-block front\"><div class=\"rea-paragraph-block__content\"><p class=\"content-text\">La pandemia de COVID-19 ha reescrito las vidas de las personas con esquizofrenia y de quienes los cuidan. Adem\u00e1s, ha generado NUEVOS DESAF\u00cdOS para aquellos que ya luchaban con enfermedades mentales.<br>En un estudio que evalu\u00f3 el impacto relacionado con la salud mental que la pandemia ha tenido en individuos con enfermedades mentales, m\u00e1s de la mitad de los participantes informaron que el confinamiento por la pandemia ha empeorado su salud mental. Los factores m\u00e1s frecuentemente indicados como causantes de este deterioro fueron:<br><br><img decoding=\"async\" class=\"wp-image-3564\" style=\"width: 600px;\" src=\"https:\/\/espectroglobal.es\/publico\/wp-content\/uploads\/2024\/07\/The-impact-of-covid-4.jpg\" alt=\"\"><br><br>Las personas con esquizofrenia se encuentran entre los miembros m\u00e1s vulnerables de la sociedad, a menudo predispuestas a la falta de vivienda, enfermedades, uso de sustancias y un estatus socioecon\u00f3mico bajo. Como resultado, tienen varios factores de riesgo que LOS HACEN M\u00c1S SUSCEPTIBLES AL COVID-19.<br>La presencia de otras enfermedades (comorbilidades), por ejemplo, se sabe que AUMENTA LAS TASAS DE MORTALIDAD EN INDIVIDUOS ENFERMOS CON COVID-19. M\u00e1s del 70% de las personas con esquizofrenia sufren de una o m\u00faltiples comorbilidades, como diabetes tipo 2, enfermedades respiratorias y enfermedades card\u00edacas. Debido a esto, la esperanza de vida promedio de alguien que vive con esquizofrenia es 15 A\u00d1OS m\u00e1s corta en comparaci\u00f3n con una persona sin el trastorno.<br><br>Adem\u00e1s, en caso de hospitalizaci\u00f3n con una condici\u00f3n respiratoria, sus tasas de admisi\u00f3n en unidades de cuidados intensivos son m\u00e1s altas, as\u00ed como la necesidad de ventilaci\u00f3n mec\u00e1nica. Tambi\u00e9n, la posibilidad de insuficiencia respiratoria y muerte en el hospital, en comparaci\u00f3n con otros pacientes, es m\u00e1s alta. En general, la mayor\u00eda de las personas con esquizofrenia pertenecen a al menos un grupo de riesgo conocido y, si son hospitalizadas, tienen un mayor riesgo de peores resultados cl\u00ednicos debido al COVID-19. De hecho, LAS PERSONAS CON ESQUIZOFRENIA TIENEN EL DOBLE DE PROBABILIDAD DE SER HOSPITALIZADAS CON COVID-19 en comparaci\u00f3n con aquellos que no tienen el trastorno, y seg\u00fan un nuevo estudio, tienen tres veces m\u00e1s probabilidades de morir a causa del virus.<br>Este mayor riesgo no puede explicarse por la presencia de enfermedades card\u00edacas, diabetes o tabaquismo, factores que generalmente acortan la vida de las personas con esquizofrenia.<br><br>Los hallazgos del estudio indican que la vulnerabilidad de las personas con esquizofrenia a las infecciones virales como el COVID-19 puede estar relacionada con la propia biolog\u00eda del trastorno.<br>Una posible raz\u00f3n para esto podr\u00eda ser el desajuste del sistema inmunol\u00f3gico, aparentemente vinculado a la gen\u00e9tica del trastorno.<br>La disfunci\u00f3n cognitiva asociada con la esquizofrenia tambi\u00e9n aumenta el riesgo de infecci\u00f3n. Las personas con esquizofrenia PUEDEN TENER M\u00c1S DIFICULTAD PARA SEGUIR LAS RESTRICCIONES, LOS PROCEDIMIENTOS DE CUARENTENA Y LAS PR\u00c1CTICAS DE HIGIENE ADECUADAS QUE LA POBLACI\u00d3N GENERAL. El juicio defectuoso junto con el autocuidado inadecuado, dos caracter\u00edsticas frecuentes de la esquizofrenia, tambi\u00e9n pueden interferir con la conformidad a las recomendaciones de salud y llevar a poner en peligro a s\u00ed mismos, a sus familiares y a los profesionales de la salud.<br><br>Adem\u00e1s, es probable que la pandemia haya tenido un efecto indirecto en las personas con esquizofrenia al AUMENTAR EL RIESGO DE UNA RECA\u00cdDA. En general, una de las medidas m\u00e1s importantes para intentar limitar la propagaci\u00f3n del virus es el aislamiento social, que puede causar un estr\u00e9s emocional considerable en las personas con esquizofrenia, as\u00ed como en sus cuidadores. El estr\u00e9s causado por el brote, junto con la accesibilidad reducida a la atenci\u00f3n basada en la comunidad, as\u00ed como la posibilidad de un cumplimiento deficiente de la medicaci\u00f3n, podr\u00eda aumentar la posibilidad de una reca\u00edda. Las alteraciones en la rutina diaria, las ansiedades por el confinamiento prolongado, la preocupaci\u00f3n por entrar en contacto con la enfermedad o la p\u00e9rdida de un familiar debido al COVID-19 tambi\u00e9n podr\u00edan actuar como DESENCADENANTES IMPORTANTES.<br><br>Todav\u00eda no sabemos c\u00f3mo los efectos a largo plazo del COVID-19 (el llamado \u201cs\u00edndrome post-COVID\u201d) interfieren con el curso natural de la esquizofrenia.<br>Sin embargo, algunos de estos efectos, como los trastornos del sue\u00f1o, problemas de estado de \u00e1nimo y ansiedad, o s\u00edntomas similares al trastorno de estr\u00e9s postraum\u00e1tico (TEPT), podr\u00edan tener consecuencias negativas importantes y afectar la calidad de vida de su ser querido.<br><br>La pandemia tambi\u00e9n ha cambiado la vida cotidiana de las personas con esquizofrenia al proporcionar \u201cmunici\u00f3n\u201d para sus delirios. Una de las caracter\u00edsticas de la esquizofrenia es que siempre est\u00e1 buscando nuevos objetivos, nuevas piezas de informaci\u00f3n que pueden convertirse en el tema de los delirios. Por lo general, estos pueden ser cualquier cosa, desde la pol\u00edtica actual hasta avistamientos de ovnis.<br>Desde principios de 2020, el nuevo coronavirus y la pandemia de COVID-19 se han convertido en el tema m\u00e1s popular en los medios y en las conversaciones en todo el mundo.<br><br><img loading=\"lazy\" decoding=\"async\" width=\"300\" height=\"225\" class=\"wp-image-3565\" style=\"width: 300px;\" src=\"https:\/\/espectroglobal.es\/publico\/wp-content\/uploads\/2024\/07\/The-impact-of-covid-2.webp\" alt=\"\" srcset=\"https:\/\/espectroglobal.es\/publico\/wp-content\/uploads\/2024\/07\/The-impact-of-covid-2.webp 726w, https:\/\/espectroglobal.es\/publico\/wp-content\/uploads\/2024\/07\/The-impact-of-covid-2-300x225.webp 300w\" sizes=\"auto, (max-width: 300px) 100vw, 300px\" \/><br><br>Las muchas inc\u00f3gnitas sobre el virus y la enfermedad que causa han llevado a UN ESTADO DE INCERTIDUMBRE INCLUSO ENTRE LA POBLACI\u00d3N SALUDABLE; las personas con esquizofrenia son a\u00fan m\u00e1s sensibles a estos problemas.<br>As\u00ed, para las personas con esquizofrenia, cada informaci\u00f3n relacionada con COVID, desde las restricciones hasta los problemas pol\u00edticos, tiene el potencial no solo de DESENCADENAR DELIRIOS, sino tambi\u00e9n de afectar su ACTITUD HACIA LAS MEDIDAS DE SEGURIDAD, EL TRATAMIENTO Y LA VACUNACI\u00d3N.<br><br>Como cuidador, usted tiene un papel extremadamente importante en el manejo de estas situaciones delicadas porque es la \u00fanica persona que puede manejar los problemas relacionados con las interpretaciones err\u00f3neas de las noticias sobre el COVID y la posible falta de percepci\u00f3n de su ser querido con respecto a los problemas de salud relacionados con el COVID o las estrategias de prevenci\u00f3n y tratamiento. Uno de los problemas m\u00e1s importantes en este sentido es la presencia generalizada de INFORMACI\u00d3N FALSA Y TEOR\u00cdAS DE CONSPIRACI\u00d3N sobre casi todos los aspectos de la pandemia, desde el origen del virus hasta la eficacia de las mascarillas y la seguridad de las vacunas.<br><br>Como el v\u00ednculo entre su ser querido y el mundo exterior, usted es quien puede protegerlos del efecto da\u00f1ino de la desinformaci\u00f3n relacionada con el COVID, que puede llevar al empeoramiento de los s\u00edntomas o incluso a una reca\u00edda. La informaci\u00f3n m\u00e1s actualizada generalmente se encuentra en el sitio web del Centro Europeo para la Prevenci\u00f3n y el Control de Enfermedades, as\u00ed como en los sitios web de los ministerios de salud nacionales, los departamentos nacionales de salud p\u00fablica y los grupos de trabajo nacionales sobre el coronavirus.<\/p><\/div><\/div>\n\n\n\n<p><\/p>\n\n\n\n<div class=\"wp-block-rea-separator-rea-separator-block rea-separator-block front\"><div class=\"rea-separator-block__content\"><hr class=\"rea-separator-block__separator\"><\/div><\/div>\n\n\n\n<div class=\"wp-block-rea-title-rea-title-block rea-title-block front\"><div class=\"rea-title-block__content\"><h3 id=\"strongla-terminacin-de-las-medidas-preventivas-contra-el-covid19-una-gua-sobre-cmo-cuidarse-a-s-mismo-y-a-alguien-que-padece-una-enfermedad-mentalstrong\" class=\"content-title \"><strong>La terminaci\u00f3n de las medidas preventivas contra el COVID-19: una gu\u00eda sobre c\u00f3mo cuidarse a s\u00ed mismo y a alguien que padece una enfermedad mental<\/strong><\/h3><h4 class=\"content-subtitle rea-hidden\"><\/h4><\/div><\/div>\n\n\n\n<div class=\"wp-block-rea-paragraph-rea-paragraph-block rea-paragraph-block front\"><div class=\"rea-paragraph-block__content\"><p class=\"content-text\"><br>Mientras que las medidas preventivas contra el COVID-19 resultaron dif\u00edciles cuando se introdujeron por primera vez, podr\u00edamos encontrar su retirada igualmente desafiante. Incluso si nuestra sociedad ha vuelto a c\u00f3mo era antes de la pandemia, es posible que usted y la persona a la que cuida NO SE SIENTAN PREPARADOS PARA RETOMAR LAS ACTIVIDADES que realizaban antes, como ver pel\u00edculas en el cine, tomar algo en un pub, unirse a grupos grandes de personas o desplazarse en transporte p\u00fablico.<br>Con el fin de las restricciones, usted y su ser querido podr\u00edan experimentar la presi\u00f3n adicional de unirse, acompa\u00f1ada potencialmente por la preocupaci\u00f3n de que otros no tengan la obligaci\u00f3n legal de entrar en autoaislamiento en caso de estar enfermos de COVID-19.<br><br>Al igual que encontrar formas de sobrellevar la pandemia llev\u00f3 tiempo, es probable que TAMBI\u00c9N SE NECESITE TIEMPO a partir de ahora para habituarse y volver a nuestros estilos de vida habituales. Trate de no ser demasiado duro consigo mismo si nota que esto le lleva m\u00e1s tiempo del anticipado o si encuentra que otros son m\u00e1s seguros de s\u00ed mismos y sociables. LOS PACIENTES CON ENFERMEDADES MENTALES PUEDEN SER M\u00c1S SENSIBLES DURANTE ESTE MOMENTO DIF\u00cdCIL.<br>Algunas de las siguientes sugerencias relacionadas con la salud mental, como introducir y mantener una rutina, llevar una vida socialmente activa, alimentarse con comida saludable y hacer ejercicio, son tan relevantes ahora como lo eran al comienzo del confinamiento. De hecho, podr\u00edan aplicarse a\u00fan m\u00e1s en el pr\u00f3ximo per\u00edodo, ya que podr\u00edamos enfrentar cambios considerables.<\/p><\/div><\/div>\n\n\n\n<div class=\"wp-block-rea-separator-rea-separator-block rea-separator-block front\"><div class=\"rea-separator-block__content\"><hr class=\"rea-separator-block__separator\"><\/div><\/div>\n\n\n\n<div class=\"wp-block-rea-title-rea-title-block rea-title-block front\"><div class=\"rea-title-block__content\"><h3 id=\"strongmiedo-y-ansiedadstrong\" class=\"content-title \"><strong>Miedo y ansiedad<\/strong><\/h3><h4 class=\"content-subtitle rea-hidden\"><\/h4><\/div><\/div>\n\n\n\n<div class=\"wp-block-rea-paragraph-rea-paragraph-block rea-paragraph-block front\"><div class=\"rea-paragraph-block__content\"><p class=\"content-text\">La terminaci\u00f3n de las medidas preventivas contra el COVID-19 podr\u00eda resultar en algunas respuestas emocionales comunes, como el MIEDO Y LA ANSIEDAD. Tanto usted como sus seres queridos podr\u00edan sentirse inseguros o no preparados para liberarse de sus formas de afrontamiento con las regulaciones de COVID-19 mientras se mueven de varios confinamientos hacia la progresiva relajaci\u00f3n y el fin de las regulaciones.<br>Prestar atenci\u00f3n a sus sentimientos y darles espacio es MUY IMPORTANTE, en lugar de pasarlos por alto o ignorarlos. Es al aumentar gradualmente nuestra tolerancia que podemos superar estos miedos.<br><br><img decoding=\"async\" class=\"wp-image-3566\" style=\"width: 800px;\" src=\"https:\/\/espectroglobal.es\/publico\/wp-content\/uploads\/2024\/07\/Impact-of-covide-3-1024x510-1-scaled.jpg\" alt=\"\"><br><sub>Consejos sobre c\u00f3mo afrontar el miedo y la ansiedad<br><\/sub><br>Al principio, podr\u00eda sentirse inc\u00f3modo reconectarse con las personas. Ya sea la incomodidad de estar sin una m\u00e1scara o el sentirse cauteloso acerca de estar con personas en grupos grandes, es esencial que no apresure el proceso y se d\u00e9 tanto tiempo como considere necesario. Si est\u00e1 en autoaislamiento o forma parte de un grupo de alto riesgo, podr\u00eda experimentar alienaci\u00f3n al ver a todos los dem\u00e1s participar en las actividades que extra\u00f1a. Existe una alta probabilidad de que las personas m\u00e1s cercanas a usted, como familiares y amigos, sean menos propensas a comprender y apoyarlo. Podr\u00eda valer la pena intentar comunicarse con aquellos que puedan relacionarse con su situaci\u00f3n o, si se siente c\u00f3modo con ello, hablar con alguien de confianza sobre c\u00f3mo se siente cuando queda excluido.<br>Tal vez incluso sugiera algunas posibles formas de ser incluido que no necesariamente impliquen estar en proximidad f\u00edsica.<br>&#8211; Mant\u00e9ngase en contacto con grupos de apoyo y vea cu\u00e1les son sus experiencias y recomendaciones al respecto.<br>&#8211; Anime a su ser querido a pasar tanto tiempo al aire libre como sea posible y a socializar con amigos y familiares con la mayor frecuencia posible.<br>&#8211; Siga los consejos de los profesionales de la salud y monitoree cuidadosamente los s\u00edntomas de su ser querido para identificar un posible empeoramiento.<br>&#8211; No olvide cuidarse a s\u00ed mismo y su bienestar y ayude a la persona a la que cuida a superar este per\u00edodo inusual.<br><\/p><\/div><\/div>\n\n\n\n<div class=\"wp-block-rea-separator-rea-separator-block rea-separator-block front\"><div class=\"rea-separator-block__content\"><hr class=\"rea-separator-block__separator\"><\/div><\/div>\n\n\n\n<div class=\"wp-block-rea-references-rea-references-block rea-references-block front\"><div class=\"rea-references-block__references\"><p class=\"references-title\">Referencia<\/p><ol class=\"references-list\"><li>Zhand N, Joober R. Implications of the COVID-19 pandemic for patients with schizophrenia spectrum disorders: narrative review. BJPsych Open. 2021 Jan 12;7(1): e35.<\/li><li>\u00d6ng\u00fcr D, Perlis R, Goff D. Psychiatry and COVID-19. JAMA. 2020 Sep 22;324(12):1159.<\/li><li>Panchal N, Kamal R, 2021. The Implications of COVID-19 for Mental Health and Substance Use [Internet]. KFF. 2021 [cited 2021 Jul 2].<\/li><li>K\u00f8lb\u00e6k P, Jefsen OH, Speed M, \u00d8stergaard SD. Mental health of patients with mental illness during the COVID-19 pandemic lockdown: A questionnaire-based survey weighted for attrition. medRxiv. 2021 Mar 20;2021.03.13.21253363.<\/li><li>Zhou F, Yu T, Du R, Fan G, Liu Y, Liu Z, et al. Clinical course and risk factors for mortality of adult inpatients with COVID-19 in Wuhan, China: a retrospective cohort study. The Lancet. 2020 Mar 28;395(10229):1054\u201362.<\/li><li>. Mohan M, Perry BI, Saravanan P and Singh SP COVID-19 in People With Schizophrenia: Potential Mechanisms Linking Schizophrenia to Poor Prognosis. 2021. Front. Psychiatry 12:666067. doi: 10.3389\/fpsyt.2021.666067<\/li><li>Manchia M, et. al. The impact of the prolonged COVID-19 pandemic on stress resilience and mental health: A critical review across waves. 2021. DOI: 10.1016\/j.euroneuro.2021.10.864<\/li><\/ol><\/div><\/div>\n\n\n\n\n","protected":false},"excerpt":{"rendered":"","protected":false},"author":14,"featured_media":0,"parent":0,"menu_order":0,"comment_status":"closed","ping_status":"closed","template":"page-fullwidth.php","meta":{"_acf_changed":false,"rea_page_title_signed_in_meta_block_field":"","rea_page_title_signed_out_meta_block_field":"","rea_page_description_signed_in_meta_block_field":"","rea_page_description_signed_out_meta_block_field":"","rea_page_footer_id_meta_block_field":"","rea_page_footer_date_meta_block_field":"","footnotes":""},"class_list":["post-3559","page","type-page","status-publish","hentry"],"acf":[],"_links":{"self":[{"href":"https:\/\/espectroglobal.es\/publico\/wp-json\/wp\/v2\/pages\/3559","targetHints":{"allow":["GET"]}}],"collection":[{"href":"https:\/\/espectroglobal.es\/publico\/wp-json\/wp\/v2\/pages"}],"about":[{"href":"https:\/\/espectroglobal.es\/publico\/wp-json\/wp\/v2\/types\/page"}],"author":[{"embeddable":true,"href":"https:\/\/espectroglobal.es\/publico\/wp-json\/wp\/v2\/users\/14"}],"replies":[{"embeddable":true,"href":"https:\/\/espectroglobal.es\/publico\/wp-json\/wp\/v2\/comments?post=3559"}],"version-history":[{"count":4,"href":"https:\/\/espectroglobal.es\/publico\/wp-json\/wp\/v2\/pages\/3559\/revisions"}],"predecessor-version":[{"id":4904,"href":"https:\/\/espectroglobal.es\/publico\/wp-json\/wp\/v2\/pages\/3559\/revisions\/4904"}],"wp:attachment":[{"href":"https:\/\/espectroglobal.es\/publico\/wp-json\/wp\/v2\/media?parent=3559"}],"curies":[{"name":"wp","href":"https:\/\/api.w.org\/{rel}","templated":true}]}}