{"id":3542,"date":"2024-07-05T17:26:54","date_gmt":"2024-07-05T16:26:54","guid":{"rendered":"https:\/\/espectroglobal.es\/publico\/?page_id=3542"},"modified":"2025-12-19T09:33:16","modified_gmt":"2025-12-19T08:33:16","slug":"superar-vs-rendirse","status":"publish","type":"page","link":"https:\/\/espectroglobal.es\/publico\/superar-vs-rendirse\/","title":{"rendered":"Superar vs. Rendirse"},"content":{"rendered":"\n<div class=\"wp-block-rea-inpage-nav-rea-inpage-nav-block rea-inpage-nav-block front has-margin\"><div class=\"rea-inpage-nav-block__image\" style=\"background-image: url(https:\/\/espectroglobal.es\/publico\/wp-content\/uploads\/2019\/03\/wooden.png)\"><img decoding=\"async\" class=\"inpage-nav-background\" alt=\"\" src=\"https:\/\/espectroglobal.es\/publico\/wp-content\/uploads\/2019\/03\/wooden.png\"><\/div><div class=\"rea-inpage-nav-block__content\"><div class=\"rea-inpage-nav-block__content--wrapper\"><div class=\"text-wrapper\"><h2 class=\"inpage-nav-title\">Superar vs. Rendirse<\/h2><ul class=\"inpage-nav-list\"><li><\/ul><\/div><div class=\"section-nav\"><h4 class=\"section-nav--title\">En esta secci\u00f3n<\/h4><div class=\"section-nav--nav-items js-inpage-nav-items\"><\/div><\/div><\/div><\/div><\/div>\n\n\n\n<div class=\"wp-block-rea-title-rea-title-block rea-title-block front\"><div class=\"rea-title-block__content\"><h3 id=\"strongun-cambio-de-planesstrong\" class=\"content-title \"><strong>Un cambio de planes<\/strong><\/h3><h4 class=\"content-subtitle rea-hidden\"><\/h4><\/div><\/div>\n\n\n\n<div class=\"wp-block-rea-paragraph-rea-paragraph-block rea-paragraph-block front\"><div class=\"rea-paragraph-block__content\"><p class=\"content-text\">La familia juega un papel clave en el manejo de la esquizofrenia. Brinda cuidado a largo plazo y asistencia continua, y la mayor\u00eda de las personas afectadas se quedan con sus familiares o regresan a ellos. Los cuidadores principales en la gran mayor\u00eda de los hogares son los padres. En muchos casos, la responsabilidad del cuidado recae en ellos, incluso antes de que conozcan el diagn\u00f3stico.<br>El impacto m\u00e1s significativo de la esquizofrenia es que cambia permanentemente la vida cotidiana de toda la familia. Cada decisi\u00f3n y acci\u00f3n se centra en la persona que sufre de esquizofrenia, y los cuidadores procuran reducir el impacto de la enfermedad en la carrera, vida social, salud f\u00edsica y bienestar emocional de su ser querido. Act\u00faan como punto de referencia de la realidad y sirven como fuente de apoyo, est\u00edmulo y motivaci\u00f3n. La esquizofrenia tambi\u00e9n altera los planes que la familia ten\u00eda para el futuro de su ser querido. Estos planes podr\u00edan haber incluido terminar la escuela, encontrar un trabajo estable, desarrollar amistades significativas, casarse, tener hijos y en definitiva llevar una vida exitosa. Sin embargo, es crucial tener en cuenta que la esquizofrenia no necesariamente cancela todos estos planes.<br>Con el cuidado adecuado y el esfuerzo concertado de toda la familia, <mark style=\"background-color:#e65661\" class=\"has-inline-color\">MUCHOS DE ESTOS PLANES PUEDEN HACERSE REALIDAD.<\/mark><\/p><\/div><\/div>\n\n\n\n<figure class=\"wp-block-image size-large is-resized container\"><img loading=\"lazy\" decoding=\"async\" width=\"1024\" height=\"515\" src=\"https:\/\/espectroglobal.es\/publico\/wp-content\/uploads\/2024\/07\/Surmount-vs-Surrender-1024x515.webp\" alt=\"\" class=\"wp-image-3545\" style=\"width:750px\" srcset=\"https:\/\/espectroglobal.es\/publico\/wp-content\/uploads\/2024\/07\/Surmount-vs-Surrender-1024x515.webp 1024w, https:\/\/espectroglobal.es\/publico\/wp-content\/uploads\/2024\/07\/Surmount-vs-Surrender-300x151.webp 300w, https:\/\/espectroglobal.es\/publico\/wp-content\/uploads\/2024\/07\/Surmount-vs-Surrender-768x386.webp 768w, https:\/\/espectroglobal.es\/publico\/wp-content\/uploads\/2024\/07\/Surmount-vs-Surrender-1536x773.webp 1536w, https:\/\/espectroglobal.es\/publico\/wp-content\/uploads\/2024\/07\/Surmount-vs-Surrender.webp 2040w\" sizes=\"auto, (max-width: 1024px) 100vw, 1024px\" \/><\/figure>\n\n\n\n<div class=\"wp-block-rea-separator-rea-separator-block rea-separator-block front\"><div class=\"rea-separator-block__content\"><hr class=\"rea-separator-block__separator\"><\/div><\/div>\n\n\n\n<div class=\"wp-block-rea-title-rea-title-block rea-title-block front\"><div class=\"rea-title-block__content\"><h3 id=\"strongabrazando-emocionesstrong\" class=\"content-title \"><strong>Abrazando emociones<\/strong><\/h3><h4 class=\"content-subtitle rea-hidden\"><\/h4><\/div><\/div>\n\n\n\n<div class=\"wp-block-rea-paragraph-rea-paragraph-block rea-paragraph-block front\"><div class=\"rea-paragraph-block__content\"><p class=\"content-text\">Despu\u00e9s del primer impacto experimentado debido al diagn\u00f3stico de esquizofrenia, muchos cuidadores sienten que han perdido sus planes, sue\u00f1os y expectativas relacionados con la persona que aman. Tambi\u00e9n temen que la situaci\u00f3n nunca vuelva a ser como era antes. Esta es una respuesta natural, y reconocer estos sentimientos y aceptarlos puede facilitar una confrontaci\u00f3n exitosa a largo plazo con la enfermedad. Tambi\u00e9n es un proceso activo, que requiere trabajo y consume una cantidad significativa de energ\u00eda. A trav\u00e9s de este proceso, es posible que experimentes una amplia gama de emociones, como enojo, culpa, tristeza, entumecimiento, soledad, pero tambi\u00e9n irritabilidad, dificultades para dormir, p\u00e9rdida de apetito y dificultad para concentrarse. Una forma eficaz de aceptar estas emociones es permitirte experimentar el ciclo emocional completo. Aunque al principio pueda no parecer f\u00e1cil, es beneficioso pasar del entumecimiento emocional a la aceptaci\u00f3n de las nuevas circunstancias y ver tu futuro desde una nueva perspectiva. Si intentas ignorar o suprimir tu malestar emocional, las cosas no se suavizar\u00e1n. Al contrario, tu intento solo las exacerbar\u00e1 a largo plazo. Puedes encontrarte atrapado en un estado de entumecimiento, sintiendo enojo, dolor y resentimiento. Si estos sentimientos no se resuelven, pueden proyectarse en otras relaciones o situaciones donde no pertenecen.<br>Es muy importante tener en cuenta que ser diagnosticado con esquizofrenia no significa que esta situaci\u00f3n sea definitiva. La persona a la que cuidas sigue estando ah\u00ed detr\u00e1s de los s\u00edntomas, y muchos de los planes que ten\u00edas a\u00fan pueden ser alcanzables o simplemente necesitan ajustarse ligeramente. El verdadero prop\u00f3sito de pasar por todas estas emociones es enfrentarlas y abordar la siguiente etapa de tu vida con curiosidad. Esto te ayudar\u00e1 a aceptar la enfermedad y abrazar tu rol como cuidador, asegurando tambi\u00e9n que <mark style=\"background-color:#e65661\" class=\"has-inline-color\">LA PERSONA A LA QUE CUIDAS PUEDA VIVIR PLENAMENTE<\/mark><\/p><\/div><\/div>\n\n\n\n<div class=\"wp-block-rea-separator-rea-separator-block rea-separator-block front\"><div class=\"rea-separator-block__content\"><hr class=\"rea-separator-block__separator\"><\/div><\/div>\n\n\n\n<div class=\"wp-block-rea-title-rea-title-block rea-title-block front\"><div class=\"rea-title-block__content\"><h3 id=\"strongestrategias-de-afrontamientostrong\" class=\"content-title \"><strong>Estrategias de afrontamiento<\/strong><\/h3><h4 class=\"content-subtitle rea-hidden\"><\/h4><\/div><\/div>\n\n\n\n<figure class=\"wp-block-image size-large text-lg-center text-md-center text-sm-center text-center container\"><img loading=\"lazy\" decoding=\"async\" width=\"1024\" height=\"692\" src=\"https:\/\/espectroglobal.es\/publico\/wp-content\/uploads\/2024\/07\/Embracing-emotions-1024x692.webp\" alt=\"\" class=\"wp-image-3546\" style=\"object-fit:cover\" srcset=\"https:\/\/espectroglobal.es\/publico\/wp-content\/uploads\/2024\/07\/Embracing-emotions-1024x692.webp 1024w, https:\/\/espectroglobal.es\/publico\/wp-content\/uploads\/2024\/07\/Embracing-emotions-300x203.webp 300w, https:\/\/espectroglobal.es\/publico\/wp-content\/uploads\/2024\/07\/Embracing-emotions-768x519.webp 768w, https:\/\/espectroglobal.es\/publico\/wp-content\/uploads\/2024\/07\/Embracing-emotions.webp 1530w\" sizes=\"auto, (max-width: 1024px) 100vw, 1024px\" \/><\/figure>\n\n\n\n<div class=\"wp-block-rea-paragraph-rea-paragraph-block rea-paragraph-block front\"><div class=\"rea-paragraph-block__content\"><p class=\"content-text\">Cuidar a alguien con esquizofrenia puede afectar a toda la familia. Esta situaci\u00f3n desfavorable se conoce como una carga. Este tipo de carga resulta de la acumulaci\u00f3n de experiencias desagradables, desaf\u00edos, eventos marcados por el estr\u00e9s, problemas emocionales y cambios significativos en la vida que tienen una influencia negativa en el cuidador. Para reducir su carga f\u00edsica y mental, los familiares de personas con esquizofrenia desarrollan lo que se llama <br><br><strong>ESTRATEGIAS DE AFRONTAMIENTO.<\/strong><br>Como regla general, el afrontamiento es la forma en que las personas responden a condiciones dif\u00edciles que pueden causar estr\u00e9s indebido. Ser cuidador de un familiar con esquizofrenia puede ser una fuente constante de niveles elevados de estr\u00e9s.<br>Como cuidador, debes afrontar una amplia gama de problemas, incluidas tus responsabilidades de cuidado, tu angustia emocional, los s\u00edntomas de esquizofrenia, el sistema de salud mental y el estigma social. Por lo tanto, afrontar la esquizofrenia es un proceso de por vida. Desde el primer episodio psic\u00f3tico y ver el diagn\u00f3stico escrito en una ficha m\u00e9dica, hasta las dificultades de la vida diaria con s\u00edntomas negativos.<br>Existen tres m\u00e9todos principales para afrontar el estr\u00e9s en general: <mark style=\"background-color:#e65661\" class=\"has-inline-color\">ENFOQUE EN LAS EMOCIONES, ENFOQUE EN EL PROBLEMA Y ENFOQUE EN EL SIGNIFICADO<\/mark>.<br>Como su nombre lo indica, utilizamos el afrontamiento centrado en las emociones para minimizar el impacto negativo que el estr\u00e9s tiene en nuestras emociones. El afrontamiento centrado en el problema tiene como objetivo resolver directamente situaciones estresantes mediante la resoluci\u00f3n de problemas o la eliminaci\u00f3n del origen del estr\u00e9s. En el afrontamiento centrado en el significado, utilizamos nuestras creencias, valores y prop\u00f3sito en la vida para encontrar motivaci\u00f3n y positividad durante un momento dif\u00edcil. Debido a que cada persona, cada familia y cada caso de esquizofrenia son diferentes, las estrategias emocionales de afrontamiento que utilizan los cuidadores pueden estar en un amplio espectro. En un extremo de este espectro, est\u00e1 la completa <mark style=\"background-color:#e65661\" class=\"has-inline-color\">POSITIVIDAD<\/mark>: el sentimiento de estar en control, la creencia de que todo es igual que antes y la esperanza de una cura en un futuro no tan lejano. En el otro extremo del espectro, est\u00e1 la completa <mark style=\"background-color:#e65661\" class=\"has-inline-color\">NEGATIVIDAD<\/mark>: el sentimiento de resignaci\u00f3n, la creencia de que nada ser\u00e1 igual que antes y la desesperanza respecto al futuro.<br>\u00a0<br><strong>1.\u00a0\u00a0\u00a0\u00a0 Afrontamiento centrado en las emociones<\/strong><br>Los estudios indican que los familiares de personas con esquizofrenia utilizan principalmente estrategias de afrontamiento centradas en las emociones, y la estrategia m\u00e1s com\u00fan es evitar enfrentarse al problema. Este tipo de mecanismo de afrontamiento no se limita al estr\u00e9s de tener un familiar enfermo; puede ocurrir en todo tipo de situaciones estresantes. Solemos alejar los pensamientos estresantes en lugar de confrontarlos. Al hacerlo, no examinamos si eran verdaderos en primer lugar porque tratamos de protegerlos con mucha energ\u00eda. Con el tiempo, los pensamientos que alejamos comienzan a intrusar en nuestra conciencia, o estallan inesperadamente. As\u00ed, tenemos la sensaci\u00f3n de no poder controlar los sentimientos negativos y, sin embargo, estar a merced de ellos a largo plazo. Por lo tanto, intentamos suprimirlos a\u00fan m\u00e1s, creando un c\u00edrculo vicioso. El afrontamiento centrado en las emociones es menos \u00fatil para disminuir la angustia del cuidador.<br>Como consecuencia, <mark style=\"background-color:#e65661\" class=\"has-inline-color\">PUEDE TENER UN IMPACTO NEGATIVO PODEROSO<\/mark> no solo en el cuidador, sino tambi\u00e9n en la persona con esquizofrenia. Los estudios han revelado que usar la negaci\u00f3n como estrategia de afrontamiento puede llevar a una considerable carga para el cuidador. En algunos casos, el afrontamiento centrado en las emociones puede iniciar una cadena de eventos que resultan en el abandono completo del familiar con enfermedad mental a los servicios psiqui\u00e1tricos. Los mecanismos de afrontamiento de los cuidadores tambi\u00e9n pueden afectar la calidad de vida de la persona enferma, incluida la frecuencia de reca\u00eddas y hospitalizaciones.<br>\u00a0<br><strong>2.\u00a0\u00a0\u00a0\u00a0 Afrontamiento centrado en el problema<\/strong><br>Por el contrario, aquellos que recurren a estrategias de afrontamiento centradas en el problema experimentan una carga mucho menor. Algunas de estas estrategias incluyen aceptar la responsabilidad, buscar informaci\u00f3n, evaluar los aspectos positivos y negativos y resolver problemas de manera planificada, y buscar apoyo social. En el caso de la esquizofrenia, esto significa tomar medidas para hacer la vida m\u00e1s f\u00e1cil tanto para ti como para tu ser querido, como: unirse a grupos de apoyo, asegurar atenci\u00f3n m\u00e9dica y recursos financieros, tener una dieta equilibrada, dormir lo suficiente, mantenerse informado, etc. Encontrar el grupo de apoyo adecuado puede ayudar a disminuir los sentimientos originales de culpa, confusi\u00f3n y enojo, y construir m\u00e9todos para manejar el estr\u00e9s de tener a un ser querido con esquizofrenia. Un m\u00e9todo notable es transferir la responsabilidad del cuidado del paciente al resto de la familia. Esto puede fomentar un sentido de pertenencia y tambi\u00e9n una actitud de \u00abtodos estamos en esto juntos\u00bb que puede fortalecer los lazos familiares. Este enfoque permite tanto a ti como a la persona a la que cuidas adoptar una actitud m\u00e1s activa con respecto a la enfermedad.<br>En lugar de sentirse abrumado por problemas aparentemente insolubles, puedes abordarlos dividi\u00e9ndolos en problemas m\u00e1s peque\u00f1os y manejables. El afrontamiento centrado en el problema requiere mucha energ\u00eda mental y emocional, pero tambi\u00e9n proporciona m\u00e1s beneficios tanto para ti como para tu ser querido. Adem\u00e1s, hay evidencia de que el afrontamiento centrado en el problema <br><br><mark style=\"background-color:#e65661\" class=\"has-inline-color\">MEJORA LA CALIDAD DE VIDA.<\/mark><br>Aseg\u00farate de involucrar a tu ser querido en todas las decisiones relacionadas con el manejo de sus s\u00edntomas, su terapia e incluso su vida cotidiana. Tomar decisiones juntos no solo fortalecer\u00e1 su v\u00ednculo sino que tambi\u00e9n aumentar\u00e1 la posibilidad de que su decisi\u00f3n se materialice.<br>\u00a0<br><strong>3.\u00a0\u00a0\u00a0\u00a0 Afrontamiento centrado en el significado<\/strong><br>En cuanto al afrontamiento centrado en el significado, su objetivo es ayudarnos a ver eventos estresantes de la vida desde una perspectiva diferente y generar emociones positivas. Este tipo de afrontamiento incluye estrategias que nos permiten controlar activamente la situaci\u00f3n y llenar la rutina diaria de m\u00e1s significado. Una de estas estrategias es tratar de encontrar los beneficios del evento estresante que ha cambiado nuestra vida. <br>Estos beneficios pueden incluir una mayor sabidur\u00eda, paciencia y competencia, un mayor aprecio por la vida, una mejor comprensi\u00f3n de lo que es importante o relaciones sociales m\u00e1s s\u00f3lidas. Para valorar realmente estos beneficios, tenemos que recordarnos activamente de su existencia, a menudo a diario. Otra estrategia es adaptar nuestros objetivos bas\u00e1ndonos en las circunstancias cambiadas. Esto significa abandonar metas que ya no funcionan y encontrar nuevas que sean valiosas. Al aumentar las emociones positivas, se puede aliviar el estr\u00e9s de abandonar metas antiguas. Tambi\u00e9n es posible que tengas que reorganizar tus prioridades. <br>Si bien este proceso puede inducir estr\u00e9s, puede generar un renovado sentido de prop\u00f3sito y ayudarte a enfocarte en lo que m\u00e1s importa. Tambi\u00e9n puedes infundir eventos ordinarios con un significado positivo. Por ejemplo, puedes considerar la limpieza despu\u00e9s de la persona que cuidas como una forma de expresar amor.<br>El deseo de sentirse bien tiene un gran significado para mantener el bienestar mental y f\u00edsico durante los tiempos dif\u00edciles.<br>Con frecuencia, las personas recuerdan momentos dif\u00edciles como momentos cr\u00edticos que las estimularon a convertirse en versiones m\u00e1s aut\u00e9nticas de s\u00ed mismas. En estas circunstancias, las emociones positivas desempe\u00f1an un papel crucial, llevando a las personas a ver ciertos eventos bajo una luz m\u00e1s positiva, preservando energ\u00eda para afrontar el problema, as\u00ed como encontrar un significado en el estr\u00e9s y el sufrimiento.<\/p><\/div><\/div>\n\n\n\n<div class=\"wp-block-rea-separator-rea-separator-block rea-separator-block front\"><div class=\"rea-separator-block__content\"><hr class=\"rea-separator-block__separator\"><\/div><\/div>\n\n\n\n<div class=\"wp-block-rea-title-rea-title-block rea-title-block front\"><div class=\"rea-title-block__content\"><h3 id=\"strongconstruyendo-expectativas-realistasstrong\" class=\"content-title \"><strong>Construyendo expectativas realistas<\/strong><\/h3><h4 class=\"content-subtitle rea-hidden\"><\/h4><\/div><\/div>\n\n\n\n<figure class=\"wp-block-image size-large text-lg-center text-md-center text-sm-center text-center container\"><img loading=\"lazy\" decoding=\"async\" width=\"1024\" height=\"726\" src=\"https:\/\/espectroglobal.es\/publico\/wp-content\/uploads\/2024\/07\/Building-realistic-expectations-1024x726.webp\" alt=\"\" class=\"wp-image-3547\" style=\"object-fit:cover\" srcset=\"https:\/\/espectroglobal.es\/publico\/wp-content\/uploads\/2024\/07\/Building-realistic-expectations-1024x726.webp 1024w, https:\/\/espectroglobal.es\/publico\/wp-content\/uploads\/2024\/07\/Building-realistic-expectations-300x213.webp 300w, https:\/\/espectroglobal.es\/publico\/wp-content\/uploads\/2024\/07\/Building-realistic-expectations-768x544.webp 768w, https:\/\/espectroglobal.es\/publico\/wp-content\/uploads\/2024\/07\/Building-realistic-expectations.webp 1470w\" sizes=\"auto, (max-width: 1024px) 100vw, 1024px\" \/><\/figure>\n\n\n\n<div class=\"wp-block-rea-paragraph-rea-paragraph-block rea-paragraph-block front\"><div class=\"rea-paragraph-block__content\"><p class=\"content-text\">Como ocurre con todo lo que implica dos extremos, la verdad yace en alg\u00fan punto intermedio.<br>Se ha avanzado considerablemente en el tratamiento de la esquizofrenia, y muchas de las manifestaciones de la enfermedad que te preocupan pueden prevenirse o reducir su impacto. Al mismo tiempo, cuidar a alguien con esquizofrenia puede ser una experiencia desafiante para toda la familia. Tener un plan y un sentido de prop\u00f3sito, tanto para ti como para la persona a la que cuidas, puede mejorar significativamente el curso de la enfermedad.<br><br>Inf\u00f3rmate lo m\u00e1s posible sobre la esquizofrenia. Trabaja junto con la persona a la que cuidas para descubrir qu\u00e9 funciona mejor para ustedes. Los estudios muestran que la falta de informaci\u00f3n sobre la esquizofrenia conduce no solo a actitudes negativas hacia las enfermedades mentales, sino tambi\u00e9n a una mayor tasa de reca\u00eddas. La mejor manera de proporcionar el cuidado que tu ser querido necesita es desarrollar expectativas realistas y equilibradas sobre tu futuro juntos y el curso de la enfermedad. Puedes lograr esto aprendiendo todo lo que puedas sobre la esquizofrenia y manteni\u00e9ndote informado sobre todas las medidas preventivas y opciones de tratamiento posibles.<br><br>Desarrolla un plan de acci\u00f3n con responsabilidades claras que te ayudar\u00e1 a superar obst\u00e1culos y obtener un mayor control en el futuro. Conc\u00e9ntrate en encontrar soluciones para los problemas que enfrentas. Aborda todas las medidas que puedan evitar un escenario catastr\u00f3fico y promover un escenario \u00f3ptimo. Aseg\u00farate de establecer no solo tus responsabilidades sino tambi\u00e9n las de la persona a la que cuidas. Esto aumentar\u00e1 su confianza y mejorar\u00e1 significativamente la calidad de vida de ellos. Tambi\u00e9n debes considerar opciones de rehabilitaci\u00f3n, aspectos financieros y legales, y otras medidas pr\u00e1cticas que te permitir\u00e1n tener una visi\u00f3n m\u00e1s clara del camino por delante. Encontrar\u00e1s informaci\u00f3n \u00fatil sobre todos estos temas en los pr\u00f3ximos cap\u00edtulos de esta gu\u00eda.<\/p><\/div><\/div>\n\n\n\n<div class=\"wp-block-rea-separator-rea-separator-block rea-separator-block front\"><div class=\"rea-separator-block__content\"><hr class=\"rea-separator-block__separator\"><\/div><\/div>\n\n\n\n<div class=\"wp-block-rea-references-rea-references-block rea-references-block front\"><div class=\"rea-references-block__references\"><p class=\"references-title\">Referencias<\/p><ol class=\"references-list\"><li>Healthy grieving [Internet]. University of Washington. [cited 2020 Dec 23]. Available from: <a href=\"\" rel=\"nofollow noopener\" target=\"_blank\" class=\"is-external\">https:\/\/www.washington.edu\/counseling\/<svg class=\"external-link-svg\" viewbox=\"0 0 24 24\" version=\"1.1\" xmlns=\"http:\/\/www.w3.org\/2000\/svg\" xmlns:xlink=\"http:\/\/www.w3.org\/1999\/xlink\"><title>Icons\/External Link<\/title><desc>Created with Sketch.<\/desc><g stroke=\"none\" stroke-width=\"1\" fill=\"none\" fill-rule=\"evenodd\"><path d=\"M6.5,2.5 L17.5,2.5 C19.709139,2.5 21.5,4.290861 21.5,6.5 L21.5,17.5 C21.5,19.709139 19.709139,21.5 17.5,21.5 L6.5,21.5 C4.290861,21.5 2.5,19.709139 2.5,17.5 L2.5,6.5 C2.5,4.290861 4.290861,2.5 6.5,2.5 Z M7.00192259,5.00192259 C5.89735309,5.00192259 5.00192259,5.89735309 5.00192259,7.00192259 L5.00192259,16.9980774 C5.00192259,18.1026469 5.89735309,18.9980774 7.00192259,18.9980774 L16.9980774,18.9980774 C18.1026469,18.9980774 18.9980774,18.1026469 18.9980774,16.9980774 L18.9980774,7.00192259 C18.9980774,5.89735309 18.1026469,5.00192259 16.9980774,5.00192259 L7.00192259,5.00192259 Z M10.3905455,15.1686353 C10.1757571,15.3834236 9.82751639,15.3834236 9.61272803,15.1686353 L8.83491055,14.3908178 C8.62012219,14.1760294 8.62012219,13.8277887 8.83491055,13.6130003 L13.0641065,9.38380433 L11.6533146,7.98003051 C11.4379913,7.76577839 11.4371229,7.41753873 11.6513751,7.20221546 C11.7545978,7.09847666 11.894908,7.04015323 12.0412523,7.04015323 L16.4133926,7.04015323 C16.7171492,7.04015323 16.9633926,7.28639662 16.9633926,7.59015324 L16.9633926,11.9405438 C16.9633926,12.2443004 16.7171492,12.4905438 16.4133926,12.4905438 C16.2679987,12.4905438 16.1285198,12.4329734 16.0254548,12.330421 L14.6236205,10.9355603 L10.3905455,15.1686353 Z\" fill=\"#D8D8D8\" fill-rule=\"nonzero\" style=\"fill: rgb(0, 175, 170);\"><\/path><\/g><\/svg><\/a> resources-for-students\/healthy-grieving\/<\/li><li>Dayton T. Why We Grieve: The Importance of Mourning Loss [Internet]. HuffPost. [cited 2020 Dec 23]. Available from: https:\/\/www.huffpost.com<\/li><li>Rahmani F, Ranjbar F, Hosseinzadeh M, Razavi SS, Dickens GL, Vahidi M. Coping strategies of family caregivers of patients with schizophrenia in Iran: A cross-sectional survey. Int J Nurs Sci. 2019 Apr 10;6(2):148\u201353.<\/li><li>Schizophrenia [Internet]. American Association for Marriage and FamilyTherapy. [cited 2020 Dec 23]. Available from: https:\/\/www.aamft.org\/Consumer_Updates\/Schizophrenia.aspx<\/li><li>Folkman S. The case for positive emotions in the stress process. Anxiety Stress Coping. 2008 Jan;21(1):3\u201314.<\/li><li>Vauth R, Bull N, Schneider G. Emotionsund stigmafokussierte Angeh\u00f6rigenarbeit bei psychotischen St\u00f6rungen: Ein Behandlungsprogramm. G\u00f6ttingen: Hogrefe; 2009.<\/li><li>Moslehi S, Atefimanesh P, Asgharnejad Farid A. The relationship between problem- focused coping strategies and quality of life in schizophrenic patients. Med J Islam Repub Iran. 2015 Nov 11; 29:288.<\/li><\/ol><\/div><\/div>\n\n\n\n\n","protected":false},"excerpt":{"rendered":"","protected":false},"author":14,"featured_media":0,"parent":0,"menu_order":0,"comment_status":"closed","ping_status":"closed","template":"page-fullwidth.php","meta":{"_acf_changed":false,"rea_page_title_signed_in_meta_block_field":"","rea_page_title_signed_out_meta_block_field":"","rea_page_description_signed_in_meta_block_field":"","rea_page_description_signed_out_meta_block_field":"","rea_page_footer_id_meta_block_field":"","rea_page_footer_date_meta_block_field":"","footnotes":""},"class_list":["post-3542","page","type-page","status-publish","hentry"],"acf":[],"_links":{"self":[{"href":"https:\/\/espectroglobal.es\/publico\/wp-json\/wp\/v2\/pages\/3542","targetHints":{"allow":["GET"]}}],"collection":[{"href":"https:\/\/espectroglobal.es\/publico\/wp-json\/wp\/v2\/pages"}],"about":[{"href":"https:\/\/espectroglobal.es\/publico\/wp-json\/wp\/v2\/types\/page"}],"author":[{"embeddable":true,"href":"https:\/\/espectroglobal.es\/publico\/wp-json\/wp\/v2\/users\/14"}],"replies":[{"embeddable":true,"href":"https:\/\/espectroglobal.es\/publico\/wp-json\/wp\/v2\/comments?post=3542"}],"version-history":[{"count":4,"href":"https:\/\/espectroglobal.es\/publico\/wp-json\/wp\/v2\/pages\/3542\/revisions"}],"predecessor-version":[{"id":4906,"href":"https:\/\/espectroglobal.es\/publico\/wp-json\/wp\/v2\/pages\/3542\/revisions\/4906"}],"wp:attachment":[{"href":"https:\/\/espectroglobal.es\/publico\/wp-json\/wp\/v2\/media?parent=3542"}],"curies":[{"name":"wp","href":"https:\/\/api.w.org\/{rel}","templated":true}]}}