{"id":3307,"date":"2022-04-04T16:16:59","date_gmt":"2022-04-04T15:16:59","guid":{"rendered":"https:\/\/espectroglobal.es\/publico\/?page_id=3307"},"modified":"2022-11-11T11:20:37","modified_gmt":"2022-11-11T10:20:37","slug":"aviso-privacidad","status":"publish","type":"page","link":"https:\/\/espectroglobal.es\/publico\/aviso-privacidad\/","title":{"rendered":"Aviso de Privacidad"},"content":{"rendered":"\n<p><\/p>\n\n\n\n<div class=\"wp-block-rea-inpage-nav-rea-inpage-nav-block rea-inpage-nav-block front has-margin\"><div class=\"rea-inpage-nav-block__image\" style=\"background-image: url(https:\/\/espectroglobal.es\/publico\/wp-content\/uploads\/2019\/03\/wooden.png)\"><img decoding=\"async\" class=\"inpage-nav-background\" alt=\"\" src=\"https:\/\/espectroglobal.es\/publico\/wp-content\/uploads\/2019\/03\/wooden.png\"\/><\/div><div class=\"rea-inpage-nav-block__content\"><div class=\"rea-inpage-nav-block__content--wrapper\"><div class=\"text-wrapper\"><h2 class=\"inpage-nav-title\">Aviso de Privacidad<\/h2><ul class=\"inpage-nav-list\"><li><\/li><\/ul><\/div><div class=\"section-nav\"><h4 class=\"section-nav--title\"><\/h4><div class=\"section-nav--nav-items js-inpage-nav-items\"><\/div><\/div><\/div><\/div><\/div>\n\n\n\n<style>\nhtml p {\n\tfont-family: 'Open Sans', sans-serif;\n    font-weight: 300;\t}\n<\/style>\n\n\n\n<div class=\"wp-block-rea-paragraph-rea-paragraph-block rea-paragraph-block front\"><div class=\"rea-paragraph-block__content\"><p class=\"content-text\">Este aviso explica c\u00f3mo y por qu\u00e9 CASEN RECORDATI, S.L. utiliza sus datos personales, por ejemplo, cuando se registra en este sitio web (\u201cWeb\u201d) propiedad de CASEN RECORDATI, S.L., o cuando simplemente navega por esta Web. En todos los casos CASEN RECORDATI, S.L. entiende y respeta la privacidad y confidencialidad de sus datos personales.<br><br>En este aviso cuando hablamos sobre datos personales nos referimos a cualquier informaci\u00f3n relacionada con una persona f\u00edsica identificable (en este caso \u201cel Interesado\u201d o \u201custed\u201d). A los efectos del presente aviso, CASEN RECORDATI, S.L. es el responsable, es decir, CASEN RECORDATI, S.L. determina c\u00f3mo y en qu\u00e9 medida ser\u00e1n tratados sus datos personales (el responsable tambi\u00e9n se denomina en este aviso como \u201cnosotros\u201d, \u201cnuestro\u201d y \u201cnos\u201d).<br><br>Deber\u00eda leer este aviso, para que sepa qu\u00e9 datos personales recogemos sobre usted, qu\u00e9 hacemos con ellos y c\u00f3mo puede ejercer sus derechos al respecto. Tambi\u00e9n deber\u00eda leer cualquier otro aviso de privacidad que le facilitemos, que pueda ser aplicable en nuestra utilizaci\u00f3n de sus datos personales en circunstancias espec\u00edficas de forma ocasional. Si usted tiene preguntas sobre este aviso, puede contactar con el Delegado de Protecci\u00f3n de Datos del Grupo RECORDATI, o bien con la Persona Clave para la Privacidad de CASEN RECORDATI, S.L., cuyos datos de contacto figuran en el apartado siguiente.<br><br><br><strong>Responsable del Tratamiento \/ Delegado de Protecci\u00f3n de Datos<\/strong><br><br>Identidad: CASEN RECORDATI, S.L. \u2013 NIF: B81094922<br>Direcci\u00f3n postal: AUTOVIA LOGRO\u00d1O KM 13,300 \u2013 50180 \u2013 UTEBO \u2013 ZARAGOZA \u2013 (ESPA\u00d1A)<br>Delegado de Protecci\u00f3n de Datos del Grupo RECORDATI:\u00a0<a href=\"mailto:groupDPO@recordati.it\">groupDPO@recordati.it<\/a><br>Persona Clave para la Privacidad de CASEN RECORDATI, S.L.:\u00a0<a href=\"mailto:lopd@casenrecordati.com\">lopd@casenrecordati.com<\/a><br><br><strong>\u00bfQu\u00e9 tipo de datos personales recogemos y de d\u00f3nde los obtenemos?<\/strong><br><br>La informaci\u00f3n personal que tratamos sobre usted puede clasificarse ampliamente en dos categor\u00edas principales: (i) Informaci\u00f3n de Contacto; y (ii) Informaci\u00f3n sobre la Navegaci\u00f3n.<br><br>Recogemos sus datos personales de fuentes limitadas, en concreto las siguientes:<br><br>\u25aa Directamente a trav\u00e9s de usted, al proporcion\u00e1rnoslos de forma voluntaria al cumplimentar el formulario de registro en la Web.<br>\u25aa De forma autom\u00e1tica a trav\u00e9s de esta Web (consulte nuestra <a href=\"https:\/\/espectroglobal.es\/publico\/uso-de-cookies\/\" data-type=\"URL\" data-id=\"https:\/\/espectroglobal.es\/publico\/uso-de-cookies\/\" target=\"_blank\" rel=\"noreferrer noopener\">pol\u00edtica de cookies<\/a>).<br><br>La siguiente tabla establece los diferentes tipos de informaci\u00f3n personal que recogemos y las fuentes de donde la recogemos:<br><\/p><\/div><\/div>\n\n\n\n<figure class=\"wp-block-table\"><table><tbody><tr><td><strong>Categor\u00eda<\/strong><\/td><td><strong>Tipo de datos personales<\/strong><\/td><td><strong>Recogidos de<\/strong><\/td><\/tr><tr><td>Informaci\u00f3n de Contacto<\/td><td>\u2022 Nombre y apellidos \u2022 Email(s) \u2022 C\u00f3digo postal \u2022 Poblaci\u00f3n \u2022 Tipo de profesi\u00f3n sanitaria \u2022 N\u00famero de colegiado \u2022 Especialidad&nbsp;<\/td><td>\u2022 Usted<\/td><\/tr><tr><td>Informaci\u00f3n sobre la Navegaci\u00f3n<\/td><td>\u2022 Direcci\u00f3n IP, nombre de dominio del equipo utilizado por el Interesado, p\u00e1ginas visitadas, fecha y hora de la visita<\/td><td>\u2022 Usted y su uso de nuestra Web<\/td><\/tr><\/tbody><\/table><\/figure>\n\n\n\n<div class=\"wp-block-rea-paragraph-rea-paragraph-block rea-paragraph-block front\"><div class=\"rea-paragraph-block__content\"><p class=\"content-text\">No tratamos categor\u00edas especiales de datos personales, tales como aquellos datos relativos a la salud, datos gen\u00e9ticos y\/o datos biom\u00e9tricos, datos que revelen el origen \u00e9tnico o racial, las opiniones pol\u00edticas, las convicciones religiosas o filos\u00f3ficas, o la afiliaci\u00f3n sindical, o datos relativos a la vida sexual o la orientaci\u00f3n sexual de una persona f\u00edsica. Podemos elaborar perfiles individualizados y adoptar decisiones sobre la base del perfil generado.<br><br><strong>\u00bfQu\u00e9 hacemos con sus datos personales, y por qu\u00e9?<\/strong><br><br>Utilizamos sus datos personales con diferentes finalidades. Debemos tener siempre una \u201cbase legal\u201d (es decir un motivo, estipulado por ley) para tratar sus datos personales. La tabla siguiente establece los fines para los cuales tratamos las diferentes categor\u00edas de sus datos personales y la correspondiente base legal para dicho tratamiento. Para algunas actividades de tratamiento, consideramos que m\u00e1s de una base legal puede ser aplicable, dependiendo de las circunstancias:<br><br><strong>1. <\/strong>Visitantes de la Web<\/p><\/div><\/div>\n\n\n\n<figure class=\"wp-block-table\"><table><tbody><tr><td><strong>Categor\u00eda de la informaci\u00f3n<\/strong><\/td><td><strong>Finalidades del tratamiento<\/strong><\/td><td><strong>Base legal<\/strong><\/td><\/tr><tr><td>Informaci\u00f3n de Contacto<\/td><td>\u2022 Responder a sus consultas<\/td><td>\u2022 Inter\u00e9s leg\u00edtimo (es importante que podamos responder a sus consultas)<\/td><\/tr><tr><td>Informaci\u00f3n sobre la Navegaci\u00f3n<\/td><td>\u2022 Seguimiento y gesti\u00f3n de informaci\u00f3n estad\u00edstica con respecto al uso de nuestra Web, y an\u00e1lisis y mejora de su funcionalidad<\/td><td>\u2022 Inter\u00e9s leg\u00edtimo (necesitamos realizar este seguimiento rutinario limitado para asegurarnos de que nuestra Web funciona correctamente)<\/td><\/tr><\/tbody><\/table><\/figure>\n\n\n\n<div class=\"wp-block-rea-paragraph-rea-paragraph-block rea-paragraph-block front\"><div class=\"rea-paragraph-block__content\"><p class=\"content-text\"><strong>2. <\/strong>Profesionales sanitarios<\/p><\/div><\/div>\n\n\n\n<p><\/p>\n\n\n\n<figure class=\"wp-block-table\"><table><tbody><tr><td><strong>Categor\u00eda de la informaci\u00f3n<\/strong><\/td><td><strong>Finalidades del tratamiento<\/strong><\/td><td><strong>Base legal<\/strong><\/td><\/tr><tr><td>Informaci\u00f3n de Contacto<\/td><td>\u2022 Responder a sus consultas<\/td><td>\u2022 Inter\u00e9s leg\u00edtimo (es importante que podamos responder a sus consultas) \u2022 Consentimiento<\/td><\/tr><tr><td>Informaci\u00f3n de Contacto<\/td><td>\u2022 Llevar a cabo actividades de visita m\u00e9dica, as\u00ed como la gesti\u00f3n de actividades promocionales relacionadas con el \u00e1mbito propio de negocio de nuestra compa\u00f1\u00eda, incluyendo expresamente la posibilidad de ser contactado para participar en estudios de investigaci\u00f3n de mercado que decidamos llevar a cabo, enviarle comunicaciones comerciales por medios electr\u00f3nicos e informaci\u00f3n sobre actualizaciones de la Web. La elaboraci\u00f3n de perfiles individualizados y la adopci\u00f3n de decisiones sobre la base del perfil generado.<br>\u2022 Entender c\u00f3mo impactan nuestros productos en sus pacientes, supervisar y responder a preocupaciones en materia de seguridad y seguir desarrollando y mejorando nuestros productos y servicios. Por ejemplo, podemos crear un registro sobre usted para decidir si invitarle a participar en varios programas, paneles de expertos o encuestas sobre nuestros productos o servicios.<\/td><td>\u2022 Inter\u00e9s leg\u00edtimo (necesitamos usar ciertos datos personales para nuestras estrategias de desarrollo de negocio; tenemos un inter\u00e9s leg\u00edtimo en asegurarnos de que estamos continuamente mejorando nuestra oferta de productos y servicios, y en poder facilitarle informaci\u00f3n sobre proyectos relacionados con nuestro \u00e1mbito com\u00fan de actividad) \u2022 Consentimiento<\/td><\/tr><\/tbody><\/table><\/figure>\n\n\n\n<div class=\"wp-block-rea-paragraph-rea-paragraph-block rea-paragraph-block front\"><div class=\"rea-paragraph-block__content\"><p class=\"content-text\"><strong>3. <\/strong>Visitantes de la Web y profesionales sanitarios.<\/p><\/div><\/div>\n\n\n\n<p><\/p>\n\n\n\n<figure class=\"wp-block-table\"><table><tbody><tr><td><strong>Categor\u00eda de la informaci\u00f3n<\/strong><\/td><td><strong>Finalidades del tratamiento<\/strong><\/td><td><strong>Base legal<\/strong><\/td><\/tr><tr><td>Toda la Informaci\u00f3n<\/td><td>\u2022 Establecer y hacer cumplir nuestros derechos y obligaciones legales y gestionar la identificaci\u00f3n y registro de cualquier actividad fraudulenta; Cumplir con las instrucciones de los organismos encargados de hacer cumplir la ley, de cualquier tribunal o seg\u00fan pueda ser requerido por ley; resolver cualquier reclamaci\u00f3n o litigio con usted.<\/td><td>\u2022 Cumplir con una obligaci\u00f3n legal<\/td><\/tr><\/tbody><\/table><\/figure>\n\n\n\n<div class=\"wp-block-rea-paragraph-rea-paragraph-block rea-paragraph-block front\"><div class=\"rea-paragraph-block__content\"><p class=\"content-text\"><strong>4. <\/strong>Cookies<br><br>En el caso de los visitantes de la Web, a fin de agilizar y mejorar la navegaci\u00f3n por dicha Web se utilizan cookies cuando estos acceden al mismo. Para m\u00e1s informaci\u00f3n con respecto a c\u00f3mo usamos las cookies, por favor lea nuestra <a href=\"https:\/\/espectroglobal.es\/publico\/uso-de-cookies\/\" data-type=\"URL\" data-id=\"https:\/\/espectroglobal.es\/publico\/uso-de-cookies\/\" target=\"_blank\" rel=\"noreferrer noopener\">pol\u00edtica de cookies<\/a>.<br><br><strong>\u00bfCon qui\u00e9n compartimos sus datos personales, y por qu\u00e9?<\/strong><br><br><strong>1. <\/strong>Sus datos personales podemos compartimos con terceros, incluyendo los siguientes:<br><br><strong>(i) <\/strong>Compa\u00f1\u00edas del grupo RECORDATI, cuando sea necesario para los fines arriba mencionados (puede verificar dichas compa\u00f1\u00edas de nuestro grupo en \u00a0<a href=\"http:\/\/www.recordati.com\/en\/pharmaceutical_operations\/markets\" rel=\"nofollow noopener\" target=\"_blank\">www.recordati.com\/en\/pharmaceutical_operations\/markets<\/a>).<br><br><strong>(ii) <\/strong>Nuestros socios comerciales en \u00e1reas de actividad com\u00fan, igualmente cuando sea necesario para los fines arriba mencionados (puede verificar dichas entidades en\u00a0<a href=\"https:\/\/www.recordati.com\/en\/partnering\/selected_partnerships\/\" rel=\"nofollow noopener\" target=\"_blank\">https:\/\/www.recordati.com\/en\/partnering\/selected_partnerships\/<\/a>; en particular, para el producto REAGILA con la compa\u00f1\u00eda titular del mismo, Gedeon Richter Plc., con domicilio en 1103 Budapest, Gy\u00f6mr\u0151i \u00fat 19-21. Su pol\u00edtica de privacidad consultarse en la <a href=\"https:\/\/www.gedeonrichter.es\/politica-de-privacidad\" data-type=\"URL\" data-id=\"https:\/\/www.gedeonrichter.es\/politica-de-privacidad\" target=\"_blank\" rel=\"noreferrer noopener nofollow\">pol\u00edtica de privacidad de Gedeon Richter Plc.<\/a><br><br><strong>(iii) <\/strong>Juzgados y tribunales, en caso de que se nos haya solicitado responder a una orden judicial u otras peticiones vinculantes.<br><br><strong>(iv) <\/strong>Autoridades reguladoras y organismos encargados de hacer cumplir la ley, en caso necesario para cualquier investigaci\u00f3n o para responder a encuestas en relaci\u00f3n con nuestro cumplimiento de las leyes o regulaciones aplicables; y<br><br><strong>(v) <\/strong>Asesores profesionales (tales como abogados, contables y auditores).<br><br>Estas organizaciones tambi\u00e9n usar\u00e1n sus datos personales como un \u201cresponsable\u201d, tendr\u00e1n su propio aviso de privacidad que deber\u00eda leer, y tienen sus propias responsabilidades para cumplir con las normas aplicables sobre protecci\u00f3n de datos.<br><br><strong>2. <\/strong>Tambi\u00e9n les podemos pedir a terceros prestadores de servicios llevar a cabo ciertas funciones empresariales para nosotros, los cuales actuar\u00e1n como encargados del tratamiento. Estas funciones incluyen:<br><br><strong>(i) <\/strong>Soporte IT y otros servicios relacionados de ayuda al correcto funcionamiento de nuestra Web, gesti\u00f3n del registro de acceso a la Web, y otros sistemas y aplicaciones;<br><br><strong>(ii) <\/strong>Proveedores de servicios que nos ayudan en la organizaci\u00f3n de eventos, gestionando la log\u00edstica y reservas de viajes; y<br><br><strong>(iii) <\/strong>Proveedores de servicios de comunicaci\u00f3n, incluyendo compa\u00f1\u00edas que env\u00edan encuestas y comunicaciones en nuestro nombre<br><br>Tendremos suscrito un contrato con nuestros proveedores de servicios que limitar\u00e1 la manera c\u00f3mo pueden tratar sus datos personales e impondr\u00e1 est\u00e1ndares de seguridad adecuados sobre ellos.<br><br><strong>3. <\/strong>No transferiremos sus datos personales fuera de la Uni\u00f3n Europea.<br><br><strong>\u00bfC\u00f3mo mantenemos seguros sus datos personales?<\/strong><br><br><strong>1. <\/strong>Implementaremos medidas de seguridad adecuadas para proteger sus datos personales de cualquier tratamiento il\u00edcito o no autorizado y p\u00e9rdida, destrucci\u00f3n o da\u00f1o accidental.<br><br><strong>2. <\/strong>Sin embargo, tenga en cuenta que, en relaci\u00f3n con los datos personales que nos env\u00ede online, no podemos garantizar totalmente la seguridad de los datos que recibamos de esta forma. La transmisi\u00f3n de datos por internet se har\u00e1 bajo su propia responsabilidad.<br><br><strong>\u00bfDurante cu\u00e1nto tiempo conservaremos sus datos personales?<\/strong><br><br><strong>1. <\/strong>Solamente conservaremos sus datos personales durante un periodo de tiempo limitado, y no excederemos del tiempo necesario para cumplir con los fines para los que los estamos tratando. Esto depender\u00e1 de un n\u00famero de factores, incluyendo: (i) cualesquiera normas que se nos requieran seguir; (ii) si las dos partes estamos en un litigio o con cualquier tercero; (iii) el tipo de informaci\u00f3n que guardamos sobre usted; y (iv) si usted o una autoridad reguladora nos requiere mantener sus datos personales por un motivo v\u00e1lido. En todo caso no conservaremos sus datos m\u00e1s all\u00e1 de los plazos de conservaci\u00f3n y de prescripci\u00f3n de responsabilidades legalmente previstos.<br><br><strong>2. <\/strong>Cuando ya no sea necesario conservar dichos datos para tales fines, se suprimir\u00e1n con medidas de seguridad adecuadas para garantizar la seudonimizaci\u00f3n de los datos o la destrucci\u00f3n total de los mismos.<br><br><strong>\u00bfCu\u00e1les son sus derechos en materia de protecci\u00f3n de datos, y c\u00f3mo puede ejercerlos?<\/strong><br><br><strong>1. <\/strong>En el caso de que nuestro tratamiento de sus datos personales se base en su consentimiento, usted tiene derecho a retirar su consentimiento en cualquier momento, sin que ello afecte a la licitud del tratamiento basado en el consentimiento previo a su retirada. Si decide retirar el consentimiento, dejaremos de tratar sus datos personales para ese fin, a menos que haya otra base legal en la cual nos podamos apoyar, en cuyo caso le informaremos.<br><br><strong>2. <\/strong>En el supuesto de que el tratamiento de sus datos personales se base en el inter\u00e9s leg\u00edtimo, usted podr\u00e1 oponerse a este tratamiento en cualquier momento. Si lo hace, dejaremos de tratar tales datos, a menos que le comuniquemos o bien la existencia de una raz\u00f3n imperiosa por la cual dicho tratamiento deber\u00eda continuar, o bien porque tal tratamiento sea necesario para establecer, ejercer o defender una demanda legal.<br><br><strong>3. <\/strong>Tiene derecho a (con sujeci\u00f3n a ciertas limitaciones) a:<br><br><strong>(I) <\/strong>acceder a sus datos personales y que se le facilite cierta informaci\u00f3n en relaci\u00f3n con ellos, como el fin para el cual se tratan sus datos, las personas a quienes se divulgan y el periodo durante el cual se guardar\u00e1n;<br><br><a href=\"https:\/\/www.aepd.es\/media\/formularios\/formulario-derecho-de-acceso.pdf\" rel=\"nofollow noopener\" target=\"_blank\">DERECHO DE ACCESO<\/a><br><br><strong>(II) <\/strong>requerirnos que rectifiquemos cualquier error en sus datos personales sin demoras indebidas;<br><br><a href=\"https:\/\/www.aepd.es\/media\/formularios\/formulario-derecho-de-rectificacion.pdf\" rel=\"nofollow noopener\" target=\"_blank\">DERECHO DE RECTIFICACI\u00d3N<\/a><br><br><strong>(III)<\/strong> requerirnos que borremos sus datos personales;<br><br><a href=\"https:\/\/www.aepd.es\/media\/formularios\/formulario-derecho-de-supresion.pdf\" rel=\"nofollow noopener\" target=\"_blank\">DERECHO DE SUPRESI\u00d3N<\/a><br><br><strong>(IV) <\/strong>requerirnos que restrinjamos el tratamiento de sus datos personales;<br><br><a href=\"https:\/\/www.aepd.es\/media\/formularios\/formulario-derecho-de-limitacion.pdf\" rel=\"nofollow noopener\" target=\"_blank\">DERECHO A LA LIMITACI\u00d3N DEL TRATAMIENTO<\/a><br><br><strong>(V) <\/strong>recibir los datos personales que nos ha facilitado, en un formato de lectura electr\u00f3nica, en el caso de que estemos tratando sus datos con base en su consentimiento o porque es necesario para su contrato con nosotros, y ello en caso de que el tratamiento sea automatizado;<br><br><a href=\"https:\/\/www.aepd.es\/media\/formularios\/formulario-derecho-de-portabilidad.pdf\" rel=\"nofollow noopener\" target=\"_blank\">DERECHO A LA PORTABILIDAD<\/a><br><br><strong>(VI) <\/strong>oponerse a una decisi\u00f3n que tomemos basada solamente en el tratamiento automatizado de sus datos personales.<br><br><a href=\"https:\/\/www.aepd.es\/media\/formularios\/formulario-derecho-de-oposicion.pdf\" rel=\"nofollow noopener\" target=\"_blank\">DERECHO DE OPOSICI\u00d3N<\/a><br><br>En el supuesto de que desee ejercer cualquiera de los mencionados derechos, por favor, cont\u00e1ctenos en (<a href=\"mailto:lopd@casenrecordati.com\">lopd@casenrecordati.com).<\/a><br><br><strong>4. <\/strong>Tambi\u00e9n le recomendamos que nos informe si tiene alguna preocupaci\u00f3n sobre c\u00f3mo estamos tratando sus datos personales para que podamos intentar solventar dicha situaci\u00f3n. Asimismo, si considera que estamos incumpliendo nuestras obligaciones en virtud de la normativa sobre protecci\u00f3n de datos, siempre est\u00e1 en su derecho de presentar una reclamaci\u00f3n ante la autoridad supervisora competente (en Espa\u00f1a la Agencia Espa\u00f1ola de Protecci\u00f3n de Datos \u2013\u00a0<a href=\"http:\/\/www.aepd.es\/\" rel=\"nofollow noopener\" target=\"_blank\">www.aepd.es<\/a>).<br><br>Este aviso puede ser objeto de futuras actualizaciones por lo que le recomendamos que peri\u00f3dicamente consulte su contenido.<br><br>Para cualquier duda o sugerencia, por favor escr\u00edbanos a <a href=\"mailto:lopd@casenrecordati.com\">lopd@casenrecordati.com<\/a>.<\/p><\/div><\/div>\n","protected":false},"excerpt":{"rendered":"<p>Categor\u00eda Tipo de datos personales Recogidos de Informaci\u00f3n de Contacto \u2022 Nombre y apellidos \u2022 Email(s) \u2022 C\u00f3digo postal \u2022 Poblaci\u00f3n \u2022 Tipo de profesi\u00f3n sanitaria \u2022 N\u00famero de colegiado \u2022 Especialidad&nbsp; \u2022 Usted Informaci\u00f3n sobre la Navegaci\u00f3n \u2022 Direcci\u00f3n IP, nombre de dominio del equipo utilizado por el Interesado, p\u00e1ginas visitadas, fecha y hora [&hellip;]<\/p>\n","protected":false},"author":6,"featured_media":0,"parent":0,"menu_order":0,"comment_status":"closed","ping_status":"closed","template":"page-fullwidth.php","meta":{"_acf_changed":false,"rea_page_title_signed_in_meta_block_field":"","rea_page_title_signed_out_meta_block_field":"","rea_page_description_signed_in_meta_block_field":"","rea_page_description_signed_out_meta_block_field":"","rea_page_footer_id_meta_block_field":"","rea_page_footer_date_meta_block_field":"","footnotes":""},"class_list":["post-3307","page","type-page","status-publish","hentry"],"acf":[],"_links":{"self":[{"href":"https:\/\/espectroglobal.es\/publico\/wp-json\/wp\/v2\/pages\/3307","targetHints":{"allow":["GET"]}}],"collection":[{"href":"https:\/\/espectroglobal.es\/publico\/wp-json\/wp\/v2\/pages"}],"about":[{"href":"https:\/\/espectroglobal.es\/publico\/wp-json\/wp\/v2\/types\/page"}],"author":[{"embeddable":true,"href":"https:\/\/espectroglobal.es\/publico\/wp-json\/wp\/v2\/users\/6"}],"replies":[{"embeddable":true,"href":"https:\/\/espectroglobal.es\/publico\/wp-json\/wp\/v2\/comments?post=3307"}],"version-history":[{"count":17,"href":"https:\/\/espectroglobal.es\/publico\/wp-json\/wp\/v2\/pages\/3307\/revisions"}],"predecessor-version":[{"id":3371,"href":"https:\/\/espectroglobal.es\/publico\/wp-json\/wp\/v2\/pages\/3307\/revisions\/3371"}],"wp:attachment":[{"href":"https:\/\/espectroglobal.es\/publico\/wp-json\/wp\/v2\/media?parent=3307"}],"curies":[{"name":"wp","href":"https:\/\/api.w.org\/{rel}","templated":true}]}}