{"id":2874,"date":"2020-07-24T14:23:27","date_gmt":"2020-07-24T13:23:27","guid":{"rendered":"http:\/\/espectroglobal.es\/publico\/?page_id=2874"},"modified":"2025-12-19T09:33:16","modified_gmt":"2025-12-19T08:33:16","slug":"delirios-y-paranoia-hay-alguna-diferencia","status":"publish","type":"page","link":"https:\/\/espectroglobal.es\/publico\/delirios-y-paranoia-hay-alguna-diferencia\/","title":{"rendered":"Delirios y paranoia: \u00bfHay alguna diferencia?"},"content":{"rendered":"\n<div class=\"wp-block-rea-inpage-nav-rea-inpage-nav-block rea-inpage-nav-block front has-margin\"><div class=\"rea-inpage-nav-block__image\" style=\"background-image: url(https:\/\/espectroglobal.es\/publico\/wp-content\/uploads\/2019\/03\/wood_bg.jpg)\"><img decoding=\"async\" class=\"inpage-nav-background\" alt=\"\" src=\"https:\/\/espectroglobal.es\/publico\/wp-content\/uploads\/2019\/03\/wood_bg.jpg\"><\/div><div class=\"rea-inpage-nav-block__content\"><div class=\"rea-inpage-nav-block__content--wrapper\"><div class=\"text-wrapper\"><h2 class=\"inpage-nav-title\">Delirios y paranoia: \u00bfHay alguna diferencia?<\/h2><ul class=\"inpage-nav-list\"><\/ul><\/div><div class=\"section-nav\"><h4 class=\"section-nav--title\">En esta secci\u00f3n<\/h4><div class=\"section-nav--nav-items js-inpage-nav-items\"><\/div><\/div><\/div><\/div><\/div>\n\n\n\n<div class=\"wp-block-rea-paragraph-rea-paragraph-block rea-paragraph-block front\"><div class=\"rea-paragraph-block__content\"><p class=\"content-text\"><br>\u00abParanoia\u00bb y \u00abdelirios\u00bb son t\u00e9rminos que se utilizan en psiquiatr\u00eda y que a menudo est\u00e1n interrelacionadas en las enfermedades de salud mental. Los pensamientos paranoides y los delirios pueden aparecer en diversas enfermedades psiqui\u00e1tricas, como la esquizofrenia y la man\u00eda, pero tambi\u00e9n en la depresi\u00f3n, el abuso de sustancias o la demencia. La esquizofrenia suele asociarse a delirios y paranoia. De hecho, la forma m\u00e1s frecuente de esquizofrenia se denomina esquizofrenia paranoide\u00b9, y los delirios son s\u00edntomas frecuentes de la esquizofrenia\u00b9.<br>\u00a0<br>En el lenguaje com\u00fan, estos dos t\u00e9rminos se utilizan a menudo como sin\u00f3nimos. Muchos usuarios no tienen del todo claro cu\u00e1les son sus definiciones respectivas, pero ambos t\u00e9rminos se utilizan a menudo, especialmente para expresar enfado por el comportamiento de la otra persona: \u00ab\u00a1No haces m\u00e1s que delirar!\u00bb o \u00ab\u00a1Te est\u00e1s volviendo paranoico!\u00bb Pero \u00bfqu\u00e9 significan realmente estos dos t\u00e9rminos? \u00bfY cu\u00e1l es la diferencia entre ellos?<br><br><\/p><\/div><\/div>\n\n\n\n<div class=\"wp-block-rea-separator-rea-separator-block rea-separator-block front\"><div class=\"rea-separator-block__content\"><hr class=\"rea-separator-block__separator\"><\/div><\/div>\n\n\n\n<div class=\"wp-block-rea-title-rea-title-block rea-title-block front\"><div class=\"rea-title-block__content\"><h3 id=\"strongdeliriosstrong\" class=\"content-title \"><strong>Delirios<\/strong><\/h3><h4 class=\"content-subtitle rea-hidden\"><\/h4><\/div><\/div>\n\n\n\n<div class=\"wp-block-rea-paragraph-rea-paragraph-block rea-paragraph-block front\"><div class=\"rea-paragraph-block__content\"><p class=\"content-text\">Los delirios pueden definirse como \u00abcreencias fijas que no son modificables a pesar de que las evidencias demuestran lo contrario\u00b2\u00bb.\u00a0 En otras palabras, una persona con delirios no est\u00e1 dispuesta a cambiar una creencia que tiene sobre algo, aunque haya evidencias de que su creencia es completamente incorrecta e infundada.\u00a0 A continuaci\u00f3n se presentan algunos ejemplos\u00b2 de los diferentes tipos de delirios para que quede m\u00e1s claro:<br>\u00a0<\/p><\/div><\/div>\n\n\n\n<div class=\"wp-block-rea-list-rea-list-block rea-list-block front\"><div class=\"rea-list-block__wrapper\"><div class=\"list-unordered list\"><p>Delirios persecutorios (los m\u00e1s frecuentes), tambi\u00e9n conocidos como delirios paranoides<\/p><p>Referencial (tambi\u00e9n frecuente)<\/p><p>Som\u00e1ticos<\/p><p>De grandiosidad<\/p><p>Erotoman\u00edaco<\/p><p>Nihilista<\/p><\/div><\/div><\/div>\n\n\n\n<div class=\"wp-block-rea-paragraph-rea-paragraph-block rea-paragraph-block front\"><div class=\"rea-paragraph-block__content\"><p class=\"content-text\"><br><\/p><\/div><\/div>\n\n\n\n<div class=\"wp-block-rea-illustration-rea-illustration-block rea-illustration-block front\"><img class=\"illustration-bg\" alt=\"\"><div class=\"rea-illustration-block__content\"><div class=\"rea-illustration-block__image image-wrapper\"><a href=\"https:\/\/espectroglobal.es\/publico\/wp-content\/uploads\/2020\/09\/LR002-Inside-article-image.jpg\" rel=\"noopener noreferrer\" target=\"_blank\" class=\"\"><img decoding=\"async\" class=\"illustration center\" alt=\"\" src=\"https:\/\/espectroglobal.es\/publico\/wp-content\/uploads\/2020\/09\/LR002-Inside-article-image.jpg\" style=\"max-width: 80%\"><img decoding=\"async\" class=\"rea-mobile illustration-mobile\" alt=\"\" src=\"https:\/\/espectroglobal.es\/publico\/wp-content\/uploads\/2020\/09\/LR002-Inside-article-image.jpg\"><\/a><\/div><p class=\"rea-site__caption caption-text align-center\"><\/p><\/div><\/div>\n\n\n\n<div class=\"wp-block-rea-paragraph-rea-paragraph-block rea-paragraph-block front\"><div class=\"rea-paragraph-block__content\"><p class=\"content-text\"><br>Los delirios se consideran extravagantes \u00absi son claramente inveros\u00edmiles y no comprensibles para los compa\u00f1eros de la misma cultura y no proceden de experiencias de vida normales\u00bb<sup>2<\/sup>. Por ejemplo, una persona que cree que una fuerza externa le ha extirpado los \u00f3rganos internos y los ha sustituido por los de otra persona sin dejar heridas ni cicatrices est\u00e1 teniendo un delirio extravagante.\u00a0 Por otro lado, un ejemplo de delirio no extravagante es la creencia de que la persona est\u00e1 bajo vigilancia de la polic\u00eda, a pesar de la falta de pruebas convincentes.\u00a0 Los delirios suelen considerarse extravagantes si expresan una p\u00e9rdida de control de la mente o el cuerpo.\u00a0 Estos son algunos ejemplos<sup>2<\/sup>:<\/p><\/div><\/div>\n\n\n\n<div class=\"wp-block-rea-list-rea-list-block rea-list-block front\">\n    <div class=\"rea-list-block__wrapper\">\n        <div class=\"list-unordered list\">\n            <p>Robo del pensamiento<\/p>\n            <div class=\"rea-list-block__wrapper\" style=\"margin: -1em 7.27% -1em 3.27%\">\n                <div class=\"list-unordered list\">\n                    <p style=\"list-style: circle\">Creencia de que alguna fuerza externa \u00abelimina\u00bb los propios pensamientos<\/p>\n                <\/div>\n            <\/div>\n            <p>Inserci\u00f3n del pensamiento<\/p>\n            <div class=\"rea-list-block__wrapper\" style=\"margin: -1em 7.27% -1em 3.27%\">\n                <div class=\"list-unordered list\">\n                    <p style=\"list-style: circle\">Creencia de que se han implantado pensamientos ajenos en la propia mente<\/p>\n                <\/div>\n            <\/div>\n            <p>Delirios de control<\/p>\n            <div class=\"rea-list-block__wrapper\" style=\"margin: -1em 7.27% -1em 3.27%\">\n                <div class=\"list-unordered list\">\n                    <p style=\"list-style: circle\">Creencia de alguna fuerza externa est\u00e1 manipulando el propio cuerpo o las acciones<\/p>\n                <\/div>\n            <\/div>\n        <\/div>\n    <\/div>\n<\/div>\n\n\n\n<div class=\"wp-block-rea-paragraph-rea-paragraph-block rea-paragraph-block front\"><div class=\"rea-paragraph-block__content\"><p class=\"content-text\"><br>A veces resulta dif\u00edcil diferenciar entre un delirio y una idea muy arraigada<sup>2<\/sup>.  Esto puede depender de la firmeza con que se defienda la creencia, aunque haya pruebas muy claras\/razonables que demuestren que no es cierta.<br><br><\/p><\/div><\/div>\n\n\n\n<div class=\"wp-block-rea-separator-rea-separator-block rea-separator-block front\"><div class=\"rea-separator-block__content\"><hr class=\"rea-separator-block__separator\"><\/div><\/div>\n\n\n\n<br><br><div class=\"wp-block-rea-title-rea-title-block rea-title-block front\"><div class=\"rea-title-block__content\"><h3 id=\"paranoia\" class=\"content-title \">Paranoia<\/h3><h4 class=\"content-subtitle rea-hidden\"><\/h4><\/div><\/div><br>\n\n\n\n<div class=\"wp-block-rea-paragraph-rea-paragraph-block rea-paragraph-block front\"><div class=\"rea-paragraph-block__content\"><p class=\"content-text\">La paranoia puede definirse como \u00abuna desconfianza infundada o exagerada de los dem\u00e1s<sup>3<\/sup>\u00bb. Los individuos paranoides sospechan constantemente de las intenciones de quienes los rodean y creen que ciertas personas, o la gente en general, \u00abvan a por ellos<sup>3<\/sup>\u00bb. Los pensamientos paranoides no son infrecuentes y pueden afectar a todas las personas en un momento u otro de su vida. Piense, por ejemplo, que vuelve caminando a casa por la noche y un coche se acerca lentamente hacia usted, o que la gente susurra y se le queda mirando cuando pasa. En estos casos no es raro sentir miedo de que esas personas puedan ir a por usted, aunque no pase nada.<br>\u00a0<br>La paranoia solo se vuelve problem\u00e1tica cuando alcanza dimensiones cl\u00ednicas, es decir, delirantes. En tales casos, como se ha descrito anteriormente, la persona se vuelve inflexible y no acepta pruebas claras que son contrarias a su creencia fija. Entonces la paranoia se transforma en un delirio persecutorio\/paranoide en el que alguien siente que otra persona o un grupo u organizaci\u00f3n va a por ella<sup>1<\/sup>. Otros delirios, como las creencias nihilistas, el robo del pensamiento, la inserci\u00f3n del pensamiento y los delirios de control, tambi\u00e9n pueden empeorar la paranoia y, por tanto, el delirio persecutorio. Adem\u00e1s, las alucinaciones, que son \u00abimpresiones sensoriales (vista, tacto, o\u00eddo, olfato o gusto) que no se basan en est\u00edmulos externos<sup>1<\/sup>\u00bb, tambi\u00e9n pueden causar delirios paranoides.\u00a0 La persona experimenta y cree\/siente que las alucinaciones son reales y puede volverse temerosa\/paranoide si cree que estas alucinaciones proceden de personas hostiles.<br><br><\/p><\/div><\/div>\n\n\n\n<div class=\"wp-block-rea-separator-rea-separator-block rea-separator-block front\"><div class=\"rea-separator-block__content\"><hr class=\"rea-separator-block__separator\"><\/div><\/div>\n\n\n\n<br><br><div class=\"wp-block-rea-title-rea-title-block rea-title-block front\"><div class=\"rea-title-block__content\"><h3 id=\"strongconclusionesstrong\" class=\"content-title \"><strong>CONCLUSIONES<\/strong><\/h3><h4 class=\"content-subtitle rea-hidden\"><\/h4><\/div><\/div><br>\n\n\n\n<div class=\"wp-block-rea-paragraph-rea-paragraph-block rea-paragraph-block front\"><div class=\"rea-paragraph-block__content\"><p class=\"content-text\">En resumen, los delirios y la paranoia pueden estar estrechamente relacionados entre s\u00ed. En pocas palabras, la paranoia es el miedo infundado o exagerado a los dem\u00e1s y puede volverse delirante si este miedo no se puede modificar ni siquiera a la luz de evidencias s\u00f3lidas, en cuyo caso se convierte en un delirio paranoide. Por consiguiente, la paranoia (si es grave) puede considerarse un tipo de delirio, mientras que los delirios representan un grupo m\u00e1s grande. Pueden aparecer delirios sin signos de paranoia y al contrario.\u00a0 Tanto los delirios como la paranoia pueden ser de distinta intensidad y, cuando son graves, pueden provocar enfermedades mentales debilitantes.\u00a0<br><\/p><\/div><\/div>\n\n\n\n<div class=\"wp-block-rea-references-rea-references-block rea-references-block front\"><div class=\"rea-references-block__references\"><p class=\"references-title\">Referencias<\/p><ol class=\"references-list\"><li>WHO. <em>ICD-10 Version: 2019<\/em>. (2019).<\/li><li>DSM V.  <em>American Psychiatric Association: Diagnostic and Statistical Manual of Mental Disorders: Diagnostic and Statistical Manual of Mental Disorders, Fifth Edition. Arlington, VA: American Psychiatric Association, 2013.<\/em> (2013).<\/li><li>The Free Dictionary by Farlex. https:\/\/medical-dictionary.thefreedictionary.com\/.<\/li><\/ol><\/div><\/div>\n\n\n\n\n","protected":false},"excerpt":{"rendered":"<p>Robo del pensamiento Creencia de que alguna fuerza externa \u00abelimina\u00bb los propios pensamientos Inserci\u00f3n del pensamiento Creencia de que se han implantado pensamientos ajenos en la propia mente Delirios de control Creencia de alguna fuerza externa est\u00e1 manipulando el propio cuerpo o las acciones Paranoia<\/p>\n","protected":false},"author":1,"featured_media":2884,"parent":0,"menu_order":0,"comment_status":"closed","ping_status":"closed","template":"page-fullwidth.php","meta":{"_acf_changed":false,"rea_page_title_signed_in_meta_block_field":"Delirios y paranoia: \u00bfHay alguna diferencia?","rea_page_title_signed_out_meta_block_field":"Delirios y paranoia: \u00bfHay alguna diferencia?","rea_page_description_signed_in_meta_block_field":"\u00abParanoia\u00bb y \u00abdelirios\u00bb son t\u00e9rminos que se utilizan en psiquiatr\u00eda y que a menudo est\u00e1n interrelacionadas en las enfermedades de salud mental.","rea_page_description_signed_out_meta_block_field":"\u00abParanoia\u00bb y \u00abdelirios\u00bb son t\u00e9rminos que se utilizan en psiquiatr\u00eda y que a menudo est\u00e1n interrelacionadas en las enfermedades de salud mental.","rea_page_footer_id_meta_block_field":"","rea_page_footer_date_meta_block_field":"","footnotes":""},"class_list":["post-2874","page","type-page","status-publish","has-post-thumbnail","hentry"],"acf":[],"_links":{"self":[{"href":"https:\/\/espectroglobal.es\/publico\/wp-json\/wp\/v2\/pages\/2874","targetHints":{"allow":["GET"]}}],"collection":[{"href":"https:\/\/espectroglobal.es\/publico\/wp-json\/wp\/v2\/pages"}],"about":[{"href":"https:\/\/espectroglobal.es\/publico\/wp-json\/wp\/v2\/types\/page"}],"author":[{"embeddable":true,"href":"https:\/\/espectroglobal.es\/publico\/wp-json\/wp\/v2\/users\/1"}],"replies":[{"embeddable":true,"href":"https:\/\/espectroglobal.es\/publico\/wp-json\/wp\/v2\/comments?post=2874"}],"version-history":[{"count":19,"href":"https:\/\/espectroglobal.es\/publico\/wp-json\/wp\/v2\/pages\/2874\/revisions"}],"predecessor-version":[{"id":4910,"href":"https:\/\/espectroglobal.es\/publico\/wp-json\/wp\/v2\/pages\/2874\/revisions\/4910"}],"wp:featuredmedia":[{"embeddable":true,"href":"https:\/\/espectroglobal.es\/publico\/wp-json\/wp\/v2\/media\/2884"}],"wp:attachment":[{"href":"https:\/\/espectroglobal.es\/publico\/wp-json\/wp\/v2\/media?parent=2874"}],"curies":[{"name":"wp","href":"https:\/\/api.w.org\/{rel}","templated":true}]}}