{"id":2370,"date":"2020-01-15T07:54:36","date_gmt":"2020-01-15T07:54:36","guid":{"rendered":"https:\/\/espectroglobal.es\/publico\/?page_id=2370"},"modified":"2025-12-19T09:33:16","modified_gmt":"2025-12-19T08:33:16","slug":"como-puedo-ayudar","status":"publish","type":"page","link":"https:\/\/espectroglobal.es\/publico\/como-puedo-ayudar\/","title":{"rendered":"\u00bfC\u00f3mo puedo ayudar a alguien con esquizofrenia?"},"content":{"rendered":"\n<div class=\"wp-block-rea-inpage-nav-rea-inpage-nav-block rea-inpage-nav-block front has-margin\"><div class=\"rea-inpage-nav-block__image\" style=\"background-image: url(https:\/\/espectroglobal.es\/publico\/wp-content\/uploads\/2019\/03\/wooden.png)\"><img decoding=\"async\" class=\"inpage-nav-background\" alt=\"\" src=\"https:\/\/espectroglobal.es\/publico\/wp-content\/uploads\/2019\/03\/wooden.png\"><\/div><div class=\"rea-inpage-nav-block__content\"><div class=\"rea-inpage-nav-block__content--wrapper\"><div class=\"text-wrapper\"><h2 class=\"inpage-nav-title\">\u00bfC\u00f3mo puedo ayudar a alguien con esquizofrenia?<\/h2><ul class=\"inpage-nav-list\"><li>Usted no tiene la culpa de que la persona tenga esquizofrenia.<\/li><li>La persona afectada no tiene la culpa de tener esquizofrenia.<\/li><li>Usted no puede curar su enfermedad.<\/li><li>Las creencias o alucinaciones que tienen estas personas son muy reales para ellas.<\/li><li>La persona no es el trastorno.<\/li><li>Incluso el mejor puede cometer errores.<\/li><\/ul><\/div><div class=\"section-nav\"><h4 class=\"section-nav--title\">En esta secci\u00f3n<\/h4><div class=\"section-nav--nav-items js-inpage-nav-items\"><\/div><\/div><\/div><\/div><\/div>\n\n\n\n<br><div class=\"wp-block-rea-title-rea-title-block rea-title-block front\"><div class=\"rea-title-block__content\"><h3 id=\"\" class=\"content-title rea-hidden\"><\/h3><h4 class=\"content-subtitle \">1. Busque m\u00e1s informaci\u00f3n sobre la esquizofrenia<\/h4><\/div><\/div>\n\n\n\n<div class=\"wp-block-rea-paragraph-rea-paragraph-block rea-paragraph-block front\"><div class=\"rea-paragraph-block__content\"><p class=\"content-text\">Aprender sobre la esquizofrenia es importante para comprender las fases, los s\u00edntomas y lo que puede estar pasando una persona. Hay mucha informaci\u00f3n equivocada acerca de la esquizofrenia: dedique tiempo a conocer los mitos y las realidades.<br><br><\/p><\/div><\/div>\n\n\n\n<div class=\"wp-block-rea-title-rea-title-block rea-title-block front\"><div class=\"rea-title-block__content\"><h3 id=\"\" class=\"content-title rea-hidden\"><\/h3><h4 class=\"content-subtitle \">2. Conozca los signos de las reca\u00eddas <\/h4><\/div><\/div>\n\n\n\n<div class=\"wp-block-rea-paragraph-rea-paragraph-block rea-paragraph-block front\"><div class=\"rea-paragraph-block__content\"><p class=\"content-text\">Los s\u00edntomas y la evoluci\u00f3n de la enfermedad son diferentes en cada persona con esquizofrenia. Si sabe reconocer los signos de que una persona con esquizofrenia se est\u00e1 poniendo peor, podr\u00e1 ayudarle a controlar su enfermedad. Preste atenci\u00f3n a estos indicios<sup>2<\/sup>:<\/p><\/div><\/div>\n\n\n\n<div class=\"wp-block-rea-list-rea-list-block rea-list-block front\"><div class=\"rea-list-block__wrapper\"><div class=\"list-unordered list\"><p> Falta de apetito.<\/p><p> Ansiedad o estr\u00e9s.<\/p><p> Alteraci\u00f3n del sue\u00f1o.<\/p><p> Sentimientos de suspicacia o miedo.<\/p><p> Preocupaci\u00f3n por las intenciones de los dem\u00e1s.<\/p><p> O\u00edr voces silenciosas de vez en cuando.<\/p><p>Dificultad para concentrarse.<\/p><\/div><\/div><\/div>\n\n\n\n<div class=\"wp-block-rea-paragraph-rea-paragraph-block rea-paragraph-block front\"><div class=\"rea-paragraph-block__content\"><p class=\"content-text\">Si reconoce estos signos, aseg\u00farese de que la persona tenga acceso a su medicaci\u00f3n y considere la posibilidad de buscar m\u00e1s apoyo.<br><br><\/p><\/div><\/div>\n\n\n\n<div class=\"wp-block-rea-title-rea-title-block rea-title-block front\"><div class=\"rea-title-block__content\"><h3 id=\"\" class=\"content-title rea-hidden\"><\/h3><h4 class=\"content-subtitle \">3. Busque toda la ayuda especializada que pueda<\/h4><\/div><\/div>\n\n\n\n<div class=\"wp-block-rea-paragraph-rea-paragraph-block rea-paragraph-block front\"><div class=\"rea-paragraph-block__content\"><p class=\"content-text\">Hay muchos programas de apoyo y servicios para las personas con esquizofrenia. Cuantas m\u00e1s opciones de asesoramiento profesional tenga, m\u00e1s f\u00e1cil resultar\u00e1 todo en los momentos m\u00e1s complicados.<br><br><\/p><\/div><\/div>\n\n\n\n<div class=\"wp-block-rea-title-rea-title-block rea-title-block front\"><div class=\"rea-title-block__content\"><h3 id=\"\" class=\"content-title rea-hidden\"><\/h3><h4 class=\"content-subtitle \">4. Aseg\u00farese de que se est\u00e9 tomando la medicaci\u00f3n<\/h4><\/div><\/div>\n\n\n\n<div class=\"wp-block-rea-paragraph-rea-paragraph-block rea-paragraph-block front\"><div class=\"rea-paragraph-block__content\"><p class=\"content-text\">Es importante que las personas con esquizofrenia tomen su medicaci\u00f3n de la manera prescrita. Esto puede ayudar a prevenir las reca\u00eddas<sup>2<\/sup>. Cuando el paciente se sienta bien, ay\u00fadele a establecer una rutina para que siga con el tratamiento. Colabore con \u00e9l para superar los olvidos que pueda tener.<br><br><\/p><\/div><\/div>\n\n\n\n<div class=\"wp-block-rea-title-rea-title-block rea-title-block front\"><div class=\"rea-title-block__content\"><h3 id=\"\" class=\"content-title rea-hidden\"><\/h3><h4 class=\"content-subtitle \"><strong>5. Aseg\u00farese de que su ser querido est\u00e9 bien<\/strong><\/h4><\/div><\/div>\n\n\n\n<div class=\"wp-block-rea-paragraph-rea-paragraph-block rea-paragraph-block front\"><div class=\"rea-paragraph-block__content\"><p class=\"content-text\">A las personas con esquizofrenia les puede resultar dif\u00edcil pensar con claridad y cuidar de s\u00ed mismas o de los dem\u00e1s\u00b9. Si tienen una persona dependiente a su cargo, usted quiz\u00e1 pueda ayudar echando una mano en las actividades del d\u00eda a d\u00eda, como las tareas dom\u00e9sticas o las compras. Tambi\u00e9n puede estar en contacto para asegurarse de que est\u00e9 bien.<br><br><\/p><\/div><\/div>\n\n\n\n<div class=\"wp-block-rea-title-rea-title-block rea-title-block front\"><div class=\"rea-title-block__content\"><h3 id=\"\" class=\"content-title rea-hidden\"><\/h3><h4 class=\"content-subtitle \"><strong>6. Ay\u00fadele a encontrar ocupaciones que merezcan la pena y a aprender nuevas habilidades<\/strong><\/h4><\/div><\/div>\n\n\n\n<div class=\"wp-block-rea-paragraph-rea-paragraph-block rea-paragraph-block front\"><div class=\"rea-paragraph-block__content\"><p class=\"content-text\">Es importante que el paciente se centre en las cosas positivas, en las que disfruta o en las que hace bien. Trate de fijar objetivos peque\u00f1os y realistas y de ayudar a encontrar empleos o habilidades que sean asumibles y merezcan la pena. Recuerde que la dificultad para concentrarse es un s\u00edntoma de la esquizofrenia, por lo que es importante tener paciencia\u00b9.<br><br><\/p><\/div><\/div>\n\n\n\n<div class=\"wp-block-rea-title-rea-title-block rea-title-block front\"><div class=\"rea-title-block__content\"><h3 id=\"\" class=\"content-title rea-hidden\"><\/h3><h4 class=\"content-subtitle \"><strong>7. Cu\u00eddese<\/strong><\/h4><\/div><\/div>\n\n\n\n<div class=\"wp-block-rea-paragraph-rea-paragraph-block rea-paragraph-block front\"><div class=\"rea-paragraph-block__content\"><p class=\"content-text\">Nunca es f\u00e1cil ver a alguien que conoce sufrir por la esquizofrenia. No olvide prestar atenci\u00f3n a sus propias necesidades y dedicarse tiempo para usted.<\/p><\/div><\/div>\n\n\n\n<div class=\"wp-block-rea-list-rea-list-block rea-list-block front\"><div class=\"rea-list-block__wrapper\"><div class=\"list-unordered list\"><p> Buscar a alguien con quien hablar sobre sus sentimientos.<\/p><p> Mant\u00e9ngase en contacto con amigos y familiares.<\/p><p> No se tome como algo personal los comportamientos ni las palabras hirientes.<\/p><\/div><\/div><\/div>\n\n\n\n<div class=\"wp-block-rea-paragraph-rea-paragraph-block rea-paragraph-block front\"><div class=\"rea-paragraph-block__content\"><p class=\"content-text\">En el Reino Unido, puede encontrar recursos \u00fatiles para ocuparse de su bienestar y cuidar a las personas que le rodean con organizaciones como Mind UK y Rethink Mental Illness. Si reside en otro lugar, busque recursos de instituciones y organizaciones de salud mental que presten servicios en su zona.<\/p><\/div><\/div>\n\n\n\n<div class=\"wp-block-rea-references-rea-references-block rea-references-block front\"><div class=\"rea-references-block__references\"><p class=\"references-title\">Referencias<\/p><ol class=\"references-list\"><li>NIMH, Schizophrenia, 2016. https:\/\/www.nimh.nih.gov\/health\/topics\/schizophrenia\/index.shtml<sup> <\/sup>[Accessed Jul 2019]<\/li><li>NHS, Living with schizophrenia, 2016. https:\/\/www.nhs.uk\/conditions\/schizophrenia\/living-with\/ [Accessed Jul 2019]<\/li><\/ol><\/div><\/div>\n\n\n\n\n","protected":false},"excerpt":{"rendered":"","protected":false},"author":1,"featured_media":1167,"parent":0,"menu_order":0,"comment_status":"closed","ping_status":"closed","template":"page-fullwidth.php","meta":{"_acf_changed":false,"rea_page_title_signed_in_meta_block_field":"Esquizofrenia: c\u00f3mo ayudar","rea_page_title_signed_out_meta_block_field":"Esquizofrenia: c\u00f3mo ayudar","rea_page_description_signed_in_meta_block_field":"Aprender sobre la esquizofrenia es importante para entender las fases, los s\u00edntomas y lo que una persona puede estar pasando. Hay mucha informaci\u00f3n err\u00f3nea en torno a la esquizofrenia, as\u00ed que t\u00f3mate tu tiempo para averiguar qu\u00e9 es un mito y qu\u00e9 es la verdad.","rea_page_description_signed_out_meta_block_field":"Aprender sobre la esquizofrenia es importante para entender las fases, los s\u00edntomas y lo que una persona puede estar pasando. Hay mucha informaci\u00f3n err\u00f3nea en torno a la esquizofrenia, as\u00ed que t\u00f3mate tu tiempo para averiguar qu\u00e9 es un mito y qu\u00e9 es la verdad.","rea_page_footer_id_meta_block_field":"","rea_page_footer_date_meta_block_field":"","footnotes":""},"class_list":["post-2370","page","type-page","status-publish","has-post-thumbnail","hentry"],"acf":[],"_links":{"self":[{"href":"https:\/\/espectroglobal.es\/publico\/wp-json\/wp\/v2\/pages\/2370","targetHints":{"allow":["GET"]}}],"collection":[{"href":"https:\/\/espectroglobal.es\/publico\/wp-json\/wp\/v2\/pages"}],"about":[{"href":"https:\/\/espectroglobal.es\/publico\/wp-json\/wp\/v2\/types\/page"}],"author":[{"embeddable":true,"href":"https:\/\/espectroglobal.es\/publico\/wp-json\/wp\/v2\/users\/1"}],"replies":[{"embeddable":true,"href":"https:\/\/espectroglobal.es\/publico\/wp-json\/wp\/v2\/comments?post=2370"}],"version-history":[{"count":47,"href":"https:\/\/espectroglobal.es\/publico\/wp-json\/wp\/v2\/pages\/2370\/revisions"}],"predecessor-version":[{"id":4911,"href":"https:\/\/espectroglobal.es\/publico\/wp-json\/wp\/v2\/pages\/2370\/revisions\/4911"}],"wp:featuredmedia":[{"embeddable":true,"href":"https:\/\/espectroglobal.es\/publico\/wp-json\/wp\/v2\/media\/1167"}],"wp:attachment":[{"href":"https:\/\/espectroglobal.es\/publico\/wp-json\/wp\/v2\/media?parent=2370"}],"curies":[{"name":"wp","href":"https:\/\/api.w.org\/{rel}","templated":true}]}}