{"id":2338,"date":"2020-01-14T15:09:52","date_gmt":"2020-01-14T15:09:52","guid":{"rendered":"https:\/\/espectroglobal.es\/publico\/?page_id=2338"},"modified":"2025-12-19T09:33:16","modified_gmt":"2025-12-19T08:33:16","slug":"embarazo-y-esquizofrenia","status":"publish","type":"page","link":"https:\/\/espectroglobal.es\/publico\/embarazo-y-esquizofrenia\/","title":{"rendered":"Compatibilizar la esquizofrenia y el embarazo"},"content":{"rendered":"\n<div class=\"wp-block-rea-inpage-nav-rea-inpage-nav-block rea-inpage-nav-block front has-margin\"><div class=\"rea-inpage-nav-block__image\" style=\"background-image: url(https:\/\/espectroglobal.es\/publico\/wp-content\/uploads\/2019\/03\/wooden.png)\"><img decoding=\"async\" class=\"inpage-nav-background\" alt=\"\" src=\"https:\/\/espectroglobal.es\/publico\/wp-content\/uploads\/2019\/03\/wooden.png\"><\/div><div class=\"rea-inpage-nav-block__content\"><div class=\"rea-inpage-nav-block__content--wrapper\"><div class=\"text-wrapper\"><h2 class=\"inpage-nav-title\">Compatibilizar la esquizofrenia y el embarazo<\/h2><ul class=\"inpage-nav-list\"><li>Las mujeres con esquizofrenia pueden tener un embarazo saludable y un beb\u00e9 sano. Es importante que consulte a su profesional sanitario sobre su tratamiento m\u00e9dico y que contin\u00fae con la terapia conversacional.<\/li><li>Si conoce a una embarazada que tenga esquizofrenia, puede ser una parte esencial de su red de apoyo simplemente escuch\u00e1ndola y prepar\u00e1ndose con antelaci\u00f3n.<\/li><\/ul><\/div><div class=\"section-nav\"><h4 class=\"section-nav--title\">En esta secci\u00f3n<\/h4><div class=\"section-nav--nav-items js-inpage-nav-items\"><\/div><\/div><\/div><\/div><\/div>\n\n\n\n<div class=\"wp-block-rea-paragraph-rea-paragraph-block rea-paragraph-block front\"><div class=\"rea-paragraph-block__content\"><p class=\"content-text\"><br>Puede tener un embarazo saludable y un beb\u00e9 sano pese a tener esquizofrenia, y cuidarse usted misma la ayudar\u00e1 a cuidar a su hijo. Lo primero que debe hacer es hablar con sus m\u00e9dicos para que pueda recibir el tratamiento y la atenci\u00f3n adecuados para controlar la esquizofrenia y para que usted y su beb\u00e9 est\u00e9n sanos. Su m\u00e9dico puede darle recomendaciones acerca de lo mejor para su situaci\u00f3n, lo que la ayudar\u00e1 a sentirse m\u00e1s preparada y en control. A continuaci\u00f3n encontrar\u00e1 algunos consejos sobre la esquizofrenia y el embarazo.<br><br><\/p><\/div><\/div>\n\n\n\n<div class=\"wp-block-rea-separator-rea-separator-block rea-separator-block front\"><div class=\"rea-separator-block__content\"><hr class=\"rea-separator-block__separator\"><\/div><\/div>\n\n\n\n<br><br><div class=\"wp-block-rea-title-rea-title-block rea-title-block front\"><div class=\"rea-title-block__content\"><h3 id=\"brstrongtengo-esquizofrenia-y-quiero-tener-un-hijostrong\" class=\"content-title \"><br><strong>Tengo esquizofrenia y quiero tener un hijo<\/strong><\/h3><h4 class=\"content-subtitle rea-hidden\"><\/h4><\/div><\/div><br>\n\n\n\n<div class=\"wp-block-rea-title-rea-title-block rea-title-block front\"><div class=\"rea-title-block__content\"><h3 id=\"\" class=\"content-title rea-hidden\"><\/h3><h4 class=\"content-subtitle \">\u00bfPuedo transmitir la esquizofrenia a mi hijo?<\/h4><\/div><\/div>\n\n\n\n<div class=\"wp-block-rea-paragraph-rea-paragraph-block rea-paragraph-block front\"><div class=\"rea-paragraph-block__content\"><p class=\"content-text\">Aunque la esquizofrenia tiende a ser hereditaria, se cree que no hay ning\u00fan gen concreto responsable\u00b9. Es m\u00e1s probable que haya diferentes combinaciones de genes que influyan en el riesgo de padecer esquizofrenia. Adem\u00e1s, los factores ambientales, como los acontecimientos vitales estresantes, pueden desempe\u00f1ar un papel tan importante en la aparici\u00f3n de esquizofrenia como los factores gen\u00e9ticos<sup><sup>2<\/sup><\/sup>.<br><br><br><\/p><\/div><\/div>\n\n\n\n<div class=\"wp-block-rea-title-rea-title-block rea-title-block front\"><div class=\"rea-title-block__content\"><h3 id=\"\" class=\"content-title rea-hidden\"><\/h3><h4 class=\"content-subtitle \">\u00bfPodr\u00eda influir mi medicaci\u00f3n antipsic\u00f3tica en mis posibilidades de quedar embarazada?<\/h4><\/div><\/div>\n\n\n\n<div class=\"wp-block-rea-paragraph-rea-paragraph-block rea-paragraph-block front\"><div class=\"rea-paragraph-block__content\"><p class=\"content-text\">Si actualmente est\u00e1 controlando sus s\u00edntomas con medicaci\u00f3n, debe hablar con su m\u00e9dico sobre los riesgos de tratar o no tratar la esquizofrenia. Continuar con la medicaci\u00f3n prescrita puede tener riesgos para su futuro hijo, pero si no toma la medicaci\u00f3n, podr\u00eda sentirse muy mal<sup><sup>3<\/sup><\/sup>. <br> <br>Algunos antipsic\u00f3ticos aumentan las concentraciones de prolactina en la sangre\u2074. Aunque la prolactina es \u00fatil para preparar el cuerpo para el embarazo, un exceso de prolactina puede influir en las posibilidades de quedarse embarazada y su m\u00e9dico puede decidir cambiarle de medicaci\u00f3n<sup>5<\/sup>. Tambi\u00e9n pueden aparecer trastornos menstruales cuando los niveles de prolactina son altos, lo que puede influir en la libido y la fertilidad<sup>4<\/sup>. Es importante que hable con su m\u00e9dico para saber qu\u00e9 medicamento es el m\u00e1s adecuado para usted.<br><br><br><\/p><\/div><\/div>\n\n\n\n<div class=\"wp-block-rea-title-rea-title-block rea-title-block front\"><div class=\"rea-title-block__content\"><h3 data-short=\"\" id=\"\" class=\"content-title rea-hidden\"><\/h3><h4 class=\"content-subtitle \">\u00bfC\u00f3mo pueden ayudar las terapias conversacionales?<\/h4><\/div><\/div>\n\n\n\n<div class=\"wp-block-rea-paragraph-rea-paragraph-block rea-paragraph-block front\"><div class=\"rea-paragraph-block__content\"><p class=\"content-text\">En general, siempre es bueno tener a alguien con quien hablar y su red de apoyo de familiares, amigos y compa\u00f1eros puede ayudarla a afrontar el estr\u00e9s durante y despu\u00e9s del embarazo, y tambi\u00e9n la esquizofrenia. Las terapias conversacionales ofrecen un entorno m\u00e1s profesional donde puede hablar con alguien que est\u00e9 capacitado para ayudarla a manejar su esquizofrenia.<br> <br>En concreto, la terapia cognitivo-conductual (TCC), la terapia de aceptaci\u00f3n y compromiso (ACT) o las terapias art\u00edsticas son terapias conversacionales que puede probar adem\u00e1s de la medicaci\u00f3n. Pueden ayudarla cambiando su forma de pensar y comportarse y, por tanto, hacer que los s\u00edntomas de la esquizofrenia sean m\u00e1s manejables. Estos tratamientos tambi\u00e9n son \u00fatiles para la psicosis posparto, una enfermedad mental rara pero grave que puede afectar a las mujeres poco despu\u00e9s de dar a luz<sup>6<\/sup>.<br><br><\/p><\/div><\/div>\n\n\n\n<div class=\"wp-block-rea-separator-rea-separator-block rea-separator-block front\"><div class=\"rea-separator-block__content\"><hr class=\"rea-separator-block__separator\"><\/div><\/div>\n\n\n\n<br><br><div class=\"wp-block-rea-title-rea-title-block rea-title-block front\"><div class=\"rea-title-block__content\"><h3 id=\"brstrongtengo-esquizofrenia-y-estoy-embarazadastrong\" class=\"content-title \"><br><strong>Tengo esquizofrenia y estoy embarazada<\/strong><\/h3><h4 class=\"content-subtitle rea-hidden\"><\/h4><\/div><\/div><br>\n\n\n\n<div class=\"wp-block-rea-title-rea-title-block rea-title-block front\"><div class=\"rea-title-block__content\"><h3 id=\"\" class=\"content-title rea-hidden\"><\/h3><h4 class=\"content-subtitle \">\u00bfCu\u00e1les son los riesgos para mi salud si tomo medicaci\u00f3n antipsic\u00f3tica durante el embarazo?<\/h4><\/div><\/div>\n\n\n\n<div class=\"wp-block-rea-paragraph-rea-paragraph-block rea-paragraph-block front\"><div class=\"rea-paragraph-block__content\"><p class=\"content-text\">Los antipsic\u00f3ticos tienen efectos secundarios para la salud, pero el riesgo de sufrir complicaciones concretas aumenta ligeramente si tambi\u00e9n est\u00e1 embarazada.<br> <br>Un extenso estudio canadiense revel\u00f3 que las mujeres embarazadas con esquizofrenia, en comparaci\u00f3n con las que no ten\u00edan ninguna enfermedad mental diagnosticada, ten\u00edan probabilidades ligeramente mayores de sufrir<sup>7<\/sup>:<\/p><\/div><\/div>\n\n\n\n<div class=\"wp-block-rea-list-rea-list-block rea-list-block front\"><div class=\"rea-list-block__wrapper\"><div class=\"list-unordered list\"><p>Preeclampsia<\/p><p>Trombosis venosa profunda<\/p><p>Parto prematuro<\/p><p>Peso al nacer bajo o elevado para la edad gestacional<\/p><p>Diabetes relacionada con el embarazo<\/p><p>Hipertensi\u00f3n cr\u00f3nica<\/p><\/div><\/div><\/div>\n\n\n\n<div class=\"wp-block-rea-paragraph-rea-paragraph-block rea-paragraph-block front\"><div class=\"rea-paragraph-block__content\"><p class=\"content-text\"><br>Aunque las mujeres del estudio tuvieron que permanecer en el hospital con m\u00e1s frecuencia que la media, los m\u00e9dicos son ahora m\u00e1s conscientes de los posibles riesgos; de este modo, pueden desarrollarse estrategias adecuadas de gesti\u00f3n de riesgos para apoyar a las mujeres con esquizofrenia que quieren quedarse embarazadas o est\u00e1n embarazadas. A la hora de evaluar el riesgo\/beneficio de la medicaci\u00f3n antipsic\u00f3tica, su m\u00e9dico puede tener en cuenta (entre otros aspectos):<\/p><\/div><\/div>\n\n\n\n<div class=\"wp-block-rea-list-rea-list-block rea-list-block front\"><div class=\"rea-list-block__wrapper\"><div class=\"list-unordered list\"><p>Los factores de riesgo de diabetes gestacional y aumento de peso excesivo.<\/p><p>Los datos de seguridad disponibles de estos f\u00e1rmacos en el embarazo y durante el per\u00edodo posnatal.<\/p><p>El riesgo de reca\u00edda sin medicaci\u00f3n<sup>8<\/sup>.<\/p><\/div><\/div><\/div>\n\n\n\n<div class=\"wp-block-rea-paragraph-rea-paragraph-block rea-paragraph-block front\"><div class=\"rea-paragraph-block__content\"><p class=\"content-text\"><br>Es importante que siga las indicaciones de su m\u00e9dico y comprenda la importancia de controlar sus s\u00edntomas durante el embarazo <sup>9,10<\/sup>. Si usted y su m\u00e9dico tienen conversaciones abiertas y sinceras sobre los posibles riesgos del embarazo y los cambios de tratamiento, tendr\u00e1 m\u00e1s probabilidades de tener un embarazo saludable y bien controlado.<br><br><br><\/p><\/div><\/div>\n\n\n\n<div class=\"wp-block-rea-title-rea-title-block rea-title-block front\"><div class=\"rea-title-block__content\"><h3 id=\"\" class=\"content-title rea-hidden\"><\/h3><h4 class=\"content-subtitle \">\u00bfCu\u00e1les son los riesgos para mi beb\u00e9 si tomo la medicaci\u00f3n antipsic\u00f3tica durante el embarazo?<\/h4><\/div><\/div>\n\n\n\n<div class=\"wp-block-rea-paragraph-rea-paragraph-block rea-paragraph-block front\"><div class=\"rea-paragraph-block__content\"><p class=\"content-text\">Es poco probable que la toma de antipsic\u00f3ticos durante el embarazo provoque efectos secundarios graves en el feto (por ejemplo, anomal\u00edas cong\u00e9nitas), pero puede estar asociada a partos prematuros, bajo peso al nacer y efectos de abstinencia neonatal (debido a la exposici\u00f3n de la medicaci\u00f3n al beb\u00e9 mientras est\u00e1 en el \u00fatero). Sin embargo, la mayor\u00eda de las pruebas provienen del uso de antipsic\u00f3ticos de la generaci\u00f3n anterior y no de los antipsic\u00f3ticos m\u00e1s nuevos (\u00abat\u00edpicos\u00bb)<sup>4<\/sup>. Hable con su m\u00e9dico si le preocupa la salud de su beb\u00e9 mientras toma la medicaci\u00f3n y \u00e9l evaluar\u00e1 si necesita cambiar de medicaci\u00f3n mientras dure su embarazo.<br><br><br><\/p><\/div><\/div>\n\n\n\n<div class=\"wp-block-rea-title-rea-title-block rea-title-block front\"><div class=\"rea-title-block__content\"><h3 id=\"\" class=\"content-title rea-hidden\"><\/h3><h4 class=\"content-subtitle \">\u00bfQu\u00e9 m\u00e1s puedo hacer durante el embarazo para mejorar mi salud f\u00edsica y mental?<\/h4><\/div><\/div>\n\n\n\n<div class=\"wp-block-rea-paragraph-rea-paragraph-block rea-paragraph-block front\"><div class=\"rea-paragraph-block__content\"><p class=\"content-text\">Hay muchas cosas que puede hacer para mantener su bienestar durante el embarazo:<\/p><\/div><\/div>\n\n\n\n<div class=\"wp-block-rea-list-rea-list-block rea-list-block front\"><div class=\"rea-list-block__wrapper\"><div class=\"list-unordered list\"><p>Mantenga una alimentaci\u00f3n saludable y haga ejercicio f\u00edsico.<\/p><p>Tome suplementos diarios de \u00e1cido f\u00f3lico<sup>1<\/sup>. <\/p><p>Reduzca el consumo de alcohol. Debe dejar de beber si es posible.<\/p><p>Deje de fumar.<\/p><p>Practique t\u00e9cnicas para reducir el estr\u00e9s, como la relajaci\u00f3n muscular y la meditaci\u00f3n.<\/p><p>Establezca buenos patrones de sue\u00f1o.<\/p><\/div><\/div><\/div>\n\n\n\n<div class=\"wp-block-rea-paragraph-rea-paragraph-block rea-paragraph-block front\"><div class=\"rea-paragraph-block__content\"><p class=\"content-text\"><br><\/p><\/div><\/div>\n\n\n\n<div class=\"wp-block-rea-title-rea-title-block rea-title-block front\"><div class=\"rea-title-block__content\"><h3 id=\"\" class=\"content-title rea-hidden\"><\/h3><h4 class=\"content-subtitle \"><br>\u00bfDebo continuar con mi medicaci\u00f3n cuando haya nacido mi hijo (despu\u00e9s del parto)?<\/h4><\/div><\/div>\n\n\n\n<div class=\"wp-block-rea-paragraph-rea-paragraph-block rea-paragraph-block front\"><div class=\"rea-paragraph-block__content\"><p class=\"content-text\">La mayor\u00eda de los antipsic\u00f3ticos pueden pasar a la leche materna, aunque en concentraciones muy bajas (&lt; 3\u00a0%)\u00b9. Aunque se han descrito algunos casos de somnolencia y letargo despu\u00e9s del parto, en la mayor\u00eda de ellos no se han observado acontecimientos adversos que afectasen a los reci\u00e9n nacidos\u00b2. Para saber si debe continuar con la medicaci\u00f3n despu\u00e9s del parto, consulte a su m\u00e9dico, quien le aconsejar\u00e1 en funci\u00f3n de su situaci\u00f3n actual.<br><br><br><\/p><\/div><\/div>\n\n\n\n<div class=\"wp-block-rea-title-rea-title-block rea-title-block front\"><div class=\"rea-title-block__content\"><h3 id=\"\" class=\"content-title rea-hidden\"><\/h3><h4 class=\"content-subtitle \">\u00bfQu\u00e9 debo hacer si conozco a una mujer con esquizofrenia que est\u00e1 embarazada?<\/h4><\/div><\/div>\n\n\n\n<div class=\"wp-block-rea-paragraph-rea-paragraph-block rea-paragraph-block front\"><div class=\"rea-paragraph-block__content\"><p class=\"content-text\">Si es cuidador de una mujer con esquizofrenia que est\u00e9 embarazada, lo mejor es apoyarla siguiendo tres sencillos pasos:<br><br><\/p><\/div><\/div>\n\n\n\n<div class=\"wp-block-rea-list-rea-list-block rea-list-block front\"><div class=\"rea-list-block__wrapper\"><div class=\"list-ordered list\"><p><em>Escuche:<\/em> Estar al lado de su amiga o su familiar con esquizofrenia durante y despu\u00e9s del embarazo puede ser enormemente beneficioso. An\u00edmela a expresar sus sentimientos y ofr\u00e9zcale ayuda en su vida diaria.<\/p><p> <em><em>Prep\u00e1rese con antelaci\u00f3n<\/em>: <\/em>Prep\u00e1rese para las situaciones dif\u00edciles que puedan surgir durante y despu\u00e9s del embarazo y fomente conversaciones sinceras sobre la necesidad de tomar ciertas decisiones con antelaci\u00f3n. Las madres primerizas con esquizofrenia necesitar\u00e1n mucho apoyo durante el per\u00edodo posparto. Se necesita un seguimiento estrecho para detectar una posible reaparici\u00f3n de los s\u00edntomas psic\u00f3ticos o la desatenci\u00f3n del lactante, que podr\u00eda ponerlo en riesgo<sup>5<\/sup>.<\/p><p> <em><em>Cu\u00eddese<\/em>: <\/em>Cuidar a alguien con esquizofrenia puede ser estresante y los acontecimientos vitales importantes, como el embarazo, pueden aumentar el estr\u00e9s. Por consiguiente, es importante que se cuide y dedique tiempo a su propio bienestar.<\/p><\/div><\/div><\/div>\n\n\n\n<div class=\"wp-block-rea-references-rea-references-block rea-references-block front\"><div class=\"rea-references-block__references\"><p class=\"references-title\">Referencias<\/p><ol class=\"references-list\"><li><a href=\"https:\/\/www.nhs.uk\/conditions\/schizophrenia\/causes\/\" target=\"_blank\" rel=\"noreferrer noopener nofollow\">https:\/\/www.nhs.uk\/conditions\/schizophrenia\/causes\/<\/a><\/li><li>Brown AS. The environment and susceptibility to schizophrenia. Prog Neurobiol. 2011;93(1):23-58<\/li><li><a href=\"https:\/\/www.nhs.uk\/conditions\/pregnancy-and-baby\/mental-health-problems-pregnant\/\" target=\"_blank\" rel=\"noreferrer noopener nofollow\">https:\/\/www.nhs.uk\/conditions\/pregnancy-and-baby\/mental-health-problems-pregnant\/<\/a><\/li><li>Bargiota, et al., The Effects of Antipsychotics on Prolactin Levels and Women&#8217;s Menstruation Schizophr Res Treatment. 2013; 2013: 502697. <a href=\"https:\/\/www.ncbi.nlm.nih.gov\/pmc\/articles\/PMC3886401\/\" target=\"_blank\" rel=\"noreferrer noopener nofollow\">https:\/\/www.ncbi.nlm.nih.gov\/pmc\/articles\/PMC3886401\/<\/a><\/li><li>Robinson, Treatment of schizophrenia in pregnancy and postpartum. The Canadian journal of clinical pharmacology 19(3):e380-6 \u00b7 October 2012 <a href=\"https:\/\/www.researchgate.net\/publication\/232279872_Treatment_of_schizophrenia_in_pregnancy_and_postpartum\" target=\"_blank\" rel=\"noreferrer noopener nofollow\">https:\/\/www.researchgate.net\/publication\/232279872_Treatment_of_schizophrenia_in_pregnancy_and_postpartum<\/a><\/li><li><a href=\"https:\/\/www.nhs.uk\/conditions\/post-partum-psychosis\/\" target=\"_blank\" rel=\"noreferrer noopener nofollow\">https:\/\/www.nhs.uk\/conditions\/post-partum-psychosis\/<\/a><\/li><li>Vigod et al., Maternal and newborn outcomes among women with schizophrenia: a retrospective population-based cohort study, BJOG. 2014 Apr;121(5):566-74. <a href=\"https:\/\/obgyn.onlinelibrary.wiley.com\/doi\/pdf\/10.1111\/1471-0528.12567\" target=\"_blank\" rel=\"noreferrer noopener nofollow\">https:\/\/obgyn.onlinelibrary.wiley.com\/doi\/pdf\/10.1111\/1471-0528.12567<\/a><\/li><li>Using antipsychotics in pregnancy &#8211; NHS Evidence <a href=\"https:\/\/arms.evidence.nhs.uk\/resources\/hub\/1047945\/attachment\" target=\"_blank\" rel=\"noreferrer noopener nofollow\">https:\/\/arms.evidence.nhs.uk\/resources\/hub\/1047945\/attachment<\/a><\/li><li>Teodorescu et al., Dilemma of treating schizophrenia during pregnancy: A case series and a review of literature. BMC Psychiatry. 2017 Aug 29;17(1):311. Review. <a href=\"https:\/\/bmcpsychiatry.biomedcentral.com\/articles\/10.1186\/s12888-017-1475-z\" target=\"_blank\" rel=\"noreferrer noopener nofollow\">https:\/\/bmcpsychiatry.biomedcentral.com\/articles\/10.1186\/s12888-017-1475-z <\/a><\/li><li>Levinson. Review: women with schizophrenia have poorer pregnancy outcomes than other women, but it is unclear whether antipsychotic medications affect their infants. Evidence-Based Mental Health 2003;6:89. <a href=\"https:\/\/ebmh.bmj.com\/content\/6\/3\/89\" target=\"_blank\" rel=\"noreferrer noopener nofollow\">https:\/\/ebmh.bmj.com\/content\/6\/3\/89<\/a>    <\/li><li><a href=\"https:\/\/www.nhs.uk\/common-health-questions\/pregnancy\/why-do-i-need-folic-acid-in-pregnancy\/\" target=\"_blank\" rel=\"noreferrer noopener nofollow\">https:\/\/www.nhs.uk\/common-health-questions\/pregnancy\/why-do-i-need-folic-acid-in-pregnancy\/ <\/a><\/li><li>Gentile S. Infant safety with antipsychotic therapy in breast-feeding: a systematic review. J Clin Psychiatry 2000; 69:666-673<\/li><li>Einarson A. Antipsychotic medication(safety\/risk) during pregnancy and breastfeeding. Curr Women\u2019s Health Rev. 2010:6:34-38.<\/li><\/ol><\/div><\/div>\n\n\n\n\n","protected":false},"excerpt":{"rendered":"","protected":false},"author":1,"featured_media":0,"parent":0,"menu_order":0,"comment_status":"closed","ping_status":"closed","template":"page-fullwidth.php","meta":{"_acf_changed":false,"rea_page_title_signed_in_meta_block_field":"Embarazo y esquizofrenia","rea_page_title_signed_out_meta_block_field":"Embarazo y esquizofrenia","rea_page_description_signed_in_meta_block_field":"Las mujeres con esquizofrenia pueden tener un embarazo saludable y un beb\u00e9 sano. Es importante que consulte a su profesional sanitario sobre su tratamiento m\u00e9dico y que contin\u00fae con la terapia conversacional.","rea_page_description_signed_out_meta_block_field":"Las mujeres con esquizofrenia pueden tener un embarazo saludable y un beb\u00e9 sano. Es importante que consulte a su profesional sanitario sobre su tratamiento m\u00e9dico y que contin\u00fae con la terapia conversacional.","rea_page_footer_id_meta_block_field":"","rea_page_footer_date_meta_block_field":"","footnotes":""},"class_list":["post-2338","page","type-page","status-publish","hentry"],"acf":[],"_links":{"self":[{"href":"https:\/\/espectroglobal.es\/publico\/wp-json\/wp\/v2\/pages\/2338","targetHints":{"allow":["GET"]}}],"collection":[{"href":"https:\/\/espectroglobal.es\/publico\/wp-json\/wp\/v2\/pages"}],"about":[{"href":"https:\/\/espectroglobal.es\/publico\/wp-json\/wp\/v2\/types\/page"}],"author":[{"embeddable":true,"href":"https:\/\/espectroglobal.es\/publico\/wp-json\/wp\/v2\/users\/1"}],"replies":[{"embeddable":true,"href":"https:\/\/espectroglobal.es\/publico\/wp-json\/wp\/v2\/comments?post=2338"}],"version-history":[{"count":43,"href":"https:\/\/espectroglobal.es\/publico\/wp-json\/wp\/v2\/pages\/2338\/revisions"}],"predecessor-version":[{"id":4914,"href":"https:\/\/espectroglobal.es\/publico\/wp-json\/wp\/v2\/pages\/2338\/revisions\/4914"}],"wp:attachment":[{"href":"https:\/\/espectroglobal.es\/publico\/wp-json\/wp\/v2\/media?parent=2338"}],"curies":[{"name":"wp","href":"https:\/\/api.w.org\/{rel}","templated":true}]}}