{"id":2332,"date":"2020-01-14T14:49:55","date_gmt":"2020-01-14T14:49:55","guid":{"rendered":"https:\/\/espectroglobal.es\/publico\/?page_id=2332"},"modified":"2025-12-19T09:33:16","modified_gmt":"2025-12-19T08:33:16","slug":"la-vida-con-esquizofrenia","status":"publish","type":"page","link":"https:\/\/espectroglobal.es\/publico\/la-vida-con-esquizofrenia\/","title":{"rendered":"\u00bfC\u00f3mo afecta la esquizofrenia a su vida?"},"content":{"rendered":"\n<div class=\"wp-block-rea-hero-banner-rea-hero-banner-block rea-hero-banner-block front  no-btn\"><div class=\"rea-hero-banner-block__image\" style=\"background-image: url(https:\/\/espectroglobal.es\/publico\/wp-content\/uploads\/2019\/03\/wooden.png)\"><img decoding=\"async\" class=\"hero-banner-background\" alt=\"\" src=\"https:\/\/espectroglobal.es\/publico\/wp-content\/uploads\/2019\/03\/wooden.png\"><\/div><div class=\"rea-hero-banner-block__content\"><div class=\"rea-hero-banner-block__content--wrapper\"><div class=\"text-wrapper\"><h1 class=\"hero-banner-title\">\u00bfC\u00f3mo afecta la esquizofrenia a su vida?<\/h1><p class=\"hero-banner-text\">Dedique tiempo a ese ser querido que sufre esquizofrenia y c\u00e9ntrese en objetivos peque\u00f1os, pero realistas. Intente expresarse y comunicarse de una manera sencilla: es importante formular correctamente los mensajes. <\/p><a class=\"button__primary button-text\" href=\"\"><\/a><p class=\"hero-banner-signed-out-text js-hide-dc-signed-in\"><\/p><\/div><div class=\"image-wrapper\"><img decoding=\"async\" class=\"hero-banner-image js-rea-parallax\" alt=\"\" src=\"https:\/\/espectroglobal.es\/publico\/wp-content\/uploads\/2020\/04\/cropped.jpg\"><\/div><\/div><\/div><\/div>\n\n\n\n<div class=\"wp-block-rea-paragraph-rea-paragraph-block rea-paragraph-block front\"><div class=\"rea-paragraph-block__content\"><p class=\"content-text\"><br><br>Cada persona con esquizofrenia la experimentar\u00e1 de manera diferente. La presentaci\u00f3n y la intensidad de los <a href=\"https:\/\/espectroglobal.es\/publico\/sintomas\/\" data-type=\"page\" data-id=\"2221\">s\u00edntomas<\/a> pueden variar, pero es probable que afecten a la vida personal tanto de la persona con esquizofrenia, como a la de sus familiares y amigos. Para las personas con esquizofrenia no siempre es f\u00e1cil mantener relaciones s\u00f3lidas. Si una persona a la que est\u00e1 muy unido tiene esquizofrenia, hay informaci\u00f3n disponible que le ense\u00f1ar\u00e1 c\u00f3mo puede ayudarla. Recuerde que el apoyo es muy importante para ayudar a que una persona con esquizofrenia se encuentre bien. Para estar preparado, a continuaci\u00f3n encontrar\u00e1 m\u00e1s informaci\u00f3n sobre c\u00f3mo la esquizofrenia puede afectar a la vida personal.<br><br><\/p><\/div><\/div>\n\n\n\n<div class=\"wp-block-rea-list-rea-list-block rea-list-block front\"><div class=\"rea-list-block__wrapper\"><div class=\"list-ordered list\"><p><strong>Dificultades para funcionar<\/strong><br>Las personas con esquizofrenia pueden tener muchas dificultades para expresar sus emociones y funcionar en las situaciones cotidianas<sup>1<\/sup>. Es probable que disminuyan las expresiones faciales, el habla y los gestos expresivos<sup>2<\/sup>. La ansiedad causada por las alucinaciones o los delirios puede provocar mucha angustia y es probable que afecte a las interacciones sociales<sup>2<\/sup>.  <br><br>Las personas con esquizofrenia tambi\u00e9n pueden tener sentimientos de verg\u00fcenza o de culpa, lo que puede afectar a las relaciones incluso con sus amigos y familiares m\u00e1s \u00edntimos. Si una persona querida tiene esquizofrenia, recuerde que es importante hablar. Una mujer cuyo hermano ten\u00eda esquizofrenia explic\u00f3 que le ayud\u00f3 a sentirse m\u00e1s relajado respondiendo de forma tranquilizadora a sus preocupaciones y hablando de las actividades cotidianas normales<sup>3<\/sup>.  <\/p><p><strong>Retraimiento social<\/strong><br>Los s\u00edntomas de la esquizofrenia pueden ser desconcertantes o frustrantes para las personas de alrededor y, por este motivo, muchas personas con esquizofrenia se a\u00edslan socialmente. Por desgracia, sigue existiendo una gran <a href=\"https:\/\/espectroglobal.es\/publico\/mitos-y-realidades\/\" data-type=\"page\" data-id=\"2257\">estigmatizaci\u00f3n en torno al diagn\u00f3stico<\/a>, lo que puede afectar gravemente a la integraci\u00f3n de las personas con esquizofrenia en situaciones sociales.<br><br>Puede ser angustioso ver a alguien querido sufrir por la esquizofrenia y, en ocasiones, se sentir\u00e1 enfadado, cr\u00edtico y especialmente impulsivo, lo que tambi\u00e9n se conoce como alta expresividad emocional<sup>4<\/sup>. Recuerde que las personas con esquizofrenia son especialmente sensibles y conscientes de las se\u00f1ales sociales. Una alta expresividad emocional puede ocasionar una nueva crisis psic\u00f3tica o la hospitalizaci\u00f3n<sup>5<\/sup>.  <br><br>Sin embargo, la socializaci\u00f3n no debe evitarse de ninguna manera. Una persona con esquizofrenia explic\u00f3 que incluir\u00eda la socializaci\u00f3n en su rutina diaria, aunque solo fuera para salir de casa e ir a una cafeter\u00eda. Existen recursos en Internet para ayudar a conectar a las personas con esquizofrenia con otras con capacidad de relacionarse<sup>6<\/sup>.   <\/p><p><strong>Falta de motivaci\u00f3n<\/strong><br>Los <a href=\"https:\/\/espectroglobal.es\/publico\/sintomas\/\" data-type=\"page\" data-id=\"2221\">s\u00edntomas negativos<\/a> hacen que muchas personas con esquizofrenia pierdan inter\u00e9s por las metas personales, el trabajo o los estudios. Cabe esperar que una persona con esquizofrenia tenga dificultades para concentrarse en las tareas y que le falte energ\u00eda o motivaci\u00f3n\u00b9. Es posible que le resulte dif\u00edcil funcionar en un puesto de trabajo tradicional e incluso que sea incapaz de trabajar, dependiendo de la intensidad de los s\u00edntomas.<br><br>Las dificultades para desempe\u00f1ar tareas pueden hacer que las personas con esquizofrenia tengan una baja autoestima y sentimientos de incapacidad. Por tanto, es muy importante centrarse en lo positivo. Trate de fijar objetivos peque\u00f1os y realistas y de encontrar empleos o habilidades que sean asumibles y agradables. <br><br>Una persona con esquizofrenia describi\u00f3 que se ve\u00eda capaz de trabajar por cuenta propia, ya que los plazos la mantendr\u00edan ocupada, pero tendr\u00eda la opci\u00f3n de dejar el trabajo si se sent\u00eda mal<sup>6<\/sup>. <\/p><\/div><\/div><\/div>\n\n\n\n<div class=\"wp-block-rea-paragraph-rea-paragraph-block rea-paragraph-block front\"><div class=\"rea-paragraph-block__content\"><p class=\"content-text\">Si una persona querida tiene esquizofrenia o si usted mismo tiene esquizofrenia, es importante que conozca los detalles. Recuerde leer recursos fiables y diferenciar los <a href=\"https:\/\/espectroglobal.es\/publico\/mitos-y-realidades\/\" data-type=\"page\" data-id=\"2257\">mitos de las realidades<\/a>. Obtenga m\u00e1s informaci\u00f3n sobre los signos y <a href=\"https:\/\/espectroglobal.es\/publico\/sintomas\/\" data-type=\"page\" data-id=\"2221\">s\u00edntomas de la esquizofrenia<\/a> a los que debe prestar atenci\u00f3n y sobre <a href=\"https:\/\/espectroglobal.es\/publico\/como-puedo-ayudar\/\" data-type=\"page\" data-id=\"2370\">c\u00f3mo puede ayudar<\/a> a otras personas que sufren esquizofrenia.<\/p><\/div><\/div>\n\n\n\n<div class=\"wp-block-rea-references-rea-references-block rea-references-block front\"><div class=\"rea-references-block__references\"><p class=\"references-title\">Referencias<\/p><ol class=\"references-list\"><li>NHS, Symptoms, 2016. https:\/\/www.nhs.uk\/conditions\/schizophrenia\/symptoms\/ [Accessed Jul 2019]<\/li><li>NIMH, Schizophrenia, 2016. https:\/\/www.nimh.nih.gov\/health\/topics\/schizophrenia\/index.shtml [Accessed Jul 2019]<\/li><li>Mind, Schizophrenia, my brother and me, 2017. https:\/\/www.mind.org.uk\/information-support\/your-stories\/schizophrenia-what-i-wish-someone-had-told-me\/#.XULLm-hKhzo [Accessed Aug 2019]<\/li><li>Amaresha A, Venkatasubramanian G. Indian J Psychol Med. 2012;34(1):12\u201320<\/li><li>Mantovani LM, Ferretjans R, Mar\u00e7al IM et al. Trends Psychiatry Psychother. 2016;38(2):97-9<\/li><li>Mind, Schizophrenia: What I wish someone had told me, 2017. https:\/\/www.mind.org.uk\/information-support\/your-stories\/schizophrenia-what-i-wish-someone-had-told-me\/#.XULLm-hKhzo [Accessed Aug 2019]<\/li><\/ol><\/div><\/div>\n\n\n\n\n","protected":false},"excerpt":{"rendered":"","protected":false},"author":10,"featured_media":1171,"parent":0,"menu_order":0,"comment_status":"closed","ping_status":"closed","template":"page-fullwidth.php","meta":{"_acf_changed":false,"rea_page_title_signed_in_meta_block_field":"La vida con esquizofrenia","rea_page_title_signed_out_meta_block_field":"La vida con esquizofrenia","rea_page_description_signed_in_meta_block_field":"Todas las personas que padecen esquizofrenia la experimentan de forma diferente. La presentaci\u00f3n y la gravedad de los s\u00edntomas pueden variar, sin embargo es probable que afecten a la vida personal","rea_page_description_signed_out_meta_block_field":"Todas las personas que padecen esquizofrenia la experimentan de forma diferente. La presentaci\u00f3n y la gravedad de los s\u00edntomas pueden variar, sin embargo es probable que afecten a la vida personal","rea_page_footer_id_meta_block_field":"","rea_page_footer_date_meta_block_field":"","footnotes":""},"class_list":["post-2332","page","type-page","status-publish","has-post-thumbnail","hentry"],"acf":[],"_links":{"self":[{"href":"https:\/\/espectroglobal.es\/publico\/wp-json\/wp\/v2\/pages\/2332","targetHints":{"allow":["GET"]}}],"collection":[{"href":"https:\/\/espectroglobal.es\/publico\/wp-json\/wp\/v2\/pages"}],"about":[{"href":"https:\/\/espectroglobal.es\/publico\/wp-json\/wp\/v2\/types\/page"}],"author":[{"embeddable":true,"href":"https:\/\/espectroglobal.es\/publico\/wp-json\/wp\/v2\/users\/10"}],"replies":[{"embeddable":true,"href":"https:\/\/espectroglobal.es\/publico\/wp-json\/wp\/v2\/comments?post=2332"}],"version-history":[{"count":42,"href":"https:\/\/espectroglobal.es\/publico\/wp-json\/wp\/v2\/pages\/2332\/revisions"}],"predecessor-version":[{"id":4916,"href":"https:\/\/espectroglobal.es\/publico\/wp-json\/wp\/v2\/pages\/2332\/revisions\/4916"}],"wp:featuredmedia":[{"embeddable":true,"href":"https:\/\/espectroglobal.es\/publico\/wp-json\/wp\/v2\/media\/1171"}],"wp:attachment":[{"href":"https:\/\/espectroglobal.es\/publico\/wp-json\/wp\/v2\/media?parent=2332"}],"curies":[{"name":"wp","href":"https:\/\/api.w.org\/{rel}","templated":true}]}}