{"id":2257,"date":"2020-01-14T14:23:45","date_gmt":"2020-01-14T14:23:45","guid":{"rendered":"https:\/\/espectroglobal.es\/publico\/?page_id=2257"},"modified":"2025-12-19T09:33:16","modified_gmt":"2025-12-19T08:33:16","slug":"mitos-y-realidades","status":"publish","type":"page","link":"https:\/\/espectroglobal.es\/publico\/mitos-y-realidades\/","title":{"rendered":"Mitos y realidades"},"content":{"rendered":"\n<div class=\"wp-block-rea-inpage-nav-rea-inpage-nav-block rea-inpage-nav-block front has-margin\"><div class=\"rea-inpage-nav-block__image\" style=\"background-image: url(https:\/\/espectroglobal.es\/publico\/wp-content\/uploads\/2019\/03\/wooden.png)\"><img decoding=\"async\" class=\"inpage-nav-background\" alt=\"\" src=\"https:\/\/espectroglobal.es\/publico\/wp-content\/uploads\/2019\/03\/wooden.png\"><\/div><div class=\"rea-inpage-nav-block__content\"><div class=\"rea-inpage-nav-block__content--wrapper\"><div class=\"text-wrapper\"><h2 class=\"inpage-nav-title\">Mitos y realidades<\/h2><ul class=\"inpage-nav-list\"><li>Es posible que tenga algunas ideas preconcebidas sobre la esquizofrenia, pero \u00bfsabe diferenciar los mitos de las realidades?.<\/li><li>Conozca algunos mitos frecuentes sobre la esquizofrenia y las realidades que ocultan.<\/li><\/ul><\/div><div class=\"section-nav\"><h4 class=\"section-nav--title\">En esta secci\u00f3n<\/h4><div class=\"section-nav--nav-items js-inpage-nav-items\"><\/div><\/div><\/div><\/div><\/div>\n\n\n\n<div class=\"wp-block-rea-paragraph-rea-paragraph-block rea-paragraph-block front\"><div class=\"rea-paragraph-block__content\"><p class=\"content-text\"><\/p><\/div><\/div>\n\n\n\n<br><div class=\"wp-block-rea-title-rea-title-block rea-title-block front\"><div class=\"rea-title-block__content\"><h3 id=\"\" class=\"content-title rea-hidden\"><\/h3><h4 class=\"content-subtitle \">MITO: La esquizofrenia es una enfermedad rara<\/h4><\/div><\/div><br>\n\n\n\n<div class=\"wp-block-rea-paragraph-rea-paragraph-block rea-paragraph-block front\"><div class=\"rea-paragraph-block__content\"><p class=\"content-text\"><strong>REALIDAD: <\/strong>La esquizofrenia afecta aproximadamente a 1 de cada 100 personas a lo largo de su vida y no se considera rara en absoluto\u00b9. Suele comenzar en j\u00f3venes de 15 a 30 a\u00f1os\u00b2, pero puede afectar a cualquier persona; lo m\u00e1s probable es que conozca a alguien que padece esquizofrenia y sencillamente no lo sepa.<\/p><\/div><\/div>\n\n\n\n<div class=\"wp-block-rea-cta-rea-cta-block rea-cta-block front\"><div class=\"rea-cta-block__content\"><h4 class=\"cta-title\"><\/h4><p class=\"cta-text\"><\/p><a class=\"button__primary button-text\" href=\"https:\/\/espectroglobal.es\/publico\/aspectos-generales-de-la-esquizofrenia\/\">M\u00e1s informaci\u00f3n sobre la esquizofrenia<\/a><\/div><\/div>\n\n\n\n<div class=\"wp-block-rea-separator-rea-separator-block rea-separator-block front\"><div class=\"rea-separator-block__content\"><hr class=\"rea-separator-block__separator\"><\/div><\/div>\n\n\n\n<br><div class=\"wp-block-rea-title-rea-title-block rea-title-block front\"><div class=\"rea-title-block__content\"><h3 id=\"\" class=\"content-title rea-hidden\"><\/h3><h4 class=\"content-subtitle \">MITO: La esquizofrenia es hereditaria<\/h4><\/div><\/div><br>\n\n\n\n<div class=\"wp-block-rea-paragraph-rea-paragraph-block rea-paragraph-block front\"><div class=\"rea-paragraph-block__content\"><p class=\"content-text\"><strong>REALIDAD: <\/strong>Se han realizado muchos estudios sobre las causas gen\u00e9ticas de la esquizofrenia y los cient\u00edficos coinciden en general en que los genes son solo una parte de la respuesta. Es cierto que, por ejemplo, los estudios de gemelos demuestran que algunos genes aumentan el riesgo de padecer esquizofrenia\u00b9. En particular, los gemelos id\u00e9nticos tienen exactamente los mismos genes en su organismo y los estudios han demostrado que si uno de los gemelos tiene esquizofrenia, el otro tendr\u00e1 un 50\u00a0% de posibilidades de padecer tambi\u00e9n la enfermedad\u00b9. Sin embargo, hay muchas personas con esquizofrenia que no tienen antecedentes familiares de esta enfermedad y viceversa\u00b2. Por otro lado, los estudios han revelado que ciertos factores biol\u00f3gicos como la edad paterna y factores ambientales como los acontecimientos vitales estresantes pueden desempe\u00f1ar un papel tan importante en la aparici\u00f3n de esquizofrenia como los genes\u00b3.<\/p><\/div><\/div>\n\n\n\n<div class=\"wp-block-rea-cta-rea-cta-block rea-cta-block front\"><div class=\"rea-cta-block__content\"><h4 class=\"cta-title\"><\/h4><p class=\"cta-text\"><\/p><a class=\"button__primary button-text\" href=\"https:\/\/espectroglobal.es\/publico\/aspectos-generales-de-la-esquizofrenia\/\">M\u00e1s informaci\u00f3n sobre las causas de la esquizofrenia<\/a><\/div><\/div>\n\n\n\n<div class=\"wp-block-rea-separator-rea-separator-block rea-separator-block front\"><div class=\"rea-separator-block__content\"><hr class=\"rea-separator-block__separator\"><\/div><\/div>\n\n\n\n<br><div class=\"wp-block-rea-title-rea-title-block rea-title-block front\"><div class=\"rea-title-block__content\"><h3 id=\"\" class=\"content-title rea-hidden\"><\/h3><h4 class=\"content-subtitle \">MITO: Todas las personas con esquizofrenia sufren los mismos s\u00edntomas<\/h4><\/div><\/div><br>\n\n\n\n<div class=\"wp-block-rea-paragraph-rea-paragraph-block rea-paragraph-block front\"><div class=\"rea-paragraph-block__content\"><p class=\"content-text\"><strong>REALIDAD:<\/strong> La esquizofrenia es una enfermedad compleja con muchos s\u00edntomas diferentes. Cada persona con esquizofrenia tendr\u00e1 una experiencia particular y la combinaci\u00f3n de sus s\u00edntomas ser\u00e1 diferente<sup>4<\/sup>. Adem\u00e1s, el patr\u00f3n de la esquizofrenia puede cambiar con el tiempo, de modo que lo que una persona con esquizofrenia este experimentando en un momento dado podr\u00eda ser completamente diferente de lo que experimente otra que, por ejemplo, lleve m\u00e1s tiempo padeciendo la enfermedad. Recuerde que no todos los pacientes con esquizofrenia manifestar\u00e1n los mismos s\u00edntomas, por lo que si cree que usted tiene, o conoce a alguien que tenga, una combinaci\u00f3n de s\u00edntomas que podr\u00edan estar relacionados con la esquizofrenia, solicite asesoramiento a un profesional.<\/p><\/div><\/div>\n\n\n\n<div class=\"wp-block-rea-cta-rea-cta-block rea-cta-block front\"><div class=\"rea-cta-block__content\"><h4 class=\"cta-title\"><\/h4><p class=\"cta-text\"><\/p><a class=\"button__primary button-text\" href=\"https:\/\/espectroglobal.es\/publico\/sintomas\/\">S\u00edntomas de la esquizofrenia<\/a><\/div><\/div>\n\n\n\n<div class=\"wp-block-rea-separator-rea-separator-block rea-separator-block front\"><div class=\"rea-separator-block__content\"><hr class=\"rea-separator-block__separator\"><\/div><\/div>\n\n\n\n<br><div class=\"wp-block-rea-title-rea-title-block rea-title-block front\"><div class=\"rea-title-block__content\"><h3 id=\"\" class=\"content-title rea-hidden\"><\/h3><h4 class=\"content-subtitle \">MITO: La esquizofrenia es lo mismo que tener \u00abdoble personalidad\u00bb<\/h4><\/div><\/div><br>\n\n\n\n<div class=\"wp-block-rea-paragraph-rea-paragraph-block rea-paragraph-block front\"><div class=\"rea-paragraph-block__content\"><p class=\"content-text\"><strong>REALIDAD: <\/strong>La palabra griega de la que deriva el t\u00e9rmino esquizofrenia significa literalmente \u00abmente dividida\u00bb, pero este no es el uso que se le quer\u00eda dar, \u00a1independientemente de lo que sugieran las pel\u00edculas y la cultura pop! Se refiere m\u00e1s bien al s\u00edntoma espec\u00edfico de las alucinaciones, que pueden hacer que las personas con esquizofrenia experimenten una \u00abseparaci\u00f3n\u00bb de la realidad. De hecho, las personas con \u00abdoble personalidad\u00bb tienen un diagn\u00f3stico completamente diferente denominado <em>trastorno de identidad disociativo<\/em>, que suele confundirse con la esquizofrenia<sup>5<\/sup>. Es importante que est\u00e9 bien informado para conocer las diferencias.<\/p><\/div><\/div>\n\n\n\n<div class=\"wp-block-rea-cta-rea-cta-block rea-cta-block front\"><div class=\"rea-cta-block__content\"><h4 class=\"cta-title\"><\/h4><p class=\"cta-text\"><\/p><a class=\"button__primary button-text\" href=\"https:\/\/espectroglobal.es\/publico\/como-aparece-la-esquizofrenia\/\">Curso cl\u00ednico de la esquizofrenia<\/a><\/div><\/div>\n\n\n\n<div class=\"wp-block-rea-separator-rea-separator-block rea-separator-block front\"><div class=\"rea-separator-block__content\"><hr class=\"rea-separator-block__separator\"><\/div><\/div>\n\n\n\n<br><div class=\"wp-block-rea-title-rea-title-block rea-title-block front\"><div class=\"rea-title-block__content\"><h3 id=\"\" class=\"content-title rea-hidden\"><\/h3><h4 class=\"content-subtitle \">MITO: Las personas con esquizofrenia suelen tener alucinaciones, como en las pel\u00edculas.<\/h4><\/div><\/div><br>\n\n\n\n<div class=\"wp-block-rea-paragraph-rea-paragraph-block rea-paragraph-block front\"><div class=\"rea-paragraph-block__content\"><p class=\"content-text\"><strong>REALIDAD:<\/strong> Las pel\u00edculas siempre presentan comportamientos locos que, sin duda, son m\u00e1s teatrales y captan la atenci\u00f3n. Pero es solo un estereotipo. Las alucinaciones se consideran s\u00edntomas positivos de la esquizofrenia; sin embargo, las personas con esquizofrenia tambi\u00e9n tienen s\u00edntomas negativos que se refieren a la p\u00e9rdida de algunas funciones cotidianas. Los s\u00edntomas negativos son mucho m\u00e1s habituales, pero obviamente son bastante menos teatrales de lo que se podr\u00eda pensar al ver ciertos estereotipos difundidos por los medios. De hecho, en un estudio se comunic\u00f3 que casi el 70\u00a0% de los personajes con esquizofrenia de 41 pel\u00edculas estrenadas entre 1990 y 2010 ten\u00edan delirios extravagantes<sup>6<\/sup>. Se trata de una tergiversaci\u00f3n de la distribuci\u00f3n de los s\u00edntomas y de un estereotipo que alimenta la desinformaci\u00f3n y las actitudes negativas hacia la esquizofrenia. Inf\u00f3rmese bien para no caer en la trampa.<\/p><\/div><\/div>\n\n\n\n<div class=\"wp-block-rea-cta-rea-cta-block rea-cta-block front\"><div class=\"rea-cta-block__content\"><h4 class=\"cta-title\"><\/h4><p class=\"cta-text\"><\/p><a class=\"button__primary button-text\" href=\"https:\/\/espectroglobal.es\/publico\/sintomas\/\">S\u00edntomas de la esquizofrenia<\/a><\/div><\/div>\n\n\n\n<div class=\"wp-block-rea-separator-rea-separator-block rea-separator-block front\"><div class=\"rea-separator-block__content\"><hr class=\"rea-separator-block__separator\"><\/div><\/div>\n\n\n\n<br><div class=\"wp-block-rea-title-rea-title-block rea-title-block front\"><div class=\"rea-title-block__content\"><h3 id=\"\" class=\"content-title rea-hidden\"><\/h3><h4 class=\"content-subtitle \">MITO: Las personas con esquizofrenia pueden ser peligrosas y deber\u00edan estar internadas<\/h4><\/div><\/div><br>\n\n\n\n<div class=\"wp-block-rea-paragraph-rea-paragraph-block rea-paragraph-block front\"><div class=\"rea-paragraph-block__content\"><p class=\"content-text\"><strong>REALIDAD: <\/strong>Puede ser cierto que algunas personas con esquizofrenia tienen comportamientos violentos, pero son m\u00e1s frecuentes en las personas que consumen sustancias<sup>7<\/sup>. Sin embargo, los comportamientos violentos y otros s\u00edntomas de la esquizofrenia suelen controlarse bien con el tratamiento correcto y redes de apoyo al paciente adecuadas. Esto significa que habitualmente no hay necesidad de internar al paciente y que las personas con esquizofrenia a menudo pueden integrarse sin problemas en la sociedad. <\/p><\/div><\/div>\n\n\n\n<div class=\"wp-block-rea-cta-rea-cta-block rea-cta-block front\"><div class=\"rea-cta-block__content\"><h4 class=\"cta-title\"><\/h4><p class=\"cta-text\"><\/p><a class=\"button__primary button-text\" href=\"https:\/\/espectroglobal.es\/publico\/diagnostico\/\">Diagnosticar la esquizofrenia<\/a><\/div><\/div>\n\n\n\n<div class=\"wp-block-rea-separator-rea-separator-block rea-separator-block front\"><div class=\"rea-separator-block__content\"><hr class=\"rea-separator-block__separator\"><\/div><\/div>\n\n\n\n<br><div class=\"wp-block-rea-title-rea-title-block rea-title-block front\"><div class=\"rea-title-block__content\"><h3 id=\"\" class=\"content-title rea-hidden\"><\/h3><h4 class=\"content-subtitle \">MITO: Los f\u00e1rmacos para la esquizofrenia no funcionan bien<\/h4><\/div><\/div><br>\n\n\n\n<div class=\"wp-block-rea-paragraph-rea-paragraph-block rea-paragraph-block front\"><div class=\"rea-paragraph-block__content\"><p class=\"content-text\"><strong>REALIDAD: <\/strong>La mayor\u00eda de las personas con esquizofrenia tomar\u00e1n antipsic\u00f3ticos para aliviar los s\u00edntomas y tambi\u00e9n recibir\u00e1n tratamiento psicol\u00f3gico o terapia conversacional<sup>8<\/sup>. Esta combinaci\u00f3n es m\u00e1s eficaz que cuando se utiliza cada componente por separado, pero el tratamiento continuo es igual de importante<sup>8<\/sup>. Aunque la esquizofrenia se considera una enfermedad mental cr\u00f3nica con s\u00edntomas muy variables, el apoyo y la asistencia m\u00e9dica adecuados pueden ayudar a que la mayor\u00eda de las personas con esquizofrenia lleven vidas largas, estables y plenas.<\/p><\/div><\/div>\n\n\n\n<div class=\"wp-block-rea-cta-rea-cta-block rea-cta-block front\"><div class=\"rea-cta-block__content\"><h4 class=\"cta-title\"><\/h4><p class=\"cta-text\"><\/p><a class=\"button__primary button-text\" href=\"https:\/\/espectroglobal.es\/publico\/como-puedo-ayudar\/\">\u00bfC\u00f3mo puedo ayudar?<\/a><\/div><\/div>\n\n\n\n<div class=\"wp-block-rea-references-rea-references-block rea-references-block front\"><div class=\"rea-references-block__references\"><p class=\"references-title\">Referencias<\/p><ol class=\"references-list\"><li>Royal College of Psychiatrists, Schizophrenia, 2019. https:\/\/www.rcpsych.ac.uk\/mental-health\/problems-disorders\/schizophrenia [Accessed July 2019]<\/li><li>National Institute of Mental Health, Schizophrenia, 2019. https:\/\/www.nimh.nih.gov\/health\/topics\/schizophrenia\/index.shtml [Accessed July 2019]<\/li><li>Brown AS. The environment and susceptibility to schizophrenia. Prog Neurobiol. 2011;93(1):23-58.<\/li><li>Mind, Schizophrenia, 2017. https:\/\/www.mind.org.uk\/information-support\/types-of-mental-health-problems\/schizophrenia\/#.XTgrjOhKhhE [Accessed July 2019]<\/li><li>Canadian Mental Health Association, What\u2019s the difference between dissociative identity disorder (multiple personality disorder) and schizophrenia? 2015. https:\/\/www.heretohelp.bc.ca\/q-and-a\/whats-the-difference-between-dissociative-identity-disorder-and-schizophrenia [Accessed July 2019]<\/li><li>Owen PR. Portrayals of schizophrenia by entertainment media: a content analysis of contemporary movies. Psychiatr Serv. 2012;63(7):655-9<\/li><li>Walsh E, Buchanan A, Fahy T. Violence and schizophrenia: examining the evidence. Br J Psychiatry. 2002;180:490-5<\/li><li>NICE, Psychosis and schizophrenia in adults: prevention and management, Clinical Guidance CG178, 2014. https:\/\/www.nice.org.uk\/guidance\/cg178\/chapter\/1-Recommendations#first-episode-psychosis-2 [Accessed July 2019]<\/li><\/ol><\/div><\/div>\n\n\n\n\n\n\n\n<p><\/p>\n","protected":false},"excerpt":{"rendered":"","protected":false},"author":1,"featured_media":2379,"parent":0,"menu_order":0,"comment_status":"closed","ping_status":"closed","template":"page-fullwidth.php","meta":{"_acf_changed":false,"rea_page_title_signed_in_meta_block_field":"Mitos y verdades de la esquizofrenia","rea_page_title_signed_out_meta_block_field":"Mitos y verdades de la esquizofrenia","rea_page_description_signed_in_meta_block_field":"Es posible que ya tenga algunas ideas preconcebidas sobre la esquizofrenia, pero \u00bfsabe distinguir los mitos de las verdades? Explora los mitos m\u00e1s comunes sobre la esquizofrenia y las verdades que hay detr\u00e1s de ellos.","rea_page_description_signed_out_meta_block_field":"Es posible que ya tenga algunas ideas preconcebidas sobre la esquizofrenia, pero \u00bfsabe distinguir los mitos de las verdades? Explora los mitos m\u00e1s comunes sobre la esquizofrenia y las verdades que hay detr\u00e1s de ellos.","rea_page_footer_id_meta_block_field":"","rea_page_footer_date_meta_block_field":"","footnotes":""},"class_list":["post-2257","page","type-page","status-publish","has-post-thumbnail","hentry"],"acf":[],"_links":{"self":[{"href":"https:\/\/espectroglobal.es\/publico\/wp-json\/wp\/v2\/pages\/2257","targetHints":{"allow":["GET"]}}],"collection":[{"href":"https:\/\/espectroglobal.es\/publico\/wp-json\/wp\/v2\/pages"}],"about":[{"href":"https:\/\/espectroglobal.es\/publico\/wp-json\/wp\/v2\/types\/page"}],"author":[{"embeddable":true,"href":"https:\/\/espectroglobal.es\/publico\/wp-json\/wp\/v2\/users\/1"}],"replies":[{"embeddable":true,"href":"https:\/\/espectroglobal.es\/publico\/wp-json\/wp\/v2\/comments?post=2257"}],"version-history":[{"count":40,"href":"https:\/\/espectroglobal.es\/publico\/wp-json\/wp\/v2\/pages\/2257\/revisions"}],"predecessor-version":[{"id":4917,"href":"https:\/\/espectroglobal.es\/publico\/wp-json\/wp\/v2\/pages\/2257\/revisions\/4917"}],"wp:featuredmedia":[{"embeddable":true,"href":"https:\/\/espectroglobal.es\/publico\/wp-json\/wp\/v2\/media\/2379"}],"wp:attachment":[{"href":"https:\/\/espectroglobal.es\/publico\/wp-json\/wp\/v2\/media?parent=2257"}],"curies":[{"name":"wp","href":"https:\/\/api.w.org\/{rel}","templated":true}]}}