{"id":2255,"date":"2020-01-14T14:20:43","date_gmt":"2020-01-14T14:20:43","guid":{"rendered":"https:\/\/espectroglobal.es\/publico\/?page_id=2255"},"modified":"2025-12-19T09:33:16","modified_gmt":"2025-12-19T08:33:16","slug":"tratamiento-y-remision","status":"publish","type":"page","link":"https:\/\/espectroglobal.es\/publico\/tratamiento-y-remision\/","title":{"rendered":"Tratamiento y remisi\u00f3n"},"content":{"rendered":"\n<div class=\"wp-block-rea-inpage-nav-rea-inpage-nav-block rea-inpage-nav-block front has-margin\"><div class=\"rea-inpage-nav-block__image\" style=\"background-image: url(https:\/\/espectroglobal.es\/publico\/wp-content\/uploads\/2019\/03\/wooden.png)\"><img decoding=\"async\" class=\"inpage-nav-background\" alt=\"\" src=\"https:\/\/espectroglobal.es\/publico\/wp-content\/uploads\/2019\/03\/wooden.png\"><\/div><div class=\"rea-inpage-nav-block__content\"><div class=\"rea-inpage-nav-block__content--wrapper\"><div class=\"text-wrapper\"><h2 class=\"inpage-nav-title\">Tratamiento y remisi\u00f3n<\/h2><ul class=\"inpage-nav-list\"><li>Existen varias estrategias de tratamiento disponibles y todas comienzan con una buena consulta m\u00e9dica. \u00a1El cumplimiento es fundamental!<\/li><\/ul><\/div><div class=\"section-nav\"><h4 class=\"section-nav--title\">En esta secci\u00f3n<\/h4><div class=\"section-nav--nav-items js-inpage-nav-items\"><\/div><\/div><\/div><\/div><\/div>\n\n\n\n<br><div class=\"wp-block-rea-title-rea-title-block rea-title-block front\"><div class=\"rea-title-block__content\"><h3 id=\"tratamiento\" class=\"content-title \">Tratamiento<\/h3><h4 class=\"content-subtitle rea-hidden\"><\/h4><\/div><\/div><br>\n\n\n\n<div class=\"wp-block-rea-paragraph-rea-paragraph-block rea-paragraph-block front\"><div class=\"rea-paragraph-block__content\"><p class=\"content-text\">Despu\u00e9s del diagn\u00f3stico de esquizofrenia, el m\u00e9dico hablar\u00e1 con la persona diagnosticada sobre la posibilidad de empezar un plan de tratamiento. Una vez iniciado el tratamiento, se trabaja con el m\u00e9dico para alcanzar dos objetivos principales: reducir la frecuencia y la gravedad de los episodios psic\u00f3ticos agudos y mejorar la calidad de vida<sup>1<\/sup>.<br> <br>Las directrices sobre el tratamiento, como las del NICE, recomiendan una intervenci\u00f3n precoz en cuanto se adviertan los primeros s\u00edntomas, ya que esto puede reducir el riesgo de sufrir psicosis<sup>2<\/sup>. El m\u00e9dico comentar\u00e1 las opciones con la persona con esquizofrenia para elegir el tipo de medicaci\u00f3n m\u00e1s adecuado a sus necesidades. En \u00faltima instancia, la elecci\u00f3n se basar\u00e1 en los antecedentes m\u00e9dicos, la fase de tratamiento y los efectos secundarios que cabe esperar con el tratamiento farmacol\u00f3gico<sup>2<\/sup>.<br>  <br>Sin embargo, el tratamiento que reciben las personas con esquizofrenia no se limita a un abordaje farmacol\u00f3gico, sino que se aplica un sistema llamado \u00abtratamiento multimodal\u00bb. Esto significa que, adem\u00e1s de la medicaci\u00f3n antipsic\u00f3tica, el tratamiento abarcar\u00e1 probablemente todo lo siguiente<sup>1<\/sup>: <br><\/p><\/div><\/div>\n\n\n\n<div class=\"wp-block-rea-list-rea-list-block rea-list-block front\"><div class=\"rea-list-block__wrapper\"><div class=\"list-unordered list\"><p>Psicoterapia.<\/p><p>Entrenamiento en habilidades sociales. <\/p><p>Educaci\u00f3n personal.<\/p><p>Intervenci\u00f3n y educaci\u00f3n familiar.<\/p><\/div><\/div><\/div>\n\n\n\n<div class=\"wp-block-rea-paragraph-rea-paragraph-block rea-paragraph-block front\"><div class=\"rea-paragraph-block__content\"><p class=\"content-text\">El tratamiento de la esquizofrenia depende de la persona tratada, pero suele ser una combinaci\u00f3n de terapia y medicaci\u00f3n. Aunque actualmente no hay ninguna cura para la esquizofrenia, muchos s\u00edntomas pueden mejorar con tratamiento y algunas personas consideran que sus s\u00edntomas han desaparecido por completo. Si tiene esquizofrenia, puede recibir tratamiento con:<br><br><br><\/p><\/div><\/div>\n\n\n\n<div class=\"wp-block-rea-title-rea-title-block rea-title-block front\"><div class=\"rea-title-block__content\"><h3 id=\"\" class=\"content-title rea-hidden\"><\/h3><h4 class=\"content-subtitle \"><strong>Terapia cognitivo-conductual (TCC)<\/strong><\/h4><\/div><\/div>\n\n\n\n<div class=\"wp-block-rea-paragraph-rea-paragraph-block rea-paragraph-block front\"><div class=\"rea-paragraph-block__content\"><p class=\"content-text\">La TCC es un tipo de terapia que puede ayudarle a recuperarse de los <a href=\"https:\/\/espectroglobal.es\/publico\/sintomas\/\" data-type=\"page\" data-id=\"2221\">s\u00edntomas positivos y negativos<\/a> persistentes de la esquizofrenia. Le ayuda a identificar los patrones de pensamiento que pueden estar haciendo que tenga sentimientos o comportamientos no deseados y a sustituirlos por pensamientos m\u00e1s realistas\u00b9\u00b2.<br><br>Es posible que necesite entre 8 y 20 sesiones de TCC durante un periodo de 6 a 12 meses, aunque esto puede variar. Cada sesi\u00f3n suele durar alrededor de media hora \u00b9\u00b2 .<br><br><\/p><\/div><\/div>\n\n\n\n<div class=\"wp-block-rea-title-rea-title-block rea-title-block front\"><div class=\"rea-title-block__content\"><h3 id=\"\" class=\"content-title rea-hidden\"><\/h3><h4 class=\"content-subtitle \"> <strong>Arteterapia<\/strong><\/h4><\/div><\/div>\n\n\n\n<div class=\"wp-block-rea-paragraph-rea-paragraph-block rea-paragraph-block front\"><div class=\"rea-paragraph-block__content\"><p class=\"content-text\">La arteterapia puede ayudarle a expresar su experiencia con la esquizofrenia. A veces, los s\u00edntomas negativos de la esquizofrenia dificultan la relaciones con los dem\u00e1s<sup>13<\/sup>. La arteterapia puede ser una buena forma de compartir sus sentimientos e incluso puede ayudarle a tener una nueva perspectiva sobre la esquizofrenia<sup>12<\/sup>.<br><br><br><\/p><\/div><\/div>\n\n\n\n<div class=\"wp-block-rea-title-rea-title-block rea-title-block front\"><div class=\"rea-title-block__content\"><h3 id=\"\" class=\"content-title rea-hidden\"><\/h3><h4 class=\"content-subtitle \"><strong>Terapia familiar<\/strong><\/h4><\/div><\/div>\n\n\n\n<div class=\"wp-block-rea-paragraph-rea-paragraph-block rea-paragraph-block front\"><div class=\"rea-paragraph-block__content\"><p class=\"content-text\">La familia desempe\u00f1a un papel esencial para ayudar a controlar la esquizofrenia. Sin embargo, esta enfermedad a veces representa un reto para los familiares. La terapia familiar puede ayudarles a usted y a su familia a comprender y afrontar mejor la esquizofrenia. Consiste en hablar con un experto sobre maneras de prestar apoyo y obtener consejos pr\u00e1cticos que ayuden a abordar cualquier problema. La terapia familiar puede ser especialmente \u00fatil si ha sufrido recientemente un episodio agudo<sup>12,13<\/sup>.<br><br><br><\/p><\/div><\/div>\n\n\n\n<div class=\"wp-block-rea-title-rea-title-block rea-title-block front\"><div class=\"rea-title-block__content\"><h3 id=\"\" class=\"content-title rea-hidden\"><\/h3><h4 class=\"content-subtitle \"><strong>Medicaci\u00f3n<\/strong><\/h4><\/div><\/div>\n\n\n\n<div class=\"wp-block-rea-paragraph-rea-paragraph-block rea-paragraph-block front\"><div class=\"rea-paragraph-block__content\"><p class=\"content-text\">Su m\u00e9dico puede recetarle antipsic\u00f3ticos para los s\u00edntomas de la esquizofrenia. El tipo de medicamento depende de sus s\u00edntomas y el m\u00e9dico solo se lo administrar\u00e1 despu\u00e9s de examinarle. Estos medicamentos pueden administrarse en comprimidos orales o bien en inyecciones<sup>12<\/sup>. Por lo general, los medicamentos antipsic\u00f3ticos se clasifican en f\u00e1rmacos de primera o segunda generaci\u00f3n. Hable con su m\u00e9dico si desea m\u00e1s informaci\u00f3n sobre las diferencias entre estos dos grupos de medicamentos.<br>  <br>El tiempo que deber\u00e1 tomar la medicaci\u00f3n puede variar. Aunque es previsible que aparezcan algunos efectos secundarios, es importante que informe a su m\u00e9dico si son muy intensos. Puede haber medicamentos alternativos o adicionales que ayuden<sup>12<\/sup>.<br>  <br>Es importante que no deje de tomar ning\u00fan antipsic\u00f3tico sin consultar antes a su m\u00e9dico. Si deja de tomarlo, sus s\u00edntomas podr\u00edan empeorar <sup>12<\/sup>.<br><br><\/p><\/div><\/div>\n\n\n\n<div class=\"wp-block-rea-separator-rea-separator-block rea-separator-block front\"><div class=\"rea-separator-block__content\"><hr class=\"rea-separator-block__separator\"><\/div><\/div>\n\n\n\n<br><br><div class=\"wp-block-rea-title-rea-title-block rea-title-block front\"><div class=\"rea-title-block__content\"><h3 id=\"strongqu-es-el-cumplimiento-de-la-medicacin-y-por-qu-es-importantestrong\" class=\"content-title \"><strong>\u00bfQu\u00e9 es el cumplimiento de la medicaci\u00f3n y por qu\u00e9 es importante?<\/strong><\/h3><h4 class=\"content-subtitle rea-hidden\"><\/h4><\/div><\/div><br>\n\n\n\n<div class=\"wp-block-rea-paragraph-rea-paragraph-block rea-paragraph-block front\"><div class=\"rea-paragraph-block__content\"><p class=\"content-text\">Un buen cumplimiento de la medicaci\u00f3n significa que la persona con esquizofrenia toma la medicaci\u00f3n siguiendo exactamente las indicaciones de su m\u00e9dico\u00b3. Esto puede ser dif\u00edcil para muchas personas que padecen esquizofrenia; en concreto, el cumplimiento comunicado es de alrededor del 50\u00a0%, lo que significa que no toman la mitad de la medicaci\u00f3n seg\u00fan lo indicado<sup>3,5<\/sup>.<br><br>Las personas con esquizofrenia consideran a veces que el n\u00famero de medicamentos y la frecuencia de administraci\u00f3n son demasiado dif\u00edciles de recordar o creen que un medicamento tiene ciertos efectos secundarios que son demasiado molestos, lo que hace que abandonen el tratamiento<sup>6,9<\/sup>. Tambi\u00e9n puede resultarles complicado seguir siendo constantes con el tratamiento cuando creen que ya no es necesario<sup>9<\/sup>. Si los pacientes con esquizofrenia tienen dificultades para tomar sus medicamentos, deben hablar con su m\u00e9dico para que valore otras opciones diferentes. Saltarse la medicaci\u00f3n o tomar una dosis diferente es el motivo principal por el que las personas recaen y sufren nuevos episodios psic\u00f3ticos<sup>9<\/sup>.<br><br><\/p><\/div><\/div>\n\n\n\n<div class=\"wp-block-rea-separator-rea-separator-block rea-separator-block front\"><div class=\"rea-separator-block__content\"><hr class=\"rea-separator-block__separator\"><\/div><\/div>\n\n\n\n<br><br><div class=\"wp-block-rea-title-rea-title-block rea-title-block front\"><div class=\"rea-title-block__content\"><h3 id=\"strongtratamiento-de-los-sntomas-negativosstrong\" class=\"content-title \"><strong>Tratamiento de los s\u00edntomas negativos<\/strong><\/h3><h4 class=\"content-subtitle rea-hidden\"><\/h4><\/div><\/div><br>\n\n\n\n<div class=\"wp-block-rea-paragraph-rea-paragraph-block rea-paragraph-block front\"><div class=\"rea-paragraph-block__content\"><p class=\"content-text\">Los s\u00edntomas negativos son frecuentes en las personas con esquizofrenia<sup>10<\/sup>. Estos s\u00edntomas se manifiestan con un menor deseo de hablar, socializar o participar en las actividades cotidianas<sup>10<\/sup>.<br><br>Por desgracia, incluso los f\u00e1rmacos de segunda generaci\u00f3n para la esquizofrenia (denominados antipsic\u00f3ticos at\u00edpicos) no han podido abordar totalmente los s\u00edntomas negativos<sup>10<\/sup>. En general, los tipos de tratamiento actuales se centran en resolver los s\u00edntomas positivos (psicosis y episodios agudos) y solo despu\u00e9s de conseguirlo se produce una mejor\u00eda relativa de los s\u00edntomas negativos<sup>11<\/sup>.<br><br>Los s\u00edntomas negativos pueden interferir en la calidad de vida de una persona, por lo que es extremadamente importante hablar de ellos con un m\u00e9dico desde el principio<sup>10<\/sup>.<br><br><\/p><\/div><\/div>\n\n\n\n<div class=\"wp-block-rea-quote-rea-quote-block rea-quote-block front\"><div class=\"rea-quote-block__wrapper\"><div class=\"rea-quote-block__content-type\"><div class=\"rea-quote-block__content-type--background\" data-type=\"book\"><div class=\"rea-quote-block__content-type--icon attr-content-type\" data-type=\"book\"><div class=\"content-type-icon\"><\/div><\/div><\/div><\/div><div class=\"rea-quote-block__content-area\"><p class=\"rea-quote-block__content-area--content-type html-content-type-title\" data-type=\"book\"><\/p><h5 class=\"rea-quote-block__content-area--title html-title\"><br>Protocolo asistencial para el tratamiento farmacol\u00f3gico de la esquizofrenia: recomendaciones de la Asociaci\u00f3n Brit\u00e1nica de Psicofarmacolog\u00eda.<\/h5><div class=\"rea-quote-block__content-area--subtitle html-subtitle\">Thomas RE Barnes y el Grupo de Consenso sobre la Esquizofrenia de la Asociaci\u00f3n Brit\u00e1nica de Psicofarmacolog\u00eda<\/div><div class=\"rea-quote-block__content-area--reference html-reference\"><a href=\"https:\/\/www.bap.org.uk\/pdfs\/BAP_Guidelines-Schizophrenia.pdf\" target=\"_blank\" rel=\"noreferrer noopener nofollow\">https:\/\/www.bap.org.uk\/pdfs\/BAP_Guidelines-Schizophrenia.pdf<\/a><\/div><div class=\"rea-quote-block__content-area--text html-text\">Barnes TR and the Schizophrenia Consensus Group of the British Association for Psychopharmacology. J Psychopharmacol. 2011;25(5):567-620<\/div><\/div><\/div><\/div>\n\n\n\n<div class=\"wp-block-rea-references-rea-references-block rea-references-block front\"><div class=\"rea-references-block__references\"><p class=\"references-title\">Referencias<\/p><ol class=\"references-list\"><li>Haller CS, Padmanabhan JL, Lizano P, Torous J, Keshavan M. Recent advances in understanding schizophrenia. F1000Prime Rep. 2014 Jul 8;6:57<\/li><li>NICE CG178 https:\/\/www.nice.org.uk\/guidance\/cg178. [accessed August 2019]<\/li><li>Bebbington PE. Int Clin Psychopharm 1995;9(Suppl.5): 41\u201350<\/li><li>Cramer JA. Psychiatr Serv 1998;49: 196\u2013201 <\/li><li>Velligan DI. Schizophr Bull 2006;32:724\u2013742<\/li><li>Byerly MJ. Psychiatric Clin North America 2007;30: 437\u2013452<\/li><li>Mitchell AJ Adv Psychiatr Treat 2007;13: 336\u2013346<\/li><li>Barnes TR and the Schizophrenia Consensus Group of the British Association for Psychopharmacology. J Psychopharmacol. 2011;25(5):567-620<\/li><li>Weiden PJ. J Clin Psychiatry 2007;68(Suppl. 14): 14\u201319<\/li><li>Sicras-Mainar A. Neuropsychiatr Dis Treat 2015:11 51\u201357<\/li><li>Sicras-Mainar A, Maurino J, Ruiz-Beato E, Navarro-Artieda R. Impact of negative symptoms on healthcare resource utilization and associated costs in adult outpatients with schizophrenia: a population-based study. BMC Psychiatry. 2014 Aug 6;14:225<\/li><li>NHS, Treatment Schizophrenia, 2016. https:\/\/www.nhs.uk\/conditions\/schizophrenia\/treatment\/ [Accessed October 2019]<\/li><li>NHS, Symptoms, 2016. https:\/\/www.nhs.uk\/conditions\/schizophrenia\/symptoms\/ [Accessed October 2019]<\/li><li>NICE, Psychosis and schizophrenia in adults: prevention and management, 2014. https:\/\/www.nice.org.uk\/guidance\/cg178\/chapter\/1-Recommendations#subsequent-acute-episodes-of-psychosis-or-schizophrenia-and-referral-in-crisis-2 [Accessed October 2019]<\/li><\/ol><\/div><\/div>\n\n\n\n\n","protected":false},"excerpt":{"rendered":"","protected":false},"author":1,"featured_media":1194,"parent":0,"menu_order":0,"comment_status":"closed","ping_status":"closed","template":"page-fullwidth.php","meta":{"_acf_changed":false,"rea_page_title_signed_in_meta_block_field":"Tratamiento y remisi\u00f3n de la esquizofrenia","rea_page_title_signed_out_meta_block_field":"Tratamiento y remisi\u00f3n de la esquizofrenia","rea_page_description_signed_in_meta_block_field":"Tras el diagn\u00f3stico de esquizofrenia, el m\u00e9dico mantendr\u00e1 una conversaci\u00f3n con la persona diagnosticada para iniciar un plan de tratamiento. Una vez iniciado el tratamiento, hay dos objetivos principales","rea_page_description_signed_out_meta_block_field":"Tras el diagn\u00f3stico de esquizofrenia, el m\u00e9dico mantendr\u00e1 una conversaci\u00f3n con la persona diagnosticada para iniciar un plan de tratamiento. Una vez iniciado el tratamiento, hay dos objetivos principales","rea_page_footer_id_meta_block_field":"","rea_page_footer_date_meta_block_field":"","footnotes":""},"class_list":["post-2255","page","type-page","status-publish","has-post-thumbnail","hentry"],"acf":[],"_links":{"self":[{"href":"https:\/\/espectroglobal.es\/publico\/wp-json\/wp\/v2\/pages\/2255","targetHints":{"allow":["GET"]}}],"collection":[{"href":"https:\/\/espectroglobal.es\/publico\/wp-json\/wp\/v2\/pages"}],"about":[{"href":"https:\/\/espectroglobal.es\/publico\/wp-json\/wp\/v2\/types\/page"}],"author":[{"embeddable":true,"href":"https:\/\/espectroglobal.es\/publico\/wp-json\/wp\/v2\/users\/1"}],"replies":[{"embeddable":true,"href":"https:\/\/espectroglobal.es\/publico\/wp-json\/wp\/v2\/comments?post=2255"}],"version-history":[{"count":35,"href":"https:\/\/espectroglobal.es\/publico\/wp-json\/wp\/v2\/pages\/2255\/revisions"}],"predecessor-version":[{"id":4918,"href":"https:\/\/espectroglobal.es\/publico\/wp-json\/wp\/v2\/pages\/2255\/revisions\/4918"}],"wp:featuredmedia":[{"embeddable":true,"href":"https:\/\/espectroglobal.es\/publico\/wp-json\/wp\/v2\/media\/1194"}],"wp:attachment":[{"href":"https:\/\/espectroglobal.es\/publico\/wp-json\/wp\/v2\/media?parent=2255"}],"curies":[{"name":"wp","href":"https:\/\/api.w.org\/{rel}","templated":true}]}}