{"id":2249,"date":"2020-01-14T13:54:01","date_gmt":"2020-01-14T13:54:01","guid":{"rendered":"https:\/\/espectroglobal.es\/publico\/?page_id=2249"},"modified":"2025-12-19T09:33:16","modified_gmt":"2025-12-19T08:33:16","slug":"diagnostico","status":"publish","type":"page","link":"https:\/\/espectroglobal.es\/publico\/diagnostico\/","title":{"rendered":"Diagn\u00f3stico"},"content":{"rendered":"\n<div class=\"wp-block-rea-inpage-nav-rea-inpage-nav-block rea-inpage-nav-block front has-margin\"><div class=\"rea-inpage-nav-block__image\" style=\"background-image: url(https:\/\/espectroglobal.es\/publico\/wp-content\/uploads\/2019\/03\/wooden.png)\"><img decoding=\"async\" class=\"inpage-nav-background\" alt=\"\" src=\"https:\/\/espectroglobal.es\/publico\/wp-content\/uploads\/2019\/03\/wooden.png\"><\/div><div class=\"rea-inpage-nav-block__content\"><div class=\"rea-inpage-nav-block__content--wrapper\"><div class=\"text-wrapper\"><h2 class=\"inpage-nav-title\">Diagn\u00f3stico<\/h2><ul class=\"inpage-nav-list\"><li>Detectar la fase prodr\u00f3mica y determinar la angustia de esta fase tiene una importancia crucial.<\/li><\/ul><\/div><div class=\"section-nav\"><h4 class=\"section-nav--title\">En esta secci\u00f3n<\/h4><div class=\"section-nav--nav-items js-inpage-nav-items\"><\/div><\/div><\/div><\/div><\/div>\n\n\n\n<div class=\"wp-block-rea-title-rea-title-block rea-title-block front\"><div class=\"rea-title-block__content\"><h3 id=\"strongdeteccin-de-los-primeros-signosstrong\" class=\"content-title \"><strong>Detecci\u00f3n de los primeros signos<\/strong><\/h3><h4 class=\"content-subtitle rea-hidden\"><\/h4><\/div><\/div>\n\n\n\n<div class=\"wp-block-rea-paragraph-rea-paragraph-block rea-paragraph-block front\"><div class=\"rea-paragraph-block__content\"><p class=\"content-text\">No es posible hacer un diagn\u00f3stico antes de los primeros s\u00edntomas psic\u00f3ticos agudos seg\u00fan las directrices actualizadas. Sin embargo, la detecci\u00f3n de signos prodr\u00f3micos puede ser vital para evitar que la enfermedad se siga desarrollando o para instaurar una intervenci\u00f3n precoz.<br><br>Si alguien detecta los signos prodr\u00f3micos, puede intentar reducir al m\u00ednimo los factores de riesgo conocidos que afectan al desarrollo de la esquizofrenia: estr\u00e9s, entorno urbano, emigraci\u00f3n, cannabis, etc.<\/p><\/div><\/div>\n\n\n\n<div class=\"wp-block-rea-cta-rea-cta-block rea-cta-block front cta-left\"><div class=\"rea-cta-block__content\" style=\"padding-bottom: 0\"><h4 class=\"cta-title\"><\/h4><p class=\"cta-text\"><\/p><a class=\"button__primary button-text\" href=\"\/publico\/aspectos-generales-de-la-esquizofrenia\/\">Descubra m\u00e1s sobre las causas de la esquizofrenia<\/a><\/div><\/div>\n\n\n\n<div class=\"wp-block-rea-separator-rea-separator-block rea-separator-block front\"><div class=\"rea-separator-block__content\"><hr class=\"rea-separator-block__separator\"><\/div><\/div>\n\n\n\n<div class=\"wp-block-rea-title-rea-title-block rea-title-block front\"><div class=\"rea-title-block__content\"><h3 id=\"strongherramientas-para-el-diagnsticostrong\" class=\"content-title \"><strong>Herramientas para el diagn\u00f3stico<\/strong><\/h3><h4 class=\"content-subtitle rea-hidden\"><\/h4><\/div><\/div>\n\n\n\n<div class=\"wp-block-rea-paragraph-rea-paragraph-block rea-paragraph-block front\"><div class=\"rea-paragraph-block__content\"><p class=\"content-text\">La esquizofrenia se diagnostica en funci\u00f3n de sus s\u00edntomas. Aunque se pueden analizar algunos rasgos biol\u00f3gicos o f\u00edsicos, normalmente no se utilizan para hacer el diagn\u00f3stico\u00b9. Cuando un profesional m\u00e9dico est\u00e9 hablando con usted o con un ser querido sobre un posible diagn\u00f3stico de esquizofrenia, seguir\u00e1 los mismos pasos de siempre. Las pruebas diagn\u00f3sticas para la esquizofrenia tratar\u00e1n de evaluar las consecuencias que tienen las tres formas de s\u00edntomas en una persona con esquizofrenia\u00b2. Las pruebas para determinar un diagn\u00f3stico y descartar otros trastornos son\u00b3:<\/p><\/div><\/div>\n\n\n\n<div class=\"wp-block-rea-list-rea-list-block rea-list-block front\"><div class=\"rea-list-block__wrapper\"><div class=\"list-unordered list\"><p>Una exploraci\u00f3n f\u00edsica para descartar otra posible causa de los s\u00edntomas.<\/p><p>Pruebas para descartar posibles diagn\u00f3sticos diferenciales y an\u00e1lisis para detectar el consumo de alcohol y drogas.<\/p><p>Una evaluaci\u00f3n psiqui\u00e1trica para comprobar el estado mental.<\/p><p>Evaluaci\u00f3n de los criterios diagn\u00f3sticos de la esquizofrenia.<\/p><\/div><\/div><\/div>\n\n\n\n<div class=\"wp-block-rea-paragraph-rea-paragraph-block rea-paragraph-block front\"><div class=\"rea-paragraph-block__content\"><p class=\"content-text\">Un manual de trastornos mentales de prestigio internacional (llamado DSM-5)<sup>4<\/sup> incluye los criterios m\u00e1s actualizados para identificar la esquizofrenia, y el m\u00e9dico lo utilizar\u00e1 para facilitar el diagn\u00f3stico. Este manual ilustra un gran n\u00famero de s\u00edntomas y rasgos que son frecuentes en la esquizofrenia. Sin embargo, una persona con esquizofrenia no mostrar\u00e1 todos y cada uno de los s\u00edntomas que se describen en el DSM-5. Cada paciente presentar\u00e1 una combinaci\u00f3n singular de s\u00edntomas y experiencias<sup>5<\/sup>.<br><br>Los posibles diagn\u00f3sticos diferenciales son el trastorno afectivo bipolar, los tumores cerebrales, la enfermedad de Wilson, el hipertiroidismo y enfermedades infecciosas como la gripe, la enfermedad de Lyme y el VIH, que pueden provocar cambios en el estado mental de una persona<sup>6<\/sup>.<br><br><\/p><\/div><\/div>\n\n\n\n<div class=\"wp-block-rea-separator-rea-separator-block rea-separator-block front\"><div class=\"rea-separator-block__content\"><hr class=\"rea-separator-block__separator\"><\/div><\/div>\n\n\n\n<br><br><div class=\"wp-block-rea-title-rea-title-block rea-title-block front\"><div class=\"rea-title-block__content\"><h3 id=\"strongevolucin-de-la-enfermedadstrong\" class=\"content-title \"><strong>Evoluci\u00f3n de la enfermedad<\/strong><\/h3><h4 class=\"content-subtitle rea-hidden\"><\/h4><\/div><\/div><br>\n\n\n\n<div class=\"wp-block-rea-paragraph-rea-paragraph-block rea-paragraph-block front\"><div class=\"rea-paragraph-block__content\"><p class=\"content-text\">Tambi\u00e9n es importante se\u00f1alar que la esquizofrenia no sigue una evoluci\u00f3n lineal. Dado que el trastorno puede ser muy heterog\u00e9neo, en funci\u00f3n de cada paciente, la mejor manera de describirlo suele ser analizando las tres fases de la esquizofrenia que se suceder\u00e1n a lo largo de la vida: prodr\u00f3mica, aguda y estable<sup>7,8<\/sup>.<\/p><\/div><\/div>\n\n\n\n<div class=\"wp-block-rea-cta-rea-cta-block rea-cta-block front cta-left\"><div class=\"rea-cta-block__content\" style=\"padding-bottom: 0\"><h4 class=\"cta-title\"><\/h4><p class=\"cta-text\"><\/p><a class=\"button__primary button-text\" href=\"\/publico\/como-aparece-la-esquizofrenia\/\">M\u00e1s informaci\u00f3n sobre la evoluci\u00f3n de la enfermedad<\/a><\/div><\/div>\n\n\n\n<div class=\"wp-block-rea-title-rea-title-block rea-title-block front\"><div class=\"rea-title-block__content\"><h3 id=\"\" class=\"content-title rea-hidden\"><\/h3><h4 class=\"content-subtitle \"><strong>Tipos de s\u00edntomas<\/strong><\/h4><\/div><\/div>\n\n\n\n<div class=\"wp-block-rea-paragraph-rea-paragraph-block rea-paragraph-block front\"><div class=\"rea-paragraph-block__content\"><p class=\"content-text\">Para hacer un diagn\u00f3stico oficial de esquizofrenia, las directrices del DSM-5 recomiendan la presencia de dos o m\u00e1s s\u00edntomas durante al menos un mes<sup>4<\/sup>. Los s\u00edntomas m\u00e1s frecuentes, denominados <em>s\u00edntomas positivos<\/em>, son delirios, alucinaciones, trastornos del movimiento y habla o comportamiento desorganizado<sup>4<\/sup>. Otra categor\u00eda importante de s\u00edntomas son los <em>s\u00edntomas negativos<\/em>, que pueden ser, por ejemplo, falta de emociones o disminuci\u00f3n de la conversaci\u00f3n<sup>4<\/sup>. Tambi\u00e9n puede haber s\u00edntomas cognitivos, que pueden ser problemas para tomar decisiones y elecciones fundamentadas y para pensar de forma organizada<sup>9<\/sup>.<br>  <br>Tanto los s\u00edntomas positivos como los negativos pueden aparecer durante cualquier fase del trastorno: antes, durante y despu\u00e9s de un episodio psic\u00f3tico.<br><\/p><\/div><\/div>\n\n\n\n<div class=\"wp-block-rea-references-rea-references-block rea-references-block front\"><div class=\"rea-references-block__references\"><p class=\"references-title\">Referencias<\/p><ol class=\"references-list\"><li>Messinger JW. Clin Psychol Rev. 2011 Feb;31(1):161-8;<\/li><li>WebMD Diagnostic Tests for Schizophrenia. https:\/\/www.webmd.com\/schizophrenia\/diagnostic-tests-schizophrenia#1 [Accessed July 2019]<\/li><li>Mayo Clinic Schizophrenia Diagnosis. https:\/\/www.mayoclinic.org\/diseases-conditions\/schizophrenia\/diagnosis-treatment\/drc-20354449 [Accessed July 2019]<\/li><li>American Psychiatric Association. (2013). Diagnostic and statistical manual of mental disorders (5th ed.)<\/li><li>NICE CG178 https:\/\/www.nice.org.uk\/guidance\/cg178<\/li><li>Medscape Schizophrenia Differential Diagnoses. https:\/\/emedicine.medscape.com\/article\/288259-differential [Accessed July 2019]<\/li><li>AIPC Overview of Schizophrenia. https:\/\/www.aipc.net.au\/articles\/an-overview-of-schizophrenia\/ [Accessed July 2019]<\/li><li>CPA Schizophrenia: A journey to recovery. https:\/\/www.schizophrenia.ca\/docs\/RoadtoRecoveryschzhioph-web.pdf [Accessed July 2019]<\/li><li>National Institute of Mental Health Schizophrenia. 2009<\/li><\/ol><\/div><\/div>\n\n\n\n\n","protected":false},"excerpt":{"rendered":"<p>Descubra m\u00e1s sobre las causas de la esquizofrenia Evoluci\u00f3n de la enfermedad M\u00e1s informaci\u00f3n sobre la evoluci\u00f3n de la enfermedad<\/p>\n","protected":false},"author":1,"featured_media":2454,"parent":0,"menu_order":0,"comment_status":"closed","ping_status":"closed","template":"page-fullwidth.php","meta":{"_acf_changed":false,"rea_page_title_signed_in_meta_block_field":"Diagn\u00f3stico de la esquizofrenia","rea_page_title_signed_out_meta_block_field":"Diagn\u00f3stico de la esquizofrenia","rea_page_description_signed_in_meta_block_field":"El diagn\u00f3stico no es posible antes de la aparici\u00f3n de los primeros s\u00edntomas psic\u00f3ticos agudos seg\u00fan las directrices actuales. Sin embargo, la detecci\u00f3n de los signos prodr\u00f3micos puede ser crucial para prevenir el desarrollo posterior o la intervenci\u00f3n temprana.","rea_page_description_signed_out_meta_block_field":"El diagn\u00f3stico no es posible antes de la aparici\u00f3n de los primeros s\u00edntomas psic\u00f3ticos agudos seg\u00fan las directrices actuales. Sin embargo, la detecci\u00f3n de los signos prodr\u00f3micos puede ser crucial para prevenir el desarrollo posterior o la intervenci\u00f3n temprana.","rea_page_footer_id_meta_block_field":"","rea_page_footer_date_meta_block_field":"","footnotes":""},"class_list":["post-2249","page","type-page","status-publish","has-post-thumbnail","hentry"],"acf":[],"_links":{"self":[{"href":"https:\/\/espectroglobal.es\/publico\/wp-json\/wp\/v2\/pages\/2249","targetHints":{"allow":["GET"]}}],"collection":[{"href":"https:\/\/espectroglobal.es\/publico\/wp-json\/wp\/v2\/pages"}],"about":[{"href":"https:\/\/espectroglobal.es\/publico\/wp-json\/wp\/v2\/types\/page"}],"author":[{"embeddable":true,"href":"https:\/\/espectroglobal.es\/publico\/wp-json\/wp\/v2\/users\/1"}],"replies":[{"embeddable":true,"href":"https:\/\/espectroglobal.es\/publico\/wp-json\/wp\/v2\/comments?post=2249"}],"version-history":[{"count":41,"href":"https:\/\/espectroglobal.es\/publico\/wp-json\/wp\/v2\/pages\/2249\/revisions"}],"predecessor-version":[{"id":4919,"href":"https:\/\/espectroglobal.es\/publico\/wp-json\/wp\/v2\/pages\/2249\/revisions\/4919"}],"wp:featuredmedia":[{"embeddable":true,"href":"https:\/\/espectroglobal.es\/publico\/wp-json\/wp\/v2\/media\/2454"}],"wp:attachment":[{"href":"https:\/\/espectroglobal.es\/publico\/wp-json\/wp\/v2\/media?parent=2249"}],"curies":[{"name":"wp","href":"https:\/\/api.w.org\/{rel}","templated":true}]}}