{"id":2235,"date":"2020-01-14T13:28:43","date_gmt":"2020-01-14T13:28:43","guid":{"rendered":"https:\/\/espectroglobal.es\/publico\/?page_id=2235"},"modified":"2025-12-19T09:33:16","modified_gmt":"2025-12-19T08:33:16","slug":"como-aparece-la-esquizofrenia","status":"publish","type":"page","link":"https:\/\/espectroglobal.es\/publico\/como-aparece-la-esquizofrenia\/","title":{"rendered":"\u00bfC\u00f3mo aparece la esquizofrenia?"},"content":{"rendered":"\n<div class=\"wp-block-rea-inpage-nav-rea-inpage-nav-block rea-inpage-nav-block front has-margin\"><div class=\"rea-inpage-nav-block__image\" style=\"background-image: url(https:\/\/espectroglobal.es\/publico\/wp-content\/uploads\/2019\/03\/wooden.png)\"><img decoding=\"async\" class=\"inpage-nav-background\" alt=\"\" src=\"https:\/\/espectroglobal.es\/publico\/wp-content\/uploads\/2019\/03\/wooden.png\"><\/div><div class=\"rea-inpage-nav-block__content\"><div class=\"rea-inpage-nav-block__content--wrapper\"><div class=\"text-wrapper\"><h2 class=\"inpage-nav-title\">Evoluci\u00f3n cl\u00ednica de la enfermedad<\/h2><ul class=\"inpage-nav-list\"><li>La esquizofrenia tiene un perfil cl\u00ednico variado que depende de la persona y la fase. La determinaci\u00f3n exacta de la fase de la enfermedad podr\u00eda ayudar a encontrar la mejor opci\u00f3n de tratamiento y el manejo \u00f3ptimo.<\/li><\/ul><\/div><div class=\"section-nav\"><h4 class=\"section-nav--title\">En esta secci\u00f3n<\/h4><div class=\"section-nav--nav-items js-inpage-nav-items\"><\/div><\/div><\/div><\/div><\/div>\n\n\n\n<br><div class=\"wp-block-rea-title-rea-title-block rea-title-block front\"><div class=\"rea-title-block__content\"><h3 id=\"strongfasesstrongsupstrong12strongsup\" class=\"content-title \"><strong>Fases<\/strong><sup><strong>1-2<\/strong><\/sup><\/h3><h4 class=\"content-subtitle rea-hidden\"><\/h4><\/div><\/div><br>\n\n\n\n<div class=\"wp-block-rea-paragraph-rea-paragraph-block rea-paragraph-block front\"><div class=\"rea-paragraph-block__content\"><p class=\"content-text\">Dado que la esquizofrenia no aparece con un patr\u00f3n definido, la mejor forma de describir la evoluci\u00f3n de la enfermedad es por fases. Hay tres fases principales: una fase prodr\u00f3mica, una fase aguda y una fase estable<sup>1,2<\/sup>. <br>La palabra \u00abprodr\u00f3mico\u00bb hace referencia a un per\u00edodo que precede al primer episodio agudo. La fase prodr\u00f3mica se refiere al tiempo transcurrido antes del primer episodio de psicosis y puede durar entre unos d\u00edas y 18 meses. Durante esta fase, una persona con esquizofrenia puede mostrar algunos actos o comportamientos extra\u00f1os y podr\u00eda tener ciertos problemas de memoria, dificultad para concentrarse o dificultades para comunicarse o participar en actividades sociales<sup>2<\/sup>. <br>Despu\u00e9s de la fase prodr\u00f3mica, normalmente comenzar\u00e1 la fase aguda. Durante este tiempo, una persona con esquizofrenia puede tener varios s\u00edntomas positivos, como alucinaciones o delirios, lo que puede provocarle mucha angustia. El episodio agudo normalmente se resuelve con apoyo farmacol\u00f3gico y psicol\u00f3gico y los s\u00edntomas disminuyen o, en la mayor\u00eda de los casos, desaparecen por completo. Podr\u00edan persistir algunos s\u00edntomas negativos (por ejemplo, menor inter\u00e9s en las actividades cotidianas o los eventos sociales). Esta fase podr\u00eda durar varios a\u00f1os y es la que llamamos fase estable<sup>2<\/sup>. <br>Algunas personas sufren s\u00edntomas agudos durante toda su vida, que, de nuevo, se pueden controlar con medicaci\u00f3n y apoyo psicol\u00f3gico.<\/p><\/div><\/div>\n\n\n\n<div class=\"wp-block-rea-illustration-rea-illustration-block rea-illustration-block front\"><img class=\"illustration-bg\" alt=\"\"><div class=\"rea-illustration-block__content\"><div class=\"rea-illustration-block__image image-wrapper\"><a href=\"https:\/\/espectroglobal.es\/publico\/wp-content\/uploads\/2021\/10\/K9_ES-scaled.jpg\" rel=\"noopener noreferrer\" target=\"_blank\" class=\"\"><img decoding=\"async\" class=\"illustration center\" alt=\"\" src=\"https:\/\/espectroglobal.es\/publico\/wp-content\/uploads\/2021\/10\/K9_ES-scaled.jpg\" style=\"max-width: 100%\"><img decoding=\"async\" class=\"rea-mobile illustration-mobile\" alt=\"\" src=\"https:\/\/espectroglobal.es\/publico\/wp-content\/uploads\/2021\/10\/K9_ES-1-scaled.jpg\"><\/a><\/div><p class=\"rea-site__caption caption-text align-center\">Figura 1: Ejemplo de c\u00f3mo las fases de la esquizofrenia pueden evolucionar con el tiempo. (Adaptado de Lieberman and First, 2018)<\/p><\/div><\/div><br>\n\n\n\n<div class=\"wp-block-rea-separator-rea-separator-block rea-separator-block front\"><div class=\"rea-separator-block__content\"><hr class=\"rea-separator-block__separator\"><\/div><\/div>\n\n\n\n<br><br><div class=\"wp-block-rea-title-rea-title-block rea-title-block front\"><div class=\"rea-title-block__content\"><h3 id=\"strongpatrnstrongsupstrong12strongsup\" class=\"content-title \"><strong>Patr\u00f3n<\/strong><sup><strong>1-2<\/strong><\/sup><\/h3><h4 class=\"content-subtitle rea-hidden\"><\/h4><\/div><\/div><br>\n\n\n\n<div class=\"wp-block-rea-paragraph-rea-paragraph-block rea-paragraph-block front\"><div class=\"rea-paragraph-block__content\"><p class=\"content-text\">Dependiendo de las fases, puede parecer que la esquizofrenia tiene un patr\u00f3n muy predecible, pero, por desgracia, la evoluci\u00f3n de la enfermedad es bastante peculiar y cada persona puede tener patrones de episodios y tipos de s\u00edntomas muy diferentes. Los episodios agudos con s\u00edntomas positivos pueden ser muy breves en algunas personas y durar algunos a\u00f1os en otras. Algunas personas con esquizofrenia nunca manifiestan un per\u00edodo prodr\u00f3mico evidente; el diagn\u00f3stico solo se establece despu\u00e9s del primer episodio agudo repentino\u00b2. En la imagen siguiente puede ver c\u00f3mo una persona con esquizofrenia puede encuadrarse en cualquiera de estos cuatro patrones de enfermedad. Despu\u00e9s de un episodio agudo, una de cada cinco personas nunca volver\u00e1 a tener s\u00edntomas a lo largo de su vida. En cambio, cuatro de cada cinco personas tendr\u00e1n m\u00e1s episodios agudos en el futuro. Esto no significa que todos los episodios agudos del futuro vayan a tener la misma intensidad y podr\u00eda pasar mucho tiempo entre los episodios.<br><br><\/p><\/div><\/div>\n\n\n\n<div class=\"wp-block-rea-illustration-rea-illustration-block rea-illustration-block front\"><img class=\"illustration-bg\" alt=\"\"><div class=\"rea-illustration-block__content\"><div class=\"rea-illustration-block__image image-wrapper\"><a href=\"https:\/\/espectroglobal.es\/publico\/wp-content\/uploads\/2021\/09\/G03_03_1366px_ES.jpg\" rel=\"noopener noreferrer\" target=\"_blank\" class=\"\"><img decoding=\"async\" class=\"illustration center\" alt=\"\" src=\"https:\/\/espectroglobal.es\/publico\/wp-content\/uploads\/2021\/09\/G03_03_1366px_ES.jpg\" style=\"max-width: 100%\"><img decoding=\"async\" class=\"rea-mobile illustration-mobile\" alt=\"\" src=\"https:\/\/espectroglobal.es\/publico\/wp-content\/uploads\/2021\/09\/G03_03_1366px_ES-1.jpg\"><\/a><\/div><p class=\"rea-site__caption caption-text align-center\">Fig. 2: Shepherd, M. The Natural History of Schizophrenia: A Five-Year Follow-up Study of Outcome and Prediction in a Representative Sample of Schizophrenics, Psychological Medicine Monograph, supplement 15, 1989.<\/p><\/div><\/div>\n\n\n\n<div class=\"wp-block-rea-references-rea-references-block rea-references-block front\"><div class=\"rea-references-block__references\"><p class=\"references-title\">Referencias<\/p><ol class=\"references-list\"><li>AIPC Overview of Schizophrenia. https:\/\/www.aipc.net.au\/articles\/an-overview-of-schizophrenia\/ [Accessed July 2019]<\/li><li>CPA Schizophrenia: A journey to recovery. https:\/\/www.schizophrenia.ca\/docs\/RoadtoRecoveryschzhioph-web.pdf [Accessed July 2019]<\/li><li>Lieberman and First. N Engl J Med. 2018;379:270-80<\/li><li>Shepherd et al. Psychol Med Monogr Suppl. 1989;15:1-46<\/li><\/ol><\/div><\/div>\n\n\n\n\n","protected":false},"excerpt":{"rendered":"","protected":false},"author":1,"featured_media":1145,"parent":0,"menu_order":0,"comment_status":"closed","ping_status":"closed","template":"page-fullwidth.php","meta":{"_acf_changed":false,"rea_page_title_signed_in_meta_block_field":"\u00bfC\u00f3mo se desarrolla la esquizofrenia?","rea_page_title_signed_out_meta_block_field":"\u00bfC\u00f3mo se desarrolla la esquizofrenia?","rea_page_description_signed_in_meta_block_field":"Dado que la esquizofrenia no se desarrolla siguiendo un patr\u00f3n fijo, la mejor manera de describir el curso de la enfermedad es por fases. Hay tres fases principales: una fase prodr\u00f3mica, una fase aguda y una fase estable.","rea_page_description_signed_out_meta_block_field":"Dado que la esquizofrenia no se desarrolla siguiendo un patr\u00f3n fijo, la mejor manera de describir el curso de la enfermedad es por fases. Hay tres fases principales: una fase prodr\u00f3mica, una fase aguda y una fase estable.","rea_page_footer_id_meta_block_field":"","rea_page_footer_date_meta_block_field":"","footnotes":""},"class_list":["post-2235","page","type-page","status-publish","has-post-thumbnail","hentry"],"acf":[],"_links":{"self":[{"href":"https:\/\/espectroglobal.es\/publico\/wp-json\/wp\/v2\/pages\/2235","targetHints":{"allow":["GET"]}}],"collection":[{"href":"https:\/\/espectroglobal.es\/publico\/wp-json\/wp\/v2\/pages"}],"about":[{"href":"https:\/\/espectroglobal.es\/publico\/wp-json\/wp\/v2\/types\/page"}],"author":[{"embeddable":true,"href":"https:\/\/espectroglobal.es\/publico\/wp-json\/wp\/v2\/users\/1"}],"replies":[{"embeddable":true,"href":"https:\/\/espectroglobal.es\/publico\/wp-json\/wp\/v2\/comments?post=2235"}],"version-history":[{"count":38,"href":"https:\/\/espectroglobal.es\/publico\/wp-json\/wp\/v2\/pages\/2235\/revisions"}],"predecessor-version":[{"id":4921,"href":"https:\/\/espectroglobal.es\/publico\/wp-json\/wp\/v2\/pages\/2235\/revisions\/4921"}],"wp:featuredmedia":[{"embeddable":true,"href":"https:\/\/espectroglobal.es\/publico\/wp-json\/wp\/v2\/media\/1145"}],"wp:attachment":[{"href":"https:\/\/espectroglobal.es\/publico\/wp-json\/wp\/v2\/media?parent=2235"}],"curies":[{"name":"wp","href":"https:\/\/api.w.org\/{rel}","templated":true}]}}