{"id":2208,"date":"2020-01-14T12:32:31","date_gmt":"2020-01-14T12:32:31","guid":{"rendered":"https:\/\/espectroglobal.es\/publico\/?page_id=2208"},"modified":"2025-12-19T09:33:16","modified_gmt":"2025-12-19T08:33:16","slug":"aspectos-generales-de-la-esquizofrenia","status":"publish","type":"page","link":"https:\/\/espectroglobal.es\/publico\/aspectos-generales-de-la-esquizofrenia\/","title":{"rendered":"\u00bfQu\u00e9 es la esquizofrenia?"},"content":{"rendered":"\n<div class=\"wp-block-rea-hero-banner-rea-hero-banner-block rea-hero-banner-block front has-margin no-btn\"><div class=\"rea-hero-banner-block__image\" style=\"background-image: url(https:\/\/espectroglobal.es\/publico\/wp-content\/uploads\/2019\/03\/wood_bg.jpg)\"><img decoding=\"async\" class=\"hero-banner-background\" alt=\"\" src=\"https:\/\/espectroglobal.es\/publico\/wp-content\/uploads\/2019\/03\/wood_bg.jpg\"><\/div><div class=\"rea-hero-banner-block__content\"><div class=\"rea-hero-banner-block__content--wrapper\"><div class=\"text-wrapper\"><h1 class=\"hero-banner-title\">Aspectos generales de la esquizofrenia<\/h1><p class=\"hero-banner-text\">An essential resource for healthcare professionals treating people with La esquizofrenia es una enfermedad mental que todav\u00eda no tiene una causa definida y que se manifiesta con diversos s\u00edntomas cl\u00ednicos.<\/p><a class=\"button__primary button-text\" href=\"\"><\/a><p class=\"hero-banner-signed-out-text js-hide-dc-signed-in\"><\/p><\/div><div class=\"image-wrapper\"><img decoding=\"async\" class=\"hero-banner-image js-rea-parallax\" alt=\"\" src=\"https:\/\/espectroglobal.es\/publico\/wp-content\/uploads\/2025\/04\/17-Timi-szept-30_00001.webp\"><\/div><\/div><\/div><\/div>\n\n\n\n<div class=\"wp-block-rea-title-rea-title-block rea-title-block front\"><div class=\"rea-title-block__content\"><h3 id=\"aspectos-generales\" class=\"content-title \">Aspectos generales<\/h3><h4 class=\"content-subtitle rea-hidden\"><\/h4><\/div><\/div>\n\n\n\n<div class=\"wp-block-rea-paragraph-rea-paragraph-block rea-paragraph-block front\"><div class=\"rea-paragraph-block__content\"><p class=\"content-text\">La esquizofrenia puede definirse como un trastorno mental grave que afecta a los comportamientos, los pensamientos y las emociones. Es posible que no empiece a notar los primeros s\u00edntomas hasta la adolescencia o la edad adulta, pero en realidad comienza mucho antes\u00b9. Los varones suelen empezar a manifestar s\u00edntomas entre los 15 y los 25 a\u00f1os, mientras que en las mujeres aparecen normalmente m\u00e1s tarde (35-45 a\u00f1os). Sin embargo, la esquizofrenia se diagnostica de manera constante en ambos sexos y en todas las culturas\u00b2. M\u00e1s de 21 millones de personas padecen esquizofrenia en todo el mundo, y es m\u00e1s frecuente en los varones que en las mujeres\u00b3.<br><br><\/p><\/div><\/div>\n\n\n\n<div class=\"wp-block-rea-separator-rea-separator-block rea-separator-block front\"><div class=\"rea-separator-block__content\"><hr class=\"rea-separator-block__separator\"><\/div><\/div>\n\n\n\n<br><br><div class=\"wp-block-rea-title-rea-title-block rea-title-block front\"><div class=\"rea-title-block__content\"><h3 id=\"causas-y-sntomas\" class=\"content-title \">Causas y s\u00edntomas<\/h3><h4 class=\"content-subtitle rea-hidden\"><\/h4><\/div><\/div><br>\n\n\n\n<div class=\"wp-block-rea-paragraph-rea-paragraph-block rea-paragraph-block front\"><div class=\"rea-paragraph-block__content\"><p class=\"content-text\">En \u00faltimo t\u00e9rmino, se desconoce la causa definitiva de la esquizofrenia. Sin embargo, se conocen varios elementos implicados, por ejemplo: factores antes del nacimiento, consumo de drogas y factores sociales<sup>4,7<\/sup>. Los factores del modo de vida tambi\u00e9n se han relacionado con un mayor riesgo de padecer esquizofrenia. Por ejemplo, el consumo de cannabis\u2074, ciertos factores sociales, como criarse en una gran ciudad, o eventos muy emocionales en la vida, se han vinculado al trastorno<sup>5,7<\/sup>. La relaci\u00f3n entre el consumo de cannabis y la psicosis se ha estudiado muy a fondo. Hay investigaciones que indican que el cannabis aumenta las probabilidades de esquizofrenia y que las personas con este trastorno mental tienen una mayor tendencia a consumir marihuana; las personas predispuestas a la psicosis tambi\u00e9n tienen m\u00e1s probabilidades de consumir marihuana que la poblaci\u00f3n\u00b9\u00b3. <br><br>Un art\u00edculo muy reciente de 2019 publicado en <em>The Lancet<\/em> afirma que el 30\u00a0% de los primeros episodios de psicosis diagnosticados en Londres y el 50\u00a0% de los diagnosticados en \u00c1msterdam podr\u00edan evitarse si en estas ciudades no fuera tan f\u00e1cil conseguir cannabis de alta potencia<sup>14<\/sup>. El riesgo de esquizofrenia es mayor dentro de las familias, en parte porque podr\u00eda haber factores gen\u00e9ticos subyacentes a la esquizofrenia<sup>6,7,9<\/sup>. Sin embargo, el impacto de los genes tambi\u00e9n depende de su interacci\u00f3n con el entorno, por lo que no se pueden relacionar los factores gen\u00e9ticos por s\u00ed solos directamente con el desarrollo de esquizofrenia<sup>6<\/sup>. Algunas anomal\u00edas f\u00edsicas en la anatom\u00eda y la funci\u00f3n del cerebro tambi\u00e9n podr\u00edan influir en la aparici\u00f3n del trastorno<sup>10<\/sup>. Las investigaciones han demostrado que, en las personas con esquizofrenia, el desarrollo cerebral resulta afectado en la adolescencia<sup>10<\/sup> . Esto parece ocurrir de dos formas posibles :<\/p><\/div><\/div>\n\n\n\n<div class=\"wp-block-rea-list-rea-list-block rea-list-block front\"><div class=\"rea-list-block__wrapper\"><div class=\"list-unordered list\"><p>Las neuronas del cerebro est\u00e1n conectadas en redes que son importantes para la funci\u00f3n y el desarrollo cerebrales. En la zona frontal del cerebro, llamada corteza prefrontal, las ramas neuronales externas (llamadas sinapsis y espinas dendr\u00edticas) pueden sufrir una \u00abpoda\u00bb excesiva, lo que interrumpe las conexiones normales dentro de la red. La poda es un fen\u00f3meno habitual, pero est\u00e1 potenciado en las personas con esquizofrenia<sup>6<\/sup>.<\/p><p>Las neuronas se comunican entre s\u00ed mediante neurotransmisores, que son sustancias qu\u00edmicas que transmiten mensajes en el cerebro. Una regulaci\u00f3n deficiente de los neurotransmisores puede alterar la transmisi\u00f3n de mensajes y afectar al desarrollo cerebral. En las personas esquizofr\u00e9nicas, algunos neurotransmisores parecen tener una actividad inusitada: la dopamina, la serotonina y el glutamato<sup>6,11<\/sup>.<\/p><\/div><\/div><\/div>\n\n\n\n<div class=\"wp-block-rea-paragraph-rea-paragraph-block rea-paragraph-block front\"><div class=\"rea-paragraph-block__content\"><p class=\"content-text\">La esquizofrenia tiene una amplia variedad de s\u00edntomas que pueden identificarse, pero que, en \u00faltimo t\u00e9rmino, se agrupan en categor\u00edas: <a href=\"https:\/\/espectroglobal.es\/publico\/sintomas\/\" data-type=\"page\" data-id=\"2221\">positivos<\/a> (como alucinaciones y delirios), <a href=\"https:\/\/espectroglobal.es\/publico\/sintomas\/\" data-type=\"page\" data-id=\"2221\">negativos<\/a> (relacionados con una falta de expresividad y motivaci\u00f3n) y <a href=\"https:\/\/espectroglobal.es\/publico\/sintomas\/\" data-type=\"page\" data-id=\"2221\">cognitivos<\/a> (dificultades para organizar los pensamientos y hacer planes)<sup>12<\/sup>.<br><br><\/p><\/div><\/div>\n\n\n\n<div class=\"wp-block-rea-quote-rea-quote-block rea-quote-block front\"><div class=\"rea-quote-block__wrapper\"><div class=\"rea-quote-block__content-type\"><div class=\"rea-quote-block__content-type--background\" data-type=\"book\"><div class=\"rea-quote-block__content-type--icon attr-content-type\" data-type=\"book\"><div class=\"content-type-icon\"><\/div><\/div><\/div><\/div><div class=\"rea-quote-block__content-area\"><p class=\"rea-quote-block__content-area--content-type html-content-type-title\" data-type=\"book\"><\/p><h5 class=\"rea-quote-block__content-area--title html-title\">Clasificaci\u00f3n de los trastornos mentales y conductuales de la CIE-10<\/h5><div class=\"rea-quote-block__content-area--subtitle html-subtitle\">Organizaci\u00f3n Mundial de la Salud<\/div><div class=\"rea-quote-block__content-area--reference html-reference\"><a href=\"https:\/\/www.who.int\/classifications\/icd\/en\/GRNBOOK.pdf\" target=\"_blank\" rel=\"noreferrer noopener nofollow\">Leer m\u00e1s aqu\u00ed<\/a><\/div><div class=\"rea-quote-block__content-area--text html-text\"><\/div><\/div><\/div><\/div>\n\n\n\n<div class=\"wp-block-rea-references-rea-references-block rea-references-block front\"><div class=\"rea-references-block__references\"><p class=\"references-title\">Referencias<\/p><ol class=\"references-list\"><li>ICD-10 Classification of Mental and Behavioural Disorders  <a href=\"https:\/\/icd.who.int\/browse10\/2016\/en#\/F20\" target=\"_blank\" rel=\"noreferrer noopener nofollow\">https:\/\/icd.who.int\/browse10\/2016\/en#\/F20<\/a>. Accessed July 2019<\/li><li>Mathews M. Schizophrenia and Acute Psychosis. August 2013<\/li><li>WHO schizophrenia fact sheet <a href=\"https:\/\/www.who.int\/news-room\/fact-sheets\/detail\/schizophrenia\" target=\"_blank\" rel=\"noreferrer noopener nofollow\">https:\/\/www.who.int\/news-room\/fact-sheets\/detail\/schizophrenia<\/a>. Accessed July 2019<\/li><li>Haller CS, Padmanabhan JL, Lizano P, Torous J, Keshavan M. Recent advances in understanding schizophrenia. F1000Prime Rep. 2014 Jul 8;6:57. doi: 10.12703\/P6-57. eCollection 2014. Review.<\/li><li>Klosterk\u00f6tter J, Schultze-Lutter F, Bechdolf A, Ruhrmann S. Prediction and prevention of schizophrenia: what has been achieved and where to go next? World Psychiatry. 2011;10(3):165\u2013174.<\/li><li>Sullivan PF, Kendler KS, Neale MC., Schizophrenia as a complex trait: evidence from a meta-analysis of twin studies. Arch Gen Psychiatry. 2003 Dec;60(12):1187-92.<\/li><li>McGuffin P. Nature and nurture interplay: schizophrenia. Psychiatr Prax. 2004 Nov;31 Suppl 2:S189-93.<\/li><li><a href=\"https:\/\/www.bbc.co.uk\/news\/health-12617495\" target=\"_blank\" rel=\"noreferrer noopener nofollow\">https:\/\/www.bbc.co.uk\/news\/health-12617495<\/a> [Accessed July 2019] <\/li><li>Kety SS. Arch Gen Psychiatry 1994;51(6):442-55<\/li><li><a href=\"https:\/\/www.nhs.uk\/conditions\/schizophrenia\/causes\/\" target=\"_blank\" rel=\"noreferrer noopener nofollow\">https:\/\/www.nhs.uk\/conditions\/schizophrenia\/causes\/<\/a> [Accessed July 2019]<\/li><li>Brisch et al. The Role of Dopamine in Schizophrenia from a Neurobiological and Evolutionary Perspective: Old Fashioned, but Still in Vogue Front Psychiatry. 2014; 5: 47<\/li><li>NIH. Mental Health Information. Schizophrenia. <a href=\"https:\/\/www.nimh.nih.gov\/health\/topics\/schizophrenia\/index.shtml\" target=\"_blank\" rel=\"noreferrer noopener nofollow\">https:\/\/www.nimh.nih.gov\/health\/topics\/schizophrenia\/index.shtml<\/a> Accessed July 2019<\/li><li>Psychol Med. 2017 Apr;47(5):971-980. doi: 10.1017\/S0033291716003172. Epub 2016 Dec 8. Assessing causality in associations between cannabis use and schizophrenia risk: a two-sample Mendelian randomization study. Gage SH, Jones HJ, Burgess S, Bowden J, Davey Smith G, Zammit S, Munaf\u00f2 MR.<\/li><li>The Lancet Psychiatry, VOLUME 6, ISSUE 5, P427-436, MAY 01, 2019. The contribution of cannabis use to variation in the incidence of psychotic disorder across Europe (EU-GEI): a multicentre case-control study. Marta Di Forti, PhD , Diego Quattrone, MD, Giada Tripoli, MSc,Charlotte Gayer-Anderson, PhD, Harriet Quigley, MD et al<\/li><\/ol><\/div><\/div>\n\n\n\n\n","protected":false},"excerpt":{"rendered":"","protected":false},"author":1,"featured_media":1154,"parent":0,"menu_order":0,"comment_status":"closed","ping_status":"closed","template":"page-fullwidth.php","meta":{"_acf_changed":false,"rea_page_title_signed_in_meta_block_field":"\u00bfQu\u00e9 es la esquizofrenia?","rea_page_title_signed_out_meta_block_field":"Aspectos generales de la esquizofrenia","rea_page_description_signed_in_meta_block_field":"La esquizofrenia puede definirse como un trastorno mental grave que afecta a los comportamientos, pensamientos y emociones. Es posible que los primeros s\u00edntomas aparezcan en la adolescencia o en la edad adulta, pero en realidad comienza mucho antes.","rea_page_description_signed_out_meta_block_field":"La esquizofrenia puede definirse como un trastorno mental grave que afecta a los comportamientos, pensamientos y emociones. Es posible que los primeros s\u00edntomas aparezcan en la adolescencia o en la edad adulta, pero en realidad comienza mucho antes.","rea_page_footer_id_meta_block_field":"","rea_page_footer_date_meta_block_field":"","footnotes":""},"class_list":["post-2208","page","type-page","status-publish","has-post-thumbnail","hentry"],"acf":[],"_links":{"self":[{"href":"https:\/\/espectroglobal.es\/publico\/wp-json\/wp\/v2\/pages\/2208","targetHints":{"allow":["GET"]}}],"collection":[{"href":"https:\/\/espectroglobal.es\/publico\/wp-json\/wp\/v2\/pages"}],"about":[{"href":"https:\/\/espectroglobal.es\/publico\/wp-json\/wp\/v2\/types\/page"}],"author":[{"embeddable":true,"href":"https:\/\/espectroglobal.es\/publico\/wp-json\/wp\/v2\/users\/1"}],"replies":[{"embeddable":true,"href":"https:\/\/espectroglobal.es\/publico\/wp-json\/wp\/v2\/comments?post=2208"}],"version-history":[{"count":74,"href":"https:\/\/espectroglobal.es\/publico\/wp-json\/wp\/v2\/pages\/2208\/revisions"}],"predecessor-version":[{"id":4923,"href":"https:\/\/espectroglobal.es\/publico\/wp-json\/wp\/v2\/pages\/2208\/revisions\/4923"}],"wp:featuredmedia":[{"embeddable":true,"href":"https:\/\/espectroglobal.es\/publico\/wp-json\/wp\/v2\/media\/1154"}],"wp:attachment":[{"href":"https:\/\/espectroglobal.es\/publico\/wp-json\/wp\/v2\/media?parent=2208"}],"curies":[{"name":"wp","href":"https:\/\/api.w.org\/{rel}","templated":true}]}}