{"id":188,"date":"2019-03-08T15:15:39","date_gmt":"2019-03-08T15:15:39","guid":{"rendered":"http:\/\/espectroglobal.es\/publico\/?page_id=188"},"modified":"2022-04-05T15:05:25","modified_gmt":"2022-04-05T14:05:25","slug":"aviso-legal","status":"publish","type":"page","link":"https:\/\/espectroglobal.es\/publico\/aviso-legal\/","title":{"rendered":"Aviso legal"},"content":{"rendered":"\n<div class=\"wp-block-rea-inpage-nav-rea-inpage-nav-block rea-inpage-nav-block front has-margin\"><div class=\"rea-inpage-nav-block__image\" style=\"background-image: url(https:\/\/espectroglobal.es\/publico\/wp-content\/uploads\/2019\/03\/wooden.png)\"><img decoding=\"async\" class=\"inpage-nav-background\" alt=\"\" src=\"https:\/\/espectroglobal.es\/publico\/wp-content\/uploads\/2019\/03\/wooden.png\"\/><\/div><div class=\"rea-inpage-nav-block__content\"><div class=\"rea-inpage-nav-block__content--wrapper\"><div class=\"text-wrapper\"><h2 class=\"inpage-nav-title\">Aviso legal<\/h2><ul class=\"inpage-nav-list\"><li><\/li><\/ul><\/div><div class=\"section-nav\"><h4 class=\"section-nav--title\"><\/h4><div class=\"section-nav--nav-items js-inpage-nav-items\"><\/div><\/div><\/div><\/div><\/div>\n\n\n\n<div class=\"wp-block-rea-paragraph-rea-paragraph-block rea-paragraph-block front avisolegal\"><div class=\"rea-paragraph-block__content\"><p class=\"content-text\">En cumplimiento de lo establecido en la Ley 34\/2002, de Servicios de la Sociedad de la Informaci\u00f3n y del comercio electr\u00f3nico, le informamos que el titular de este sitio web (\u201cWeb\u201d), sus contenidos (\u201cContenidos\u201d) y los servicios que en ella se prestan (\u201cServicios\u201d) es CASEN RECORDATI, S. L. (\u201cCASEN RECORDATI\u201d), cuyos datos de identificaci\u00f3n son los que se detallan a continuaci\u00f3n:<br><br>CASEN RECORDATI, S.L.<br>Domicilio social: Autov\u00eda de Logro\u00f1o, Km. 13,300, 50.180 Utebo (Zaragoza)<br>C.I.F. n\u00famero B81094922<br>Tel\u00e9fono 91 659 15 50<br>Fax 91 659 15 75<br>Correo electr\u00f3nico:&nbsp;<a href=\"mailto:rrhh@casenrecordati.com\">rrhh@casenrecordati.com<\/a><br>Datos registrales: inscrita en el Registro Mercantil de Zaragoza, Tomo 4038, Libro 0, Folio 159, Hoja Z-56569, Inscripci\u00f3n 2.<br><br>CASEN RECORDATI se encuentra autorizada para el desarrollo de su actividad en Espa\u00f1a bajo el n\u00famero de autorizaci\u00f3n 3010E, e inscrita en el Registro de Laboratorios Farmac\u00e9uticos dependiente de la Agencia Espa\u00f1ola de Medicamentos y Productos Sanitarios, organismo que se encuentra asimismo encargado de su supervisi\u00f3n.<br><br>La persona que accede a la Web (en adelante el \u201cUsuario\u201d) se compromete a utilizar la Web, los Servicios y los Contenidos de conformidad con la normativa vigente, la moral, las buenas costumbres y el orden p\u00fablico y las condiciones de uso en las que se integra el presente aviso legal, y siempre de forma diligente, correcta y l\u00edcita. El acceso y utilizaci\u00f3n de la Web por el Usuario conlleva la aceptaci\u00f3n del presente aviso legal, as\u00ed como del aviso de privacidad y de la pol\u00edtica de cookies de la Web. Tanto el acceso a la Web como el uso que pueda hacerse de cualquier informaci\u00f3n que contiene, se realizan bajo la responsabilidad exclusiva del Usuario.<br><br>La titularidad de todos los derechos de propiedad intelectual de los contenidos de esta Web corresponde a CASEN RECORDATI, ya sea en r\u00e9gimen de propiedad o como licenciataria, y no pueden ser copiados excepto para ser utilizados a t\u00edtulo personal y sin inter\u00e9s comercial; queda por tanto prohibida la reproducci\u00f3n total o parcial en cualquier medio sin la previa autorizaci\u00f3n escrita de CASEN RECORDATI. Nada de lo contenido en estas condiciones de uso se interpretar\u00e1 en el sentido de que confiere un derecho de licencia o de otra \u00edndole sobre cualquier derecho del que sea titular CASEN RECORDATI.<br><br>Todos los nombres de productos, logotipos y servicios que aparezcan en esta Web son marcas que CASEN RECORDATI o sus entidades vinculadas poseen en r\u00e9gimen propiedad o de licencia, a menos que se indique a otra entidad como titular de las mismas. Se proh\u00edbe todo uso de tales marcas diferente del espec\u00edficamente permitido en estas condiciones de uso, salvo si se dispone de un permiso expreso que CASEN RECORDATI le conceda por escrito, o cuando se haga con el fin de identificar los productos o servicios de CASEN RECORDATI. La exhibici\u00f3n de una marca perteneciente a un tercero en esta Web no supone que su titular haya concedido una licencia a CASEN RECORDATI o respalde los productos o servicios de CASEN RECORDATI, ni tampoco constituye un respaldo o aprobaci\u00f3n por parte de CASEN RECORDATI del titular de dicha marca, su sitio web o sus productos o servicios.<br><br>CASEN RECORDATI hace todo lo posible para que esta Web proporcione informaci\u00f3n precisa y actualizada. Sin embargo, dicha informaci\u00f3n no est\u00e1 libre de errores o puede no estar actualizada. CASEN RECORDATI no garantiza de manera alguna la plena fiabilidad de la informaci\u00f3n, su precisi\u00f3n o actualizaci\u00f3n. Asimismo, tampoco se garantiza su continuidad ni el funcionamiento ininterrumpido de los servicios y contenidos. CASEN RECORDATI no asume responsabilidad alguna ni por errores, ni por da\u00f1os de cualquier tipo resultantes del uso de la informaci\u00f3n contenida en esta Web.<br><br>La informaci\u00f3n y documentaci\u00f3n que sobre los productos se facilita en esta Web lo es a t\u00edtulo meramente informativo y no supone en modo alguno recomendaci\u00f3n por parte de CASEN RECORDATI, ni est\u00e1 concebida para constituir una oferta de venta o una invitaci\u00f3n a adquirir un producto o servicio comercializado por CASEN RECORDATI, siendo responsabilidad de los profesionales sanitarios correspondientes decidir, en cada caso concreto, el tratamiento que mejor se adecua a las necesidades de cada paciente. Aquellas personas que requieran un diagn\u00f3stico o tratamiento, o que deseen formular preguntas espec\u00edficas relativas a un individuo en concreto, deber\u00e1n ponerse en contacto con su m\u00e9dico o su farmac\u00e9utico.<br><br>Algunos de los contenidos est\u00e1n exclusivamente destinados a profesionales sanitarios legalmente facultados para prescribir o dispensar medicamentos. En dichos casos constar\u00e1 expresamente indicado que el acceso a los mismos est\u00e1 restringido a tales profesionales y se adoptar\u00e1n las medidas que a tal efecto la normativa requiera en cada momento. Entre estas medidas puede estar la de verificar si el Usuario es un profesional sanitario, por lo que en caso de que el Usuario decida no facilitar los datos personales solicitados, acepta la posibilidad de que no pueda acceder a determinadas secciones de esta Web.<br><br>En la Web pueden incluirse distintos enlaces que permiten al Usuario acceder a otros sitios web (\u201cSitios Enlazados\u201d). En ning\u00fan caso, la existencia de Sitios Enlazados comporta recomendaci\u00f3n, promoci\u00f3n, identificaci\u00f3n y\/o conformidad de CASEN RECORDATI con las manifestaciones, contenidos y\/o servicios proporcionados a trav\u00e9s de los Sitos Enlazados. En consecuencia, CASEN RECORDATI no se hace responsable del contenido, condiciones de uso, pol\u00edticas de privacidad y dem\u00e1s condiciones de los Sitios Enlazados, siendo el Usuario el \u00fanico responsable de comprobarlos y aceptarlos cada vez que acceda y use los mismos.<br><br>Toda la informaci\u00f3n que facilite el Usuario a trav\u00e9s de esta Web deber\u00e1 ser veraz. A tales efectos, el Usuario garantiza la autenticidad de todos los datos que se le soliciten en el uso de algunos Servicios y\/o en el acceso a Contenidos. Los datos personales que facilite el Usuario para su registro en la Web, as\u00ed como en cualquier otra secci\u00f3n de la Web, se utilizar\u00e1n para las finalidades y en los t\u00e9rminos descritos en nuestro aviso de privacidad, que puede consultar&nbsp;<a href=\"https:\/\/espectroglobal.es\/terms-of-use\/\">aqu\u00ed<\/a>.<br><br>CASEN RECORDATI s\u00f3lo permite la incorporaci\u00f3n de informaciones, comentarios u otros contenidos en esta Web por parte del Usuario en las secciones expresamente designadas para ello. Al publicar cualquier material en la Web, el Usuario garantiza ser su \u00fanico y exclusivo autor, o que ostenta los derechos sobre el mismo, y que no infringen de manera alguna derechos de terceros. El Usuario cede de forma no exclusiva y gratuita los derechos de explotaci\u00f3n, distribuci\u00f3n, comunicaci\u00f3n p\u00fablica, transformaci\u00f3n y reproducci\u00f3n de los mismos a CASEN RECORDATI, para que puedan ser utilizados por \u00e9sta, por s\u00ed o a trav\u00e9s de terceros, en cualquier forma y soporte, inclusive en relaci\u00f3n con publicidad institucional y\/o de productos de CASEN RECORDATI, en cualquier pa\u00eds del mundo por un periodo de 20 a\u00f1os.<br><br>CASEN RECORDATI se reserva el derecho a interrumpir o suspender el funcionamiento de esta Web, de forma total o parcial, y por tiempo limitado o indefinidamente, as\u00ed como de eliminar cualquier contenido de la misma, no asumiendo responsabilidad alguna por tal eventual interrupci\u00f3n, suspensi\u00f3n o eliminaci\u00f3n. Asimismo, CASEN RECORDATI podr\u00e1 limitar, retirar o suspender en cualquier momento y sin necesidad de aviso previo el acceso a aquellos Usuarios que incumplan lo establecido en el presente aviso legal.<br><br>Para la utilizaci\u00f3n de esta Web es necesaria la utilizaci\u00f3n de cookies. Las cookies se utilizan con la finalidad de facilitar la navegaci\u00f3n y ofrecer un servicio personalizado y constituyen una herramienta para obtener datos estad\u00edsticos del uso de la Web. En ning\u00fan caso se utilizan para almacenar informaci\u00f3n que pueda identificar al Usuario. Puede consultar m\u00e1s informaci\u00f3n sobre la pol\u00edtica de cookies&nbsp;<a href=\"https:\/\/espectroglobal.es\/uso-de-cookies\/\">aqu\u00ed<\/a>.<br><br>El presente aviso legal se rige en todos y cada uno de sus extremos por la ley espa\u00f1ola. Las partes, en cuanto lo permita la ley, renuncian expresamente a cualquier otro fuero que pudiera corresponderles, acordando someterse a la Jurisdicci\u00f3n de los Juzgados y Tribunales de la ciudad de Madrid, Espa\u00f1a.<br><br>Para cualquier sugerencia, por favor escr\u00edbanos a&nbsp;<a href=\"mailto:lopd@casenrecordati.com\">lopd@casenrecordati.com<\/a><\/p><\/div><\/div>\n","protected":false},"excerpt":{"rendered":"","protected":false},"author":1,"featured_media":0,"parent":0,"menu_order":0,"comment_status":"closed","ping_status":"closed","template":"page-fullwidth.php","meta":{"_acf_changed":false,"rea_page_title_signed_in_meta_block_field":"","rea_page_title_signed_out_meta_block_field":"","rea_page_description_signed_in_meta_block_field":"","rea_page_description_signed_out_meta_block_field":"","rea_page_footer_id_meta_block_field":"","rea_page_footer_date_meta_block_field":"","footnotes":""},"class_list":["post-188","page","type-page","status-publish","hentry"],"acf":[],"_links":{"self":[{"href":"https:\/\/espectroglobal.es\/publico\/wp-json\/wp\/v2\/pages\/188","targetHints":{"allow":["GET"]}}],"collection":[{"href":"https:\/\/espectroglobal.es\/publico\/wp-json\/wp\/v2\/pages"}],"about":[{"href":"https:\/\/espectroglobal.es\/publico\/wp-json\/wp\/v2\/types\/page"}],"author":[{"embeddable":true,"href":"https:\/\/espectroglobal.es\/publico\/wp-json\/wp\/v2\/users\/1"}],"replies":[{"embeddable":true,"href":"https:\/\/espectroglobal.es\/publico\/wp-json\/wp\/v2\/comments?post=188"}],"version-history":[{"count":25,"href":"https:\/\/espectroglobal.es\/publico\/wp-json\/wp\/v2\/pages\/188\/revisions"}],"predecessor-version":[{"id":3344,"href":"https:\/\/espectroglobal.es\/publico\/wp-json\/wp\/v2\/pages\/188\/revisions\/3344"}],"wp:attachment":[{"href":"https:\/\/espectroglobal.es\/publico\/wp-json\/wp\/v2\/media?parent=188"}],"curies":[{"name":"wp","href":"https:\/\/api.w.org\/{rel}","templated":true}]}}